{"id":741607,"date":"2025-08-28T00:53:07","date_gmt":"2025-08-27T21:53:07","guid":{"rendered":"https:\/\/roveyayinevi.com.tr\/index.php\/urun\/kurumlar-ve-modern-ekonominin-gelisimi\/"},"modified":"2026-04-16T02:52:46","modified_gmt":"2026-04-15T23:52:46","slug":"kurumlar-ve-modern-ekonominin-gelisimi","status":"publish","type":"product","link":"https:\/\/roveyayinevi.com.tr\/index.php\/urun\/kurumlar-ve-modern-ekonominin-gelisimi\/","title":{"rendered":"Kurumlar ve Modern Ekonominin Geli\u015fimi"},"content":{"rendered":"<p>Ekonomik, politik ve sosyal farkl\u0131l\u0131klar\u0131n, \u00e7e\u015fitli kurum ve kurumsal k\u00fclt\u00fcrleri yans\u0131tt\u0131\u011f\u0131 fikri olduk\u00e7a yayg\u0131nd\u0131r. \u00dclkelerin zenginli\u011fi veya fakirli\u011fi ya da demokratik veya diktat\u00f6rl\u00fckle y\u00f6netilmelerinin nedenine dair bir a\u00e7\u0131klama getirilmesi istendi\u011finde genellikle kurumlara ba\u015fvurulur. Ancak bu a\u00e7\u0131klamalar, kurumlar\u0131n ne oldu\u011fu, nas\u0131l ortaya \u00e7\u0131kt\u0131klar\u0131 ve neden devam ettikleri sorusunun \u00fczerini genellikle \u00f6rterler. Ayr\u0131ca bu t\u00fcr a\u00e7\u0131klamalar kurumlar\u0131n neden ge\u00e7mi\u015ften etkilendi\u011fini, neden bazen de\u011fi\u015febildiklerini, toplumdan topluma neden bu kadar farkl\u0131l\u0131k g\u00f6sterdiklerini, onlar\u0131 deneysel olarak incelemenin ve onlar\u0131 de\u011fi\u015ftirmeye y\u00f6nelik bir politika tasarlaman\u0131n neden bu denli zor oldu\u011funu a\u00e7\u0131klamakta ba\u015far\u0131s\u0131z olurlar. Kitap, s\u00f6z konusu a\u00e7\u0131klamalar\u0131n yan\u0131ts\u0131z b\u0131rakt\u0131\u011f\u0131 i\u015fte bu sorular\u0131n \u00fcstesinden gelmeyi ama\u00e7lamaktad\u0131r ve okurlar\u0131na kurumlarla ve sahip olduklar\u0131 dinamiklerle ilgili olarak \u00e7ok disiplinli bir bak\u0131\u015f a\u00e7\u0131s\u0131 sunmaktad\u0131r.    <\/p>\n","protected":false},"excerpt":{"rendered":"<p>Ekonomik, politik ve sosyal farkl\u0131l\u0131klar\u0131n, \u00e7e\u015fitli kurum ve kurumsal k\u00fclt\u00fcrleri yans\u0131tt\u0131\u011f\u0131 fikri olduk\u00e7a yayg\u0131nd\u0131r. \u00dclkelerin zenginli\u011fi veya fakirli\u011fi ya da demokratik veya diktat\u00f6rl\u00fckle y\u00f6netilmelerinin nedenine dair<span class=\"excerpt-hellip\"> [\u2026]<\/span><\/p>\n","protected":false},"featured_media":0,"template":"","meta":{"_monsterinsights_skip_tracking":false,"_monsterinsights_sitenote_active":false,"_monsterinsights_sitenote_note":"","_monsterinsights_sitenote_category":0},"product_brand":[],"product_cat":[14841,13043],"product_tag":[],"class_list":{"0":"post-741607","1":"product","2":"type-product","3":"status-publish","5":"product_cat-arastirma-inceleme-kuram","6":"product_cat-ekonomi","7":"pa_cilt-ciltsiz","8":"pa_tur-kitap","9":"pa_yayinevi-albaraka-yayinlari","10":"pa_yazar-avner-greif","12":"first","13":"instock","14":"sale","15":"shipping-taxable","16":"purchasable","17":"product-type-simple"},"_links":{"self":[{"href":"https:\/\/roveyayinevi.com.tr\/index.php\/wp-json\/wp\/v2\/product\/741607","targetHints":{"allow":["GET"]}}],"collection":[{"href":"https:\/\/roveyayinevi.com.tr\/index.php\/wp-json\/wp\/v2\/product"}],"about":[{"href":"https:\/\/roveyayinevi.com.tr\/index.php\/wp-json\/wp\/v2\/types\/product"}],"wp:attachment":[{"href":"https:\/\/roveyayinevi.com.tr\/index.php\/wp-json\/wp\/v2\/media?parent=741607"}],"wp:term":[{"taxonomy":"product_brand","embeddable":true,"href":"https:\/\/roveyayinevi.com.tr\/index.php\/wp-json\/wp\/v2\/product_brand?post=741607"},{"taxonomy":"product_cat","embeddable":true,"href":"https:\/\/roveyayinevi.com.tr\/index.php\/wp-json\/wp\/v2\/product_cat?post=741607"},{"taxonomy":"product_tag","embeddable":true,"href":"https:\/\/roveyayinevi.com.tr\/index.php\/wp-json\/wp\/v2\/product_tag?post=741607"}],"curies":[{"name":"wp","href":"https:\/\/api.w.org\/{rel}","templated":true}]}}