{"id":741606,"date":"2025-08-28T00:53:06","date_gmt":"2025-08-27T21:53:06","guid":{"rendered":"https:\/\/roveyayinevi.com.tr\/index.php\/urun\/bir-duzen-olarak-anarsi\/"},"modified":"2026-04-16T02:52:46","modified_gmt":"2026-04-15T23:52:46","slug":"bir-duzen-olarak-anarsi","status":"publish","type":"product","link":"https:\/\/roveyayinevi.com.tr\/index.php\/urun\/bir-duzen-olarak-anarsi\/","title":{"rendered":"Bir D\u00fczen Olarak Anar\u015fi"},"content":{"rendered":"<p>Bir D\u00fczen Olarak Anar\u015fi&#8217;de kaotik bir d\u00fcnya \u00e7er\u00e7evesinde anar\u015fi kavram\u0131 ele al\u0131nmakta ve toplumsal d\u00fczenin bir par\u00e7as\u0131 olan kavram\u0131n tarihsel izi s\u00fcr\u00fclmektedir. Alt\u0131 ana b\u00f6l\u00fcmden olu\u015fan bu kitapta anar\u015fi, medeni ya\u015fam\u0131n en \u00f6nemli tezah\u00fcrlerinden biri olarak g\u00f6sterilmekte ve ya\u015fam\u0131n i\u015fleyi\u015finde empoze edilmi\u015f yap\u0131lar kar\u015f\u0131s\u0131nda \u00fcstlendi\u011fi rol incelenmektedir. Nitekim anar\u015fi; itaat, sava\u015f ve e\u015fitsizlik gibi kavramlara kar\u015f\u0131 \u00f6zg\u00fcrl\u00fck, toplumsall\u0131k ve e\u015fitlik gibi sosyal unsurlar\u0131 b\u00fcnyesinde bar\u0131nd\u0131rmaktad\u0131r.  Hegemonyan\u0131n \u00f6zg\u00fcrl\u00fc\u011f\u00fcn d\u00fc\u015fman\u0131 oldu\u011funu ve \u00f6zg\u00fcrl\u00fck ile toplumun birbirini tamamlay\u0131c\u0131 unsurlar oldu\u011funu belirten M. A. Bamyeh; sava\u015f, sivil toplum, k\u00fcresel d\u00fczen, dayan\u0131\u015fma ve modern devlet yap\u0131lar\u0131n\u0131n evrimi ba\u011flam\u0131nda kapsaml\u0131 bir anar\u015fi felsefesi sunmakta ve anar\u015finin hem sosyal d\u00fczen hem de insanl\u0131k a\u00e7\u0131s\u0131ndan bir rehber olabilece\u011fini savunmaktad\u0131r.   <\/p>\n","protected":false},"excerpt":{"rendered":"<p>Bir D\u00fczen Olarak Anar\u015fi&#8217;de kaotik bir d\u00fcnya \u00e7er\u00e7evesinde anar\u015fi kavram\u0131 ele al\u0131nmakta ve toplumsal d\u00fczenin bir par\u00e7as\u0131 olan kavram\u0131n tarihsel izi s\u00fcr\u00fclmektedir. Alt\u0131 ana b\u00f6l\u00fcmden olu\u015fan<span class=\"excerpt-hellip\"> [\u2026]<\/span><\/p>\n","protected":false},"featured_media":0,"template":"","meta":{"_monsterinsights_skip_tracking":false,"_monsterinsights_sitenote_active":false,"_monsterinsights_sitenote_note":"","_monsterinsights_sitenote_category":0},"product_brand":[],"product_cat":[12835,12324],"product_tag":[],"class_list":{"0":"post-741606","1":"product","2":"type-product","3":"status-publish","5":"product_cat-genel-sosyoloji","6":"product_cat-sosyoloji","7":"pa_cilt-ciltsiz","8":"pa_tur-kitap","9":"pa_yayinevi-albaraka-yayinlari","10":"pa_yazar-mohammed-a-bamyeh","12":"first","13":"instock","14":"sale","15":"shipping-taxable","16":"purchasable","17":"product-type-simple"},"_links":{"self":[{"href":"https:\/\/roveyayinevi.com.tr\/index.php\/wp-json\/wp\/v2\/product\/741606","targetHints":{"allow":["GET"]}}],"collection":[{"href":"https:\/\/roveyayinevi.com.tr\/index.php\/wp-json\/wp\/v2\/product"}],"about":[{"href":"https:\/\/roveyayinevi.com.tr\/index.php\/wp-json\/wp\/v2\/types\/product"}],"wp:attachment":[{"href":"https:\/\/roveyayinevi.com.tr\/index.php\/wp-json\/wp\/v2\/media?parent=741606"}],"wp:term":[{"taxonomy":"product_brand","embeddable":true,"href":"https:\/\/roveyayinevi.com.tr\/index.php\/wp-json\/wp\/v2\/product_brand?post=741606"},{"taxonomy":"product_cat","embeddable":true,"href":"https:\/\/roveyayinevi.com.tr\/index.php\/wp-json\/wp\/v2\/product_cat?post=741606"},{"taxonomy":"product_tag","embeddable":true,"href":"https:\/\/roveyayinevi.com.tr\/index.php\/wp-json\/wp\/v2\/product_tag?post=741606"}],"curies":[{"name":"wp","href":"https:\/\/api.w.org\/{rel}","templated":true}]}}