{"id":741601,"date":"2025-08-28T00:52:59","date_gmt":"2025-08-27T21:52:59","guid":{"rendered":"https:\/\/roveyayinevi.com.tr\/index.php\/urun\/baslangicin-sonu\/"},"modified":"2026-04-16T02:52:46","modified_gmt":"2026-04-15T23:52:46","slug":"baslangicin-sonu","status":"publish","type":"product","link":"https:\/\/roveyayinevi.com.tr\/index.php\/urun\/baslangicin-sonu\/","title":{"rendered":"Ba\u015flang\u0131c\u0131n Sonu"},"content":{"rendered":"<p>\u201cSonun ba\u015flang\u0131c\u0131\u201d s\u0131k i\u015fitti\u011fimiz bir s\u00f6z. Bu kez \u201cba\u015flang\u0131c\u0131n sonu\u201d var kar\u015f\u0131m\u0131zda. Yetmi\u015f y\u0131ll\u0131k sosyalizm deneyimi insanl\u0131k tarihinde yeni bir ba\u015flang\u0131\u00e7t\u0131 ve \u00e7\u00f6kt\u00fc. Peki bu ba\u015flang\u0131c\u0131n sonu nas\u0131l geldi? Sovyetler\u2019in \u00e7\u00f6k\u00fc\u015f\u00fcnde ne gibi etmenler, hangi a\u011f\u0131rl\u0131klarla rol oynad\u0131? Ve belki de en \u00f6nemlisi; bu etmenleri iyi \u00e7\u00f6z\u00fcmleyebilir, onlardan gerekli dersleri \u00e7\u0131karabilirsek \u201cba\u015flang\u0131c\u0131n sonu\u201d yeni ba\u015flang\u0131\u00e7lara gebe olabilir mi? Carlos Martinez, yirmi be\u015f y\u0131l\u0131 a\u015fk\u0131n s\u00fcredir solun tart\u0131\u015fma g\u00fcndeminden d\u00fc\u015fmeyen bu konuyu, soru ve sorunlar\u0131, bu kitab\u0131nda \u00f6zl\u00fc bir bi\u00e7imde yan\u0131tlamaya \u00e7al\u0131\u015f\u0131yor. Ba\u015fka sorular ve yan\u0131t aray\u0131\u015flar\u0131yla birlikte: Ekonomide, siyasette, k\u00fclt\u00fcr ve ideoloji alanlar\u0131nda; d\u0131\u015f politikada, \u201cbar\u0131\u015f i\u00e7inde bir arada ya\u015fama\u201d \u00e7abalar\u0131nda ve silahlanma yar\u0131\u015f\u0131nda; i\u00e7eride, halk\u0131n devrimin ilk y\u0131llar\u0131ndaki co\u015fkusunu koruma ve geli\u015ftirme anlam\u0131nda neler ya\u015fand\u0131, nerelerde eksik kal\u0131nd\u0131? 1970\u2019lerden itibaren ekonomideki b\u00fcy\u00fcme e\u011filimi neden yava\u015flad\u0131, bilim ve teknolojide Bat\u0131\u2019yla girilen rekabette ne gibi hatalar yap\u0131ld\u0131? \u00c7in ile ili\u015fkiler, Macaristan ve \u00c7ekoslovakya\u2019daki m\u00fcdahaleler neleri de\u011fi\u015ftirdi? Hru\u015f\u00e7ov\u2019un \u201cdestalinizasyon politikas\u0131\u201dndan Gorba\u00e7ov\u2019a nas\u0131l bir yol uzan\u0131yor? Glasnost ve perestroyka gerekli miydi; bunlar ilk ba\u015fta nas\u0131l g\u00f6r\u00fcnd\u00fc, sonradan nas\u0131l de\u011fi\u015fti? Afganistan Sava\u015f\u0131 \u00e7\u00f6k\u00fc\u015fte ne gibi bir rol oynad\u0131? Peki ya, Gorba\u00e7ov ve ekibinin ihaneti? 1991 darbe giri\u015fimi ba\u015far\u0131l\u0131 olsayd\u0131, Sovyetler Birli\u011fi \u015fimdi t\u0131pk\u0131 \u00c7in gibi ya\u015far m\u0131yd\u0131? Ge\u00e7mi\u015f deneyimleri tart\u0131\u015fan, gelecek deneyimlerin \u00f6n\u00fcn\u00fc a\u00e7an \u201cGe\u00e7mi\u015ften Gelece\u011fe Sosyalizm\u201d dizimizde yeni bir sayfa\u2026 Carlos Martinez\u2019in \u201c\u00e7\u00f6k\u00fc\u015f\u201de d\u00f6n\u00fck ufuk a\u00e7\u0131c\u0131 anlat\u0131m\u0131yla! <\/p>\n","protected":false},"excerpt":{"rendered":"<p>\u201cSonun ba\u015flang\u0131c\u0131\u201d s\u0131k i\u015fitti\u011fimiz bir s\u00f6z. Bu kez \u201cba\u015flang\u0131c\u0131n sonu\u201d var kar\u015f\u0131m\u0131zda. Yetmi\u015f y\u0131ll\u0131k sosyalizm deneyimi insanl\u0131k tarihinde yeni bir ba\u015flang\u0131\u00e7t\u0131 ve \u00e7\u00f6kt\u00fc. Peki bu ba\u015flang\u0131c\u0131n<span class=\"excerpt-hellip\"> [\u2026]<\/span><\/p>\n","protected":false},"featured_media":0,"template":"","meta":{"_monsterinsights_skip_tracking":false,"_monsterinsights_sitenote_active":false,"_monsterinsights_sitenote_note":"","_monsterinsights_sitenote_category":0},"product_brand":[],"product_cat":[13590,12337],"product_tag":[],"class_list":{"0":"post-741601","1":"product","2":"type-product","3":"status-publish","5":"product_cat-arastirma-inceleme-politika-siyaset","6":"product_cat-politika-siyaset","7":"pa_cilt-ciltsiz","8":"pa_tur-kitap","9":"pa_yayinevi-yordam-kitap","10":"pa_yazar-carlos-martinez","12":"first","13":"instock","14":"sale","15":"shipping-taxable","16":"purchasable","17":"product-type-simple"},"_links":{"self":[{"href":"https:\/\/roveyayinevi.com.tr\/index.php\/wp-json\/wp\/v2\/product\/741601","targetHints":{"allow":["GET"]}}],"collection":[{"href":"https:\/\/roveyayinevi.com.tr\/index.php\/wp-json\/wp\/v2\/product"}],"about":[{"href":"https:\/\/roveyayinevi.com.tr\/index.php\/wp-json\/wp\/v2\/types\/product"}],"wp:attachment":[{"href":"https:\/\/roveyayinevi.com.tr\/index.php\/wp-json\/wp\/v2\/media?parent=741601"}],"wp:term":[{"taxonomy":"product_brand","embeddable":true,"href":"https:\/\/roveyayinevi.com.tr\/index.php\/wp-json\/wp\/v2\/product_brand?post=741601"},{"taxonomy":"product_cat","embeddable":true,"href":"https:\/\/roveyayinevi.com.tr\/index.php\/wp-json\/wp\/v2\/product_cat?post=741601"},{"taxonomy":"product_tag","embeddable":true,"href":"https:\/\/roveyayinevi.com.tr\/index.php\/wp-json\/wp\/v2\/product_tag?post=741601"}],"curies":[{"name":"wp","href":"https:\/\/api.w.org\/{rel}","templated":true}]}}