{"id":741599,"date":"2025-08-28T00:52:57","date_gmt":"2025-08-27T21:52:57","guid":{"rendered":"https:\/\/roveyayinevi.com.tr\/index.php\/urun\/devrim-okumalari\/"},"modified":"2026-04-16T02:52:46","modified_gmt":"2026-04-15T23:52:46","slug":"devrim-okumalari","status":"publish","type":"product","link":"https:\/\/roveyayinevi.com.tr\/index.php\/urun\/devrim-okumalari\/","title":{"rendered":"Devrim Okumalar\u0131"},"content":{"rendered":"<p>Devrim Okumalar\u0131, Britanyal\u0131 tarih\u00e7i Edward Hallett Carr\u2019\u0131n, devrimler tarihinin \u00f6nemli isimleri, eserleri ve s\u00fcre\u00e7leri \u00fczerine kaleme ald\u0131\u011f\u0131 bir dizi makalesini bir araya getiriyor. Eser, \u201c\u00f6nc\u00fc\u201d olarak nitelenen Saint-Simon\u2019a dair bir makaleyle ba\u015fl\u0131yor. Bunu, Kom\u00fcnist Manifesto\u2019yu, Manifesto\u2019nun yaz\u0131l\u0131\u015f s\u00fcrecini ve elbette yazarlar\u0131 Marx ve Engels\u2019i konu edinen bir makale takip ediyor. Akabindeyse, devrimler tarihinin iz b\u0131rakm\u0131\u015f di\u011fer pek \u00e7ok ismi ele al\u0131n\u0131yor: Proudhon, Herzen, Lassalle, Plehanov, Lenin, Sorel, Gallacher ve son olarak kendisine iki makaleyle yer verilen Stalin. Bundan ba\u015fka, eserde, 19. y\u00fczy\u0131l\u0131n kimi Rus d\u00fc\u015f\u00fcn\u00fcrleri ile ilgili, Alman Kom\u00fcnist Partisi ve Almanya\u2019da ba\u015far\u0131s\u0131zl\u0131kla sonu\u00e7lanan devrim s\u00fcreci ile ilgili yaz\u0131lar da bulunuyor. Toplamda 14 makaleden olu\u015fan Devrim Okumalar\u0131, devrimler tarihine ili\u015fkin hem \u00f6nemli bir kaynak hem de sa\u011flam bir giri\u015f kitab\u0131 olma \u00f6zelli\u011fine sahip. <\/p>\n","protected":false},"excerpt":{"rendered":"<p>Devrim Okumalar\u0131, Britanyal\u0131 tarih\u00e7i Edward Hallett Carr\u2019\u0131n, devrimler tarihinin \u00f6nemli isimleri, eserleri ve s\u00fcre\u00e7leri \u00fczerine kaleme ald\u0131\u011f\u0131 bir dizi makalesini bir araya getiriyor. Eser, \u201c\u00f6nc\u00fc\u201d olarak<span class=\"excerpt-hellip\"> [\u2026]<\/span><\/p>\n","protected":false},"featured_media":0,"template":"","meta":{"_monsterinsights_skip_tracking":false,"_monsterinsights_sitenote_active":false,"_monsterinsights_sitenote_note":"","_monsterinsights_sitenote_category":0},"product_brand":[],"product_cat":[13590,12337],"product_tag":[],"class_list":{"0":"post-741599","1":"product","2":"type-product","3":"status-publish","5":"product_cat-arastirma-inceleme-politika-siyaset","6":"product_cat-politika-siyaset","7":"pa_cilt-ciltsiz","8":"pa_tur-kitap","9":"pa_yayinevi-yordam-kitap","10":"pa_yazar-edward-hallett-carr","12":"first","13":"instock","14":"sale","15":"shipping-taxable","16":"purchasable","17":"product-type-simple"},"_links":{"self":[{"href":"https:\/\/roveyayinevi.com.tr\/index.php\/wp-json\/wp\/v2\/product\/741599","targetHints":{"allow":["GET"]}}],"collection":[{"href":"https:\/\/roveyayinevi.com.tr\/index.php\/wp-json\/wp\/v2\/product"}],"about":[{"href":"https:\/\/roveyayinevi.com.tr\/index.php\/wp-json\/wp\/v2\/types\/product"}],"wp:attachment":[{"href":"https:\/\/roveyayinevi.com.tr\/index.php\/wp-json\/wp\/v2\/media?parent=741599"}],"wp:term":[{"taxonomy":"product_brand","embeddable":true,"href":"https:\/\/roveyayinevi.com.tr\/index.php\/wp-json\/wp\/v2\/product_brand?post=741599"},{"taxonomy":"product_cat","embeddable":true,"href":"https:\/\/roveyayinevi.com.tr\/index.php\/wp-json\/wp\/v2\/product_cat?post=741599"},{"taxonomy":"product_tag","embeddable":true,"href":"https:\/\/roveyayinevi.com.tr\/index.php\/wp-json\/wp\/v2\/product_tag?post=741599"}],"curies":[{"name":"wp","href":"https:\/\/api.w.org\/{rel}","templated":true}]}}