{"id":741594,"date":"2025-08-28T00:52:50","date_gmt":"2025-08-27T21:52:50","guid":{"rendered":"https:\/\/roveyayinevi.com.tr\/index.php\/urun\/kiyisinda-kal\/"},"modified":"2026-04-16T02:52:46","modified_gmt":"2026-04-15T23:52:46","slug":"kiyisinda-kal","status":"publish","type":"product","link":"https:\/\/roveyayinevi.com.tr\/index.php\/urun\/kiyisinda-kal\/","title":{"rendered":"K\u0131y\u0131s\u0131nda Kal"},"content":{"rendered":"<p>\u201cFark\u0131nda m\u0131s\u0131n ya\u015fay\u0131p giderken \u00d6l\u00fcmle ya\u015fam\u0131n k\u0131y\u0131s\u0131nda kal Belki diyorsundur vakit \u00e7ok erken Sabahla ak\u015fam\u0131n k\u0131y\u0131s\u0131nda kal Hayat\u0131 enine boyuna g\u00f6rd\u00fcn Daha d\u00fcne kadar nas\u0131l da k\u00f6rd\u00fcn Kendine k\u00fc\u00e7\u00fcc\u00fck bir d\u00fcnya \u00f6rd\u00fcn Enlemle boylam\u0131n k\u0131y\u0131s\u0131nda kal Sab\u0131r ac\u0131 ama meyvesi tatl\u0131 G\u00fcnah da sevap da katl\u0131 m\u0131 katl\u0131 Kavu\u015fmalar yaya arzular atl\u0131 Oru\u00e7la bayram\u0131n k\u0131y\u0131s\u0131nda kal So\u011fuk ile ayaz ayn\u0131 \u015fey midir B\u00fct\u00fcn fertler sence bir birey midir \u00d6z olmayan herkes bak \u00fcvey midir Mana ile anlam\u0131n k\u0131y\u0131s\u0131nda kal Ziyaret, g\u00f6r\u00fc\u015f\u00fcn yerin tutar m\u0131 Attar koku ile ya\u011f\u0131 satar m\u0131 Koyunla kuzuyu \u00e7oban katar m\u0131 S\u00f6z ile kelam\u0131n k\u0131y\u0131s\u0131nda kal<\/p>\n","protected":false},"excerpt":{"rendered":"<p>\u201cFark\u0131nda m\u0131s\u0131n ya\u015fay\u0131p giderken \u00d6l\u00fcmle ya\u015fam\u0131n k\u0131y\u0131s\u0131nda kal Belki diyorsundur vakit \u00e7ok erken Sabahla ak\u015fam\u0131n k\u0131y\u0131s\u0131nda kal Hayat\u0131 enine boyuna g\u00f6rd\u00fcn Daha d\u00fcne kadar nas\u0131l da<span class=\"excerpt-hellip\"> [\u2026]<\/span><\/p>\n","protected":false},"featured_media":0,"template":"","meta":{"_monsterinsights_skip_tracking":false,"_monsterinsights_sitenote_active":false,"_monsterinsights_sitenote_note":"","_monsterinsights_sitenote_category":0},"product_brand":[],"product_cat":[12291,12509],"product_tag":[],"class_list":{"0":"post-741594","1":"product","2":"type-product","3":"status-publish","5":"product_cat-edebiyat","6":"product_cat-siir","7":"pa_cilt-ciltsiz","8":"pa_tur-kitap","9":"pa_yayinevi-platanus-publishing","10":"pa_yazar-metin-isik","12":"first","13":"instock","14":"sale","15":"shipping-taxable","16":"purchasable","17":"product-type-simple"},"_links":{"self":[{"href":"https:\/\/roveyayinevi.com.tr\/index.php\/wp-json\/wp\/v2\/product\/741594","targetHints":{"allow":["GET"]}}],"collection":[{"href":"https:\/\/roveyayinevi.com.tr\/index.php\/wp-json\/wp\/v2\/product"}],"about":[{"href":"https:\/\/roveyayinevi.com.tr\/index.php\/wp-json\/wp\/v2\/types\/product"}],"wp:attachment":[{"href":"https:\/\/roveyayinevi.com.tr\/index.php\/wp-json\/wp\/v2\/media?parent=741594"}],"wp:term":[{"taxonomy":"product_brand","embeddable":true,"href":"https:\/\/roveyayinevi.com.tr\/index.php\/wp-json\/wp\/v2\/product_brand?post=741594"},{"taxonomy":"product_cat","embeddable":true,"href":"https:\/\/roveyayinevi.com.tr\/index.php\/wp-json\/wp\/v2\/product_cat?post=741594"},{"taxonomy":"product_tag","embeddable":true,"href":"https:\/\/roveyayinevi.com.tr\/index.php\/wp-json\/wp\/v2\/product_tag?post=741594"}],"curies":[{"name":"wp","href":"https:\/\/api.w.org\/{rel}","templated":true}]}}