{"id":741593,"date":"2025-08-28T00:52:49","date_gmt":"2025-08-27T21:52:49","guid":{"rendered":"https:\/\/roveyayinevi.com.tr\/index.php\/urun\/kod-adi-ay\/"},"modified":"2026-04-16T02:52:46","modified_gmt":"2026-04-15T23:52:46","slug":"kod-adi-ay","status":"publish","type":"product","link":"https:\/\/roveyayinevi.com.tr\/index.php\/urun\/kod-adi-ay\/","title":{"rendered":"Kod Ad\u0131: Ay"},"content":{"rendered":"<p>\u201cYakla\u015f\u0131k bin y\u0131l D\u00fcnya\u2019ya h\u00fckmetmi\u015f bir millet olarak nas\u0131l oldu da bu kadar d\u0131\u015fa ba\u011f\u0131ml\u0131 hale geldik? Hangi ara geldik? 240 y\u0131ll\u0131k ge\u00e7mi\u015fe sahip bir devlet J\u00fcpiter\u2019e ara\u00e7 g\u00f6ndermeyi planlarken biz daha Ay\u2019a bile \u00e7\u0131kam\u0131yoruz. Bizim niye bir uzay \u00e7al\u0131\u015fmam\u0131z yok? Biz niye yapam\u0131yoruz? Bizim neyimiz eksik?\u201d Roman\u0131n kahraman\u0131 Ali Osman; saf, temiz, yard\u0131msever, kar\u0131ncay\u0131 dahi incitmemeye \u00e7al\u0131\u015fan ancak; bir yanl\u0131\u015fl\u0131k veya haks\u0131zl\u0131k g\u00f6rd\u00fc\u011f\u00fcnde susmayan, hele hele s\u00f6z konusu vatansa D\u00fcnya\u2019n\u0131n \u015fah damar\u0131n\u0131 kesmekten \u00e7ekinmeyen, g\u00f6z\u00fc kara biridir. Onun bu safl\u0131\u011f\u0131, yard\u0131mseverli\u011fi, g\u00f6z\u00fc karal\u0131\u011f\u0131 ve sivri dillili\u011fi y\u00fcz\u00fcnden ba\u015f\u0131na olmad\u0131k i\u015fler gelir. Kiminin alt\u0131ndan kalkar, kiminin alt\u0131ndan kalkamaz\u2026 Bilimkurgu ve ger\u00e7ek hayattan kesitleri harmanlayarak \u00fcretmeye \u00e7al\u0131\u015ft\u0131\u011f\u0131m bu ilk eserimde \u00fclkemizin gelecekteki uzay \u00e7al\u0131\u015fmalar\u0131yla T\u00fcrkiye\u2019nin ilk astronotu olabilmek ve Ay\u2019a \u00e7\u0131karak bayra\u011f\u0131m\u0131z dalgaland\u0131rmak i\u00e7in m\u00fccadele eden Ali Osman\u2019\u0131 kurgulamaya \u00e7al\u0131\u015ft\u0131m. \u00dclkemizin uzay \u00e7al\u0131\u015fmalar\u0131n\u0131 kurguda de\u011fil ger\u00e7ekte, Ay Y\u0131ld\u0131zl\u0131 Bayra\u011f\u0131m\u0131z\u0131n  da uzay\u0131n en y\u00fckse\u011finde dalgaland\u0131\u011f\u0131 g\u00fcnleri g\u00f6rebilmek dile\u011fiyle.<\/p>\n","protected":false},"excerpt":{"rendered":"<p>\u201cYakla\u015f\u0131k bin y\u0131l D\u00fcnya\u2019ya h\u00fckmetmi\u015f bir millet olarak nas\u0131l oldu da bu kadar d\u0131\u015fa ba\u011f\u0131ml\u0131 hale geldik? Hangi ara geldik? 240 y\u0131ll\u0131k ge\u00e7mi\u015fe sahip bir devlet<span class=\"excerpt-hellip\"> [\u2026]<\/span><\/p>\n","protected":false},"featured_media":0,"template":"","meta":{"_monsterinsights_skip_tracking":false,"_monsterinsights_sitenote_active":false,"_monsterinsights_sitenote_note":"","_monsterinsights_sitenote_category":0},"product_brand":[],"product_cat":[12291,12711],"product_tag":[],"class_list":{"0":"post-741593","1":"product","2":"type-product","3":"status-publish","5":"product_cat-edebiyat","6":"product_cat-roman-oyku","7":"pa_cilt-ciltsiz","8":"pa_tur-kitap","9":"pa_yayinevi-platanus-publishing","10":"pa_yazar-hasan-ozturk","12":"first","13":"instock","14":"sale","15":"shipping-taxable","16":"purchasable","17":"product-type-simple"},"_links":{"self":[{"href":"https:\/\/roveyayinevi.com.tr\/index.php\/wp-json\/wp\/v2\/product\/741593","targetHints":{"allow":["GET"]}}],"collection":[{"href":"https:\/\/roveyayinevi.com.tr\/index.php\/wp-json\/wp\/v2\/product"}],"about":[{"href":"https:\/\/roveyayinevi.com.tr\/index.php\/wp-json\/wp\/v2\/types\/product"}],"wp:attachment":[{"href":"https:\/\/roveyayinevi.com.tr\/index.php\/wp-json\/wp\/v2\/media?parent=741593"}],"wp:term":[{"taxonomy":"product_brand","embeddable":true,"href":"https:\/\/roveyayinevi.com.tr\/index.php\/wp-json\/wp\/v2\/product_brand?post=741593"},{"taxonomy":"product_cat","embeddable":true,"href":"https:\/\/roveyayinevi.com.tr\/index.php\/wp-json\/wp\/v2\/product_cat?post=741593"},{"taxonomy":"product_tag","embeddable":true,"href":"https:\/\/roveyayinevi.com.tr\/index.php\/wp-json\/wp\/v2\/product_tag?post=741593"}],"curies":[{"name":"wp","href":"https:\/\/api.w.org\/{rel}","templated":true}]}}