{"id":741590,"date":"2025-08-28T00:52:45","date_gmt":"2025-08-27T21:52:45","guid":{"rendered":"https:\/\/roveyayinevi.com.tr\/index.php\/urun\/anaokuluna-ne-zaman-nerede-nasil-baslamali\/"},"modified":"2026-04-16T02:52:46","modified_gmt":"2026-04-15T23:52:46","slug":"anaokuluna-ne-zaman-nerede-nasil-baslamali","status":"publish","type":"product","link":"https:\/\/roveyayinevi.com.tr\/index.php\/urun\/anaokuluna-ne-zaman-nerede-nasil-baslamali\/","title":{"rendered":"Anaokuluna Ne Zaman, Nerede, Nas\u0131l Ba\u015flamal\u0131?"},"content":{"rendered":"<p>Sizin i\u00e7in ve \u00e7ocu\u011funuz i\u00e7in en uygun anaokulu hangisidir? Bebe\u011finizin do\u011fumundan itibaren ba\u015flayarak okula uyum s\u00fcrecini sa\u011fl\u0131kl\u0131 ge\u00e7irmesi i\u00e7in nelerin yap\u0131lmas\u0131 gerekir? Anaokulu tercihi yaparken, en az \u00f6\u011frencisi olan okulu mu, en \u00e7ok tercih edilen okulu mu, en iyi \u00f6\u011fretmeni olan okulu mu tercih etmelisiniz? Okula uyum s\u00fcrecinde neler yap\u0131lmal\u0131d\u0131r? \u00c7ocu\u011funuz okulda yeni \u015feyler \u00f6\u011freniyor mu? Mutlu mu? Okulu neden sevmiyor? S\u0131n\u0131f i\u00e7erisinde haks\u0131zl\u0131\u011fa u\u011fruyor mu? Arkada\u015flar\u0131na kar\u015f\u0131 hakk\u0131n\u0131 savunabiliyor mu? Okulda ya\u015fad\u0131\u011f\u0131n\u0131 s\u00f6yledi\u011fi \u015feyler sizi korkutuyor mu? Okula ba\u015flad\u0131\u011f\u0131 g\u00fcnden bu yana \u00e7ok mu stresli? Zay\u0131flad\u0131 m\u0131? S\u0131n\u0131f i\u00e7inde aktif mi yoksa pasif mi? Okulun giri\u015finde a\u011flad\u0131\u011f\u0131nda \u00f6\u011fretmeninin s\u00f6yledi\u011fi gibi \u201cbe\u015f dakika i\u00e7inde\u201d hemen susuyor mu? \u00c7ocuklar\u0131n davran\u0131\u015flar\u0131 ve davran\u0131\u015f geli\u015ftirme evrelerinde neler oluyor? Yukar\u0131dakiler gibi ailelerin \u00e7ok merak etti\u011fi sorular\u0131n cevaplar\u0131n\u0131 bulabilece\u011finiz bu kitap, \u00e7ocuklar\u0131 anaokuluna ba\u015flayan ailelerin ba\u015fucu kitab\u0131 olmaya adayd\u0131r. Ya\u015fanm\u0131\u015f ger\u00e7ek deneyimlere dayanan \u00f6rnekler, ailelerin ya\u015fad\u0131\u011f\u0131 olaylar\u0131n benzerlerini hatta birebir ayn\u0131s\u0131n\u0131 ya\u015fayan ba\u015fka ailelerin de oldu\u011funu g\u00f6rmenizi sa\u011flayacakt\u0131r.  Benzer durumlar\u0131 ya\u015fayan ailelerin ve \u00e7ocuklar\u0131n bir sonraki s\u00fcre\u00e7lerini g\u00f6rerek, sizin i\u00e7in s\u00fcrecin nas\u0131l seyredece\u011fi ile ilgili fikirler elde edeceksiniz. Anaokul kurucular\u0131, \u00f6\u011fretmenler, veliler ve \u00e7ocuklarla ilgili sevgi dolu u\u011fra\u015flar\u0131 olan b\u00fct\u00fcn kitap severlere tavsiye edilir.<\/p>\n","protected":false},"excerpt":{"rendered":"<p>Sizin i\u00e7in ve \u00e7ocu\u011funuz i\u00e7in en uygun anaokulu hangisidir? Bebe\u011finizin do\u011fumundan itibaren ba\u015flayarak okula uyum s\u00fcrecini sa\u011fl\u0131kl\u0131 ge\u00e7irmesi i\u00e7in nelerin yap\u0131lmas\u0131 gerekir? Anaokulu tercihi yaparken, en<span class=\"excerpt-hellip\"> [\u2026]<\/span><\/p>\n","protected":false},"featured_media":0,"template":"","meta":{"_monsterinsights_skip_tracking":false,"_monsterinsights_sitenote_active":false,"_monsterinsights_sitenote_note":"","_monsterinsights_sitenote_category":0},"product_brand":[],"product_cat":[14787,13488],"product_tag":[],"class_list":{"0":"post-741590","1":"product","2":"type-product","3":"status-publish","5":"product_cat-diger-toplum-ve-insan","6":"product_cat-toplum-ve-insan","7":"pa_cilt-ciltsiz","8":"pa_tur-kitap","9":"pa_yayinevi-bambuk-yayinevi","10":"pa_yazar-serap-sahin","12":"first","13":"instock","14":"sale","15":"shipping-taxable","16":"purchasable","17":"product-type-simple"},"_links":{"self":[{"href":"https:\/\/roveyayinevi.com.tr\/index.php\/wp-json\/wp\/v2\/product\/741590","targetHints":{"allow":["GET"]}}],"collection":[{"href":"https:\/\/roveyayinevi.com.tr\/index.php\/wp-json\/wp\/v2\/product"}],"about":[{"href":"https:\/\/roveyayinevi.com.tr\/index.php\/wp-json\/wp\/v2\/types\/product"}],"wp:attachment":[{"href":"https:\/\/roveyayinevi.com.tr\/index.php\/wp-json\/wp\/v2\/media?parent=741590"}],"wp:term":[{"taxonomy":"product_brand","embeddable":true,"href":"https:\/\/roveyayinevi.com.tr\/index.php\/wp-json\/wp\/v2\/product_brand?post=741590"},{"taxonomy":"product_cat","embeddable":true,"href":"https:\/\/roveyayinevi.com.tr\/index.php\/wp-json\/wp\/v2\/product_cat?post=741590"},{"taxonomy":"product_tag","embeddable":true,"href":"https:\/\/roveyayinevi.com.tr\/index.php\/wp-json\/wp\/v2\/product_tag?post=741590"}],"curies":[{"name":"wp","href":"https:\/\/api.w.org\/{rel}","templated":true}]}}