{"id":741589,"date":"2025-08-28T00:52:44","date_gmt":"2025-08-27T21:52:44","guid":{"rendered":"https:\/\/roveyayinevi.com.tr\/index.php\/urun\/simdi-yemek-zamani-hizli-hayatlara-pratik-ve-lezzetli-tarifler\/"},"modified":"2026-04-16T02:52:46","modified_gmt":"2026-04-15T23:52:46","slug":"simdi-yemek-zamani-hizli-hayatlara-pratik-ve-lezzetli-tarifler","status":"publish","type":"product","link":"https:\/\/roveyayinevi.com.tr\/index.php\/urun\/simdi-yemek-zamani-hizli-hayatlara-pratik-ve-lezzetli-tarifler\/","title":{"rendered":"\u015eimdi Yemek Zaman\u0131  H\u0131zl\u0131 Hayatlara Pratik Ve Lezzetli Tarifler"},"content":{"rendered":"<p>\u201c\u015e\u0130MD\u0130 YEMEK ZAMANI SAYES\u0130NDE BEN\u0130M YEMEK YAPMA Y\u00d6NTEMLER\u0130MLE TANI\u015eACAKSINIZ, ZAMANLA S\u0130Z DE BEN\u0130M YOLUMDAN GELECEKS\u0130N\u0130Z VE FARKINA B\u0130LE VARMADAN B\u0130R ANDA ZAMANI AKILLICA KULLANAN B\u0130R \u015eEFE D\u00d6N\u00dc\u015eECEKS\u0130N\u0130Z.\u201d \u00c7ok sevilen Netflix program\u0131 Time to Eat\u2019in sunucusu ve The Great British Baking Show\u2019un kazanan\u0131 Nadiya Hussain, aile sofralar\u0131n\u0131z i\u00e7in uygulayaca\u011f\u0131n\u0131z 100 farkl\u0131 pratik tarifi sizinle bulu\u015fturuyor. Nadiya Hussain g\u00fcn boyu ev ahalisine yemek haz\u0131rlaman\u0131n, hele bir de tam zamanl\u0131 bir i\u015fle me\u015fgulseniz mutfakta vakit ge\u00e7irmenin nas\u0131l yorucu bir i\u015f oldu\u011funu pek\u00e2l\u00e2 biliyor. \u015eimdi Yemek Zaman\u0131, tam da bu yorgunlu\u011fu dindirmeyi hedefliyor; t\u00fcm ailenizin sevece\u011fi h\u0131zl\u0131 ve basit tariflerle hafta i\u00e7i ak\u015fam yemeklerine ve yo\u011fun g\u00fcnler i\u00e7in yemek sofralar\u0131na \u00e7\u00f6z\u00fcmler \u00fcretiyor. Bu basit tariflerle sadece \u00e7abuk ve kolay yemekler yapmayacaks\u0131n\u0131z, ayn\u0131 anda birden fazla yemek yaparken s\u0131f\u0131r at\u0131\u011f\u0131 m\u00fcmk\u00fcn k\u0131lacak \u00e7\u00f6z\u00fcmleri de \u00f6\u011freneceksiniz.   \u201cBu tarifler i\u015fe yar\u0131yor&#8230; Hussain en iyi \u015feflerden.\u201d                                                                  &#8211; The Times   \u201cM\u00fcthi\u015f h\u0131zl\u0131, stressiz tarifler.\u201d                                                                 &#8211; Daily Express   \u201cYemek sanat\u0131n\u0131n yeni krali\u00e7esini birlikte selaml\u0131yoruz.\u201d                                                                                       &#8211; Sun <\/p>\n","protected":false},"excerpt":{"rendered":"<p>\u201c\u015e\u0130MD\u0130 YEMEK ZAMANI SAYES\u0130NDE BEN\u0130M YEMEK YAPMA Y\u00d6NTEMLER\u0130MLE TANI\u015eACAKSINIZ, ZAMANLA S\u0130Z DE BEN\u0130M YOLUMDAN GELECEKS\u0130N\u0130Z VE FARKINA B\u0130LE VARMADAN B\u0130R ANDA ZAMANI AKILLICA KULLANAN B\u0130R \u015eEFE<span class=\"excerpt-hellip\"> [\u2026]<\/span><\/p>\n","protected":false},"featured_media":0,"template":"","meta":{"_monsterinsights_skip_tracking":false,"_monsterinsights_sitenote_active":false,"_monsterinsights_sitenote_note":"","_monsterinsights_sitenote_category":0},"product_brand":[],"product_cat":[12457],"product_tag":[],"class_list":{"0":"post-741589","1":"product","2":"type-product","3":"status-publish","5":"product_cat-yemek-kitaplari","6":"pa_cilt-ciltsiz","7":"pa_tur-kitap","8":"pa_yayinevi-dusbaz-kitaplar","9":"pa_yazar-nadiya-hussain","11":"first","12":"instock","13":"sale","14":"shipping-taxable","15":"purchasable","16":"product-type-simple"},"_links":{"self":[{"href":"https:\/\/roveyayinevi.com.tr\/index.php\/wp-json\/wp\/v2\/product\/741589","targetHints":{"allow":["GET"]}}],"collection":[{"href":"https:\/\/roveyayinevi.com.tr\/index.php\/wp-json\/wp\/v2\/product"}],"about":[{"href":"https:\/\/roveyayinevi.com.tr\/index.php\/wp-json\/wp\/v2\/types\/product"}],"wp:attachment":[{"href":"https:\/\/roveyayinevi.com.tr\/index.php\/wp-json\/wp\/v2\/media?parent=741589"}],"wp:term":[{"taxonomy":"product_brand","embeddable":true,"href":"https:\/\/roveyayinevi.com.tr\/index.php\/wp-json\/wp\/v2\/product_brand?post=741589"},{"taxonomy":"product_cat","embeddable":true,"href":"https:\/\/roveyayinevi.com.tr\/index.php\/wp-json\/wp\/v2\/product_cat?post=741589"},{"taxonomy":"product_tag","embeddable":true,"href":"https:\/\/roveyayinevi.com.tr\/index.php\/wp-json\/wp\/v2\/product_tag?post=741589"}],"curies":[{"name":"wp","href":"https:\/\/api.w.org\/{rel}","templated":true}]}}