{"id":741586,"date":"2025-08-28T00:52:41","date_gmt":"2025-08-27T21:52:41","guid":{"rendered":"https:\/\/roveyayinevi.com.tr\/index.php\/urun\/daha-geride-kalanlar\/"},"modified":"2026-04-16T02:52:46","modified_gmt":"2026-04-15T23:52:46","slug":"daha-geride-kalanlar","status":"publish","type":"product","link":"https:\/\/roveyayinevi.com.tr\/index.php\/urun\/daha-geride-kalanlar\/","title":{"rendered":"Daha Geride Kalanlar"},"content":{"rendered":"<p>D\u00fcnya \u00fczerinden kaybolan milyonlarca insan, \u00e7\u00f6lde bir peygamber, Uzi\u2019li melekler, Deccal\u2019in y\u00f6netiminde yedi y\u0131l ve d\u00fcnyan\u0131n sonunda kurulan bir rock grubu\u2026 Terry Bisson\u2019\u0131n ta\u015flamalarla dolu eseri Daha Geride Kalanlar, d\u00fcnyadaki varl\u0131\u011f\u0131n\u0131za bamba\u015fka bir a\u00e7\u0131dan bakman\u0131z\u0131 sa\u011flayacak. \u201cToprak reformu\u201d dedi General Kreig gururla arkas\u0131ndaki z\u0131rhl\u0131 buldozeri i\u015faret ederek. Buldozer iki katl\u0131 bir evi y\u0131k\u0131yor, Arap ba\u015f \u00f6rt\u00fcl\u00fc kad\u0131nlar feryat ediyor, m\u00fcdahale edemeden bak\u0131yorlard\u0131. \u201c\u00c7\u00f6le \u00e7i\u00e7ek a\u00e7t\u0131r\u0131yoruz.\u201d \u00d6zel G\u00f6relilik oyunu ise eski dostlar\u0131yla bir \u00f6\u011fleden sonra daha ge\u00e7irebilmek i\u00e7in \u00f6l\u00fcmden d\u00f6nmeyi ba\u015faran Einstein\u2019\u0131n, misafirleriyle birlikte gelecekteki bir siyasi protesto haz\u0131rl\u0131\u011f\u0131na denk gelmesini ve kendileri gibi eylemci gen\u00e7lerle ge\u00e7mi\u015fi anmas\u0131n\u0131 i\u015fliyor.   TERRY BISSON 12 \u015eubat 1942\u2019de Kentucky, Owensboro\u2019da do\u011fan Amerikan bilimkurgu ve fantezi yazar\u0131 Terry Bisson, Yeni Sol ve Eski G\u00fcney\u2019le \u015fekillenmi\u015f bir kalemke\u015f. Pek \u00e7ok roman\u0131 aras\u0131nda Talking Man (1986), Fire on the Mountain (1988), Voyage to the Red Planet (1990), Pirates of the Universe (1996) ve The Pickup Artist (2001) say\u0131labilir. 1990 tarihli k\u0131sa \u00f6yk\u00fcs\u00fc \u201cBears Discover Fire\u201d hem Hugo hem de Nebula \u00f6d\u00fcllerini kazand\u0131. T\u00fcm\u00fcyle diyaloglardan olu\u015fan ve iki kez de sinemaya uyarlanan \u00f6yk\u00fcs\u00fc \u201cThey\u2019re Made Out of Meat\u201d ise son birka\u00e7 on y\u0131l\u0131n en \u00e7ok yeniden bas\u0131lan bilimkurgu \u00f6yk\u00fclerinden biri olarak literat\u00fcre ge\u00e7ti. Gazete ve dergiler i\u00e7in makaleler yazmas\u0131n\u0131n yan\u0131 s\u0131ra, film senaryolar\u0131, tiyatro oyunlar\u0131, \u00e7izgi romanlar ve Boba Fett maceralar\u0131 kaleme ald\u0131. Ayn\u0131 zamanda bir edit\u00f6r ve araba tamircisi de olan yazar, ya\u015fam\u0131n\u0131 Kaliforniya\u2019da s\u00fcrd\u00fcr\u00fcyor. <\/p>\n","protected":false},"excerpt":{"rendered":"<p>D\u00fcnya \u00fczerinden kaybolan milyonlarca insan, \u00e7\u00f6lde bir peygamber, Uzi\u2019li melekler, Deccal\u2019in y\u00f6netiminde yedi y\u0131l ve d\u00fcnyan\u0131n sonunda kurulan bir rock grubu\u2026 Terry Bisson\u2019\u0131n ta\u015flamalarla dolu eseri<span class=\"excerpt-hellip\"> [\u2026]<\/span><\/p>\n","protected":false},"featured_media":0,"template":"","meta":{"_monsterinsights_skip_tracking":false,"_monsterinsights_sitenote_active":false,"_monsterinsights_sitenote_note":"","_monsterinsights_sitenote_category":0},"product_brand":[],"product_cat":[12540,12291],"product_tag":[],"class_list":{"0":"post-741586","1":"product","2":"type-product","3":"status-publish","5":"product_cat-bilim-kurgu","6":"product_cat-edebiyat","7":"pa_cilt-ciltsiz","8":"pa_tur-kitap","9":"pa_yayinevi-ayrinti-yayinlari","10":"pa_yazar-terry-bisson","12":"first","13":"instock","14":"sale","15":"shipping-taxable","16":"purchasable","17":"product-type-simple"},"_links":{"self":[{"href":"https:\/\/roveyayinevi.com.tr\/index.php\/wp-json\/wp\/v2\/product\/741586","targetHints":{"allow":["GET"]}}],"collection":[{"href":"https:\/\/roveyayinevi.com.tr\/index.php\/wp-json\/wp\/v2\/product"}],"about":[{"href":"https:\/\/roveyayinevi.com.tr\/index.php\/wp-json\/wp\/v2\/types\/product"}],"wp:attachment":[{"href":"https:\/\/roveyayinevi.com.tr\/index.php\/wp-json\/wp\/v2\/media?parent=741586"}],"wp:term":[{"taxonomy":"product_brand","embeddable":true,"href":"https:\/\/roveyayinevi.com.tr\/index.php\/wp-json\/wp\/v2\/product_brand?post=741586"},{"taxonomy":"product_cat","embeddable":true,"href":"https:\/\/roveyayinevi.com.tr\/index.php\/wp-json\/wp\/v2\/product_cat?post=741586"},{"taxonomy":"product_tag","embeddable":true,"href":"https:\/\/roveyayinevi.com.tr\/index.php\/wp-json\/wp\/v2\/product_tag?post=741586"}],"curies":[{"name":"wp","href":"https:\/\/api.w.org\/{rel}","templated":true}]}}