{"id":741585,"date":"2025-08-28T00:52:40","date_gmt":"2025-08-27T21:52:40","guid":{"rendered":"https:\/\/roveyayinevi.com.tr\/index.php\/urun\/dinsel-efsanelerin-kokeni\/"},"modified":"2026-04-16T02:52:46","modified_gmt":"2026-04-15T23:52:46","slug":"dinsel-efsanelerin-kokeni","status":"publish","type":"product","link":"https:\/\/roveyayinevi.com.tr\/index.php\/urun\/dinsel-efsanelerin-kokeni\/","title":{"rendered":"Dinsel Efsanelerin K\u00f6keni"},"content":{"rendered":"<p>Bu kitap mevcut dinler tarihi literat\u00fcr\u00fcne ve tarihsel \u00e7al\u0131\u015fmalara Marksist d\u00fcnya g\u00f6r\u00fc\u015f\u00fcn\u00fcn ele\u015ftirel g\u00f6zl\u00fckleriyle bakan on y\u0131ll\u0131k bir ara\u015ft\u0131rman\u0131n \u00fcr\u00fcn\u00fcd\u00fcr. Karl Kautsky\u2019nin H\u0131ristiyanl\u0131\u011f\u0131n K\u00f6kenleri \u00e7al\u0131\u015fmas\u0131ndan esinlenen John Pickard, \u00e7al\u0131\u015fmas\u0131n\u0131 di\u011fer iki yayg\u0131n dini de kapsayacak \u015fekilde geni\u015fleterek, s\u00f6z konusu dinlerin temsilcisi peygamberlere ili\u015fkin anlat\u0131lar\u0131 sorgular. Yery\u00fcz\u00fcne dair kadim ba\u015flang\u0131\u00e7lar ve k\u00f6kler (\u201cBa\u015flang\u0131\u00e7ta s\u00f6z vard\u0131\u201d) tart\u0131\u015fmas\u0131n\u0131n izini s\u00fcren Pickard, Marx\u2019\u0131n deyi\u015fiyle, radikal olman\u0131n meselenin k\u00f6klerini anlamaktan ge\u00e7ti\u011finin alt\u0131n\u0131 \u00e7izer. Senkretizmin en \u00f6zl\u00fc temsili, ortak k\u00f6klere sahip \u00fc\u00e7 semavi dinin incelenmesini metinler aras\u0131 okumalar\u0131n \u00f6tesinde tarihsel materyalizmin \u0131\u015f\u0131\u011f\u0131nda ele alan bu eser, ex nihilo, yani hi\u00e7ten var etme mitinin her f\u0131rsatta alt\u0131n\u0131 oyar. Kutsal metinleri ve d\u00f6nemin di\u011fer kaynaklar\u0131n\u0131 tarihsel okumalar temelinde \u00fcretici g\u00fc\u00e7lerin dinami\u011fi ve arkeolojik bulgularla destekleyen yazar, \u201cm\u00fcjdelenen s\u00f6z\u201d \u00e7er\u00e7evesinde a\u015fk\u0131nsal, do\u011fa\u00fcst\u00fc olan\u0131n y\u00fcceltilip her f\u0131rsatta bedenin ve en a\u015fa\u011f\u0131daki yoksullar\u0131n hedef al\u0131nd\u0131\u011f\u0131n\u0131 ortaya koyar. Nitekim, zenginli\u011fin yoksullara k\u0131smen \u201cpay edilmesini\u201d ancak iman (fides), yani sadakat ile ba\u011flanma temelinde \u015fart ko\u015fan \u00f6rg\u00fctl\u00fc dinsel g\u00fc\u00e7ler, ilahi g\u00fc\u00e7le insan aras\u0131ndaki rab\u0131tay\u0131 -\u201crel(l)igio\u201d- tekellerine al\u0131p kendilerine tabi k\u0131ld\u0131klar\u0131 \u00f6l\u00e7\u00fcde din niteli\u011fini kazanmaktad\u0131r. Kitap, Rabbinik hareketle ba\u015flay\u0131p daha sonras\u0131nda piskoposluk ve \u0130slami cemaatler yoluyla sosyal yard\u0131mlar ad\u0131 alt\u0131nda \u00f6rg\u00fctlenen geleneklerin g\u00fcn\u00fcm\u00fcz iktidarlar\u0131n\u0131n en \u00f6nemli yat\u0131r\u0131m\u0131 oldu\u011funu da g\u00f6zler \u00f6n\u00fcne sermektedir. \u00d6rg\u00fctl\u00fc dinleri, s\u0131n\u0131fl\u0131-devletli toplumlar\u0131n ideolojik ayg\u0131tlar\u0131na ve ayn\u0131 mant\u0131kla yanl\u0131\u015f bilince indirgenmesi riskine dikkat \u00e7eken yazar, \u00e7\u00f6z\u00fcm\u00fc Faustvari bir deyi\u015fle, \u201cba\u015flang\u0131\u00e7ta eylem vard\u0131\u201d nidas\u0131yla sokakta ve s\u0131n\u0131f m\u00fccadelesinde arar. <\/p>\n","protected":false},"excerpt":{"rendered":"<p>Bu kitap mevcut dinler tarihi literat\u00fcr\u00fcne ve tarihsel \u00e7al\u0131\u015fmalara Marksist d\u00fcnya g\u00f6r\u00fc\u015f\u00fcn\u00fcn ele\u015ftirel g\u00f6zl\u00fckleriyle bakan on y\u0131ll\u0131k bir ara\u015ft\u0131rman\u0131n \u00fcr\u00fcn\u00fcd\u00fcr. Karl Kautsky\u2019nin H\u0131ristiyanl\u0131\u011f\u0131n K\u00f6kenleri \u00e7al\u0131\u015fmas\u0131ndan esinlenen<span class=\"excerpt-hellip\"> [\u2026]<\/span><\/p>\n","protected":false},"featured_media":0,"template":"","meta":{"_monsterinsights_skip_tracking":false,"_monsterinsights_sitenote_active":false,"_monsterinsights_sitenote_note":"","_monsterinsights_sitenote_category":0},"product_brand":[],"product_cat":[12718],"product_tag":[],"class_list":{"0":"post-741585","1":"product","2":"type-product","3":"status-publish","5":"product_cat-din","6":"pa_cilt-ciltsiz","7":"pa_tur-kitap","8":"pa_yayinevi-ayrinti-yayinlari","9":"pa_yazar-john-pickard","11":"first","12":"instock","13":"sale","14":"shipping-taxable","15":"purchasable","16":"product-type-simple"},"_links":{"self":[{"href":"https:\/\/roveyayinevi.com.tr\/index.php\/wp-json\/wp\/v2\/product\/741585","targetHints":{"allow":["GET"]}}],"collection":[{"href":"https:\/\/roveyayinevi.com.tr\/index.php\/wp-json\/wp\/v2\/product"}],"about":[{"href":"https:\/\/roveyayinevi.com.tr\/index.php\/wp-json\/wp\/v2\/types\/product"}],"wp:attachment":[{"href":"https:\/\/roveyayinevi.com.tr\/index.php\/wp-json\/wp\/v2\/media?parent=741585"}],"wp:term":[{"taxonomy":"product_brand","embeddable":true,"href":"https:\/\/roveyayinevi.com.tr\/index.php\/wp-json\/wp\/v2\/product_brand?post=741585"},{"taxonomy":"product_cat","embeddable":true,"href":"https:\/\/roveyayinevi.com.tr\/index.php\/wp-json\/wp\/v2\/product_cat?post=741585"},{"taxonomy":"product_tag","embeddable":true,"href":"https:\/\/roveyayinevi.com.tr\/index.php\/wp-json\/wp\/v2\/product_tag?post=741585"}],"curies":[{"name":"wp","href":"https:\/\/api.w.org\/{rel}","templated":true}]}}