{"id":741581,"date":"2025-08-28T00:52:35","date_gmt":"2025-08-27T21:52:35","guid":{"rendered":"https:\/\/roveyayinevi.com.tr\/index.php\/urun\/kinali-agrilar\/"},"modified":"2026-04-16T02:52:45","modified_gmt":"2026-04-15T23:52:45","slug":"kinali-agrilar","status":"publish","type":"product","link":"https:\/\/roveyayinevi.com.tr\/index.php\/urun\/kinali-agrilar\/","title":{"rendered":"K\u0131nal\u0131 A\u011fr\u0131lar"},"content":{"rendered":"<p>Karda\u015f, Yaray\u0131m be karda\u015f \u0130\u00e7ime d\u0131\u015f\u0131ma can k\u0131r\u0131klar\u0131 Sapl\u0131yorlar ecele itercesine Beterim be karda\u015f Ald\u0131\u011f\u0131m solu\u011fun nefesini Kesiyorlar Savunmas\u0131z\u0131m be karda\u015f Cinayetimin faili oluyorlar Yorgunum be karda\u015f \u00dczerimde cellatlar tepiniyor <\/p>\n","protected":false},"excerpt":{"rendered":"<p>Karda\u015f, Yaray\u0131m be karda\u015f \u0130\u00e7ime d\u0131\u015f\u0131ma can k\u0131r\u0131klar\u0131 Sapl\u0131yorlar ecele itercesine Beterim be karda\u015f Ald\u0131\u011f\u0131m solu\u011fun nefesini Kesiyorlar Savunmas\u0131z\u0131m be karda\u015f Cinayetimin faili oluyorlar Yorgunum be<span class=\"excerpt-hellip\"> [\u2026]<\/span><\/p>\n","protected":false},"featured_media":0,"template":"","meta":{"_monsterinsights_skip_tracking":false,"_monsterinsights_sitenote_active":false,"_monsterinsights_sitenote_note":"","_monsterinsights_sitenote_category":0},"product_brand":[],"product_cat":[12291,12509],"product_tag":[],"class_list":{"0":"post-741581","1":"product","2":"type-product","3":"status-publish","5":"product_cat-edebiyat","6":"product_cat-siir","7":"pa_cilt-ciltsiz","8":"pa_tur-kitap","9":"pa_yayinevi-kitap-muptelasi-yayinlari","10":"pa_yazar-tulay-turkan","12":"first","13":"instock","14":"sale","15":"shipping-taxable","16":"purchasable","17":"product-type-simple"},"_links":{"self":[{"href":"https:\/\/roveyayinevi.com.tr\/index.php\/wp-json\/wp\/v2\/product\/741581","targetHints":{"allow":["GET"]}}],"collection":[{"href":"https:\/\/roveyayinevi.com.tr\/index.php\/wp-json\/wp\/v2\/product"}],"about":[{"href":"https:\/\/roveyayinevi.com.tr\/index.php\/wp-json\/wp\/v2\/types\/product"}],"wp:attachment":[{"href":"https:\/\/roveyayinevi.com.tr\/index.php\/wp-json\/wp\/v2\/media?parent=741581"}],"wp:term":[{"taxonomy":"product_brand","embeddable":true,"href":"https:\/\/roveyayinevi.com.tr\/index.php\/wp-json\/wp\/v2\/product_brand?post=741581"},{"taxonomy":"product_cat","embeddable":true,"href":"https:\/\/roveyayinevi.com.tr\/index.php\/wp-json\/wp\/v2\/product_cat?post=741581"},{"taxonomy":"product_tag","embeddable":true,"href":"https:\/\/roveyayinevi.com.tr\/index.php\/wp-json\/wp\/v2\/product_tag?post=741581"}],"curies":[{"name":"wp","href":"https:\/\/api.w.org\/{rel}","templated":true}]}}