{"id":741579,"date":"2025-08-28T00:52:32","date_gmt":"2025-08-27T21:52:32","guid":{"rendered":"https:\/\/roveyayinevi.com.tr\/index.php\/urun\/gicir-bicir\/"},"modified":"2026-04-16T02:52:45","modified_gmt":"2026-04-15T23:52:45","slug":"gicir-bicir","status":"publish","type":"product","link":"https:\/\/roveyayinevi.com.tr\/index.php\/urun\/gicir-bicir\/","title":{"rendered":"G\u0131c\u0131r &amp; B\u0131c\u0131r"},"content":{"rendered":"<p>Resimli kitap okurlar\u0131 ikiye ayr\u0131l\u0131r: Zachariah Ohora\u2019n\u0131n e\u011flenceli ve reng\u00e2renk d\u00fcnyas\u0131yla tan\u0131\u015fanlar ve tan\u0131\u015fmayanlar\u2026 Bazen yeni bir arkada\u015f sand\u0131\u011f\u0131n\u0131zdan daha yak\u0131nd\u0131r. G\u0131c\u0131r ve B\u0131c\u0131r birbirine \u00e7ok benziyor ama asl\u0131nda \u00e7ok farkl\u0131lar. G\u0131c\u0131r peynirli cips yemeyi, B\u0131c\u0131r kulakl\u0131k tak\u0131p sevdi\u011fi \u015fark\u0131lar\u0131 dinlemeyi seviyor. Ancak her iki kedinin de ortak bir yan\u0131 var: Arkada\u015f olmay\u0131 ve ya\u015fad\u0131klar\u0131 apartman\u0131n pencerelerinden birbirlerine bakmay\u0131 \u00e7ok seviyorlar. Bir g\u00fcn G\u0131c\u0131r ve B\u0131c\u0131r, y\u00fcz y\u00fcze bulu\u015fma zaman\u0131n\u0131n geldi\u011fine karar verir. Ancak zamanlama hatas\u0131yla birbirlerinin evlerine gittiklerinde, sahipleri G\u0131c\u0131r\u2019\u0131n B\u0131c\u0131r, B\u0131c\u0131r\u2019\u0131n G\u0131c\u0131r oldu\u011funu d\u00fc\u015f\u00fcn\u00fcrler! G\u0131c\u0131r ve B\u0131c\u0131r ger\u00e7ek evlerine d\u00f6nebilecekler mi ve en \u00f6nemlisi insanlar\u0131 bir araya getirebilecekler mi?<\/p>\n","protected":false},"excerpt":{"rendered":"<p>Resimli kitap okurlar\u0131 ikiye ayr\u0131l\u0131r: Zachariah Ohora\u2019n\u0131n e\u011flenceli ve reng\u00e2renk d\u00fcnyas\u0131yla tan\u0131\u015fanlar ve tan\u0131\u015fmayanlar\u2026 Bazen yeni bir arkada\u015f sand\u0131\u011f\u0131n\u0131zdan daha yak\u0131nd\u0131r. G\u0131c\u0131r ve B\u0131c\u0131r birbirine \u00e7ok<span class=\"excerpt-hellip\"> [\u2026]<\/span><\/p>\n","protected":false},"featured_media":0,"template":"","meta":{"_monsterinsights_skip_tracking":false,"_monsterinsights_sitenote_active":false,"_monsterinsights_sitenote_note":"","_monsterinsights_sitenote_category":0},"product_brand":[],"product_cat":[12274,12523],"product_tag":[],"class_list":{"0":"post-741579","1":"product","2":"type-product","3":"status-publish","5":"product_cat-cocuk-ve-genclik-kitaplari","6":"product_cat-masallar","7":"pa_cilt-ciltsiz","8":"pa_tur-kitap","9":"pa_yayinevi-cinar-yayinlari","10":"pa_yazar-zachariah-ohara","12":"first","13":"instock","14":"sale","15":"shipping-taxable","16":"purchasable","17":"product-type-simple"},"_links":{"self":[{"href":"https:\/\/roveyayinevi.com.tr\/index.php\/wp-json\/wp\/v2\/product\/741579","targetHints":{"allow":["GET"]}}],"collection":[{"href":"https:\/\/roveyayinevi.com.tr\/index.php\/wp-json\/wp\/v2\/product"}],"about":[{"href":"https:\/\/roveyayinevi.com.tr\/index.php\/wp-json\/wp\/v2\/types\/product"}],"wp:attachment":[{"href":"https:\/\/roveyayinevi.com.tr\/index.php\/wp-json\/wp\/v2\/media?parent=741579"}],"wp:term":[{"taxonomy":"product_brand","embeddable":true,"href":"https:\/\/roveyayinevi.com.tr\/index.php\/wp-json\/wp\/v2\/product_brand?post=741579"},{"taxonomy":"product_cat","embeddable":true,"href":"https:\/\/roveyayinevi.com.tr\/index.php\/wp-json\/wp\/v2\/product_cat?post=741579"},{"taxonomy":"product_tag","embeddable":true,"href":"https:\/\/roveyayinevi.com.tr\/index.php\/wp-json\/wp\/v2\/product_tag?post=741579"}],"curies":[{"name":"wp","href":"https:\/\/api.w.org\/{rel}","templated":true}]}}