{"id":741575,"date":"2025-08-28T00:52:27","date_gmt":"2025-08-27T21:52:27","guid":{"rendered":"https:\/\/roveyayinevi.com.tr\/index.php\/urun\/yalnizlik-gustosu\/"},"modified":"2026-04-16T02:52:45","modified_gmt":"2026-04-15T23:52:45","slug":"yalnizlik-gustosu","status":"publish","type":"product","link":"https:\/\/roveyayinevi.com.tr\/index.php\/urun\/yalnizlik-gustosu\/","title":{"rendered":"Yaln\u0131zl\u0131k Gustosu"},"content":{"rendered":"<p>Ne de olsa toplumun k\u00fclt\u00fcrl\u00fc sokak \u00e7ocuklar\u0131yd\u0131 \u015fairler! ki onlar, onlar i\u00e7in edebiyat; u\u00e7uruma gelmi\u015f insanlar\u0131n d\u00fc\u015fene kadar yazd\u0131klar\u0131yd\u0131 sadece   <\/p>\n","protected":false},"excerpt":{"rendered":"<p>Ne de olsa toplumun k\u00fclt\u00fcrl\u00fc sokak \u00e7ocuklar\u0131yd\u0131 \u015fairler! ki onlar, onlar i\u00e7in edebiyat; u\u00e7uruma gelmi\u015f insanlar\u0131n d\u00fc\u015fene kadar yazd\u0131klar\u0131yd\u0131 sadece<\/p>\n","protected":false},"featured_media":0,"template":"","meta":{"_monsterinsights_skip_tracking":false,"_monsterinsights_sitenote_active":false,"_monsterinsights_sitenote_note":"","_monsterinsights_sitenote_category":0},"product_brand":[],"product_cat":[12291,12509],"product_tag":[],"class_list":{"0":"post-741575","1":"product","2":"type-product","3":"status-publish","5":"product_cat-edebiyat","6":"product_cat-siir","7":"pa_cilt-ciltsiz","8":"pa_tur-kitap","9":"pa_yayinevi-dallan-yayinlari","10":"pa_yazar-ozgur-sevkan","12":"first","13":"instock","14":"sale","15":"shipping-taxable","16":"purchasable","17":"product-type-simple"},"_links":{"self":[{"href":"https:\/\/roveyayinevi.com.tr\/index.php\/wp-json\/wp\/v2\/product\/741575","targetHints":{"allow":["GET"]}}],"collection":[{"href":"https:\/\/roveyayinevi.com.tr\/index.php\/wp-json\/wp\/v2\/product"}],"about":[{"href":"https:\/\/roveyayinevi.com.tr\/index.php\/wp-json\/wp\/v2\/types\/product"}],"wp:attachment":[{"href":"https:\/\/roveyayinevi.com.tr\/index.php\/wp-json\/wp\/v2\/media?parent=741575"}],"wp:term":[{"taxonomy":"product_brand","embeddable":true,"href":"https:\/\/roveyayinevi.com.tr\/index.php\/wp-json\/wp\/v2\/product_brand?post=741575"},{"taxonomy":"product_cat","embeddable":true,"href":"https:\/\/roveyayinevi.com.tr\/index.php\/wp-json\/wp\/v2\/product_cat?post=741575"},{"taxonomy":"product_tag","embeddable":true,"href":"https:\/\/roveyayinevi.com.tr\/index.php\/wp-json\/wp\/v2\/product_tag?post=741575"}],"curies":[{"name":"wp","href":"https:\/\/api.w.org\/{rel}","templated":true}]}}