{"id":741573,"date":"2025-08-28T00:52:24","date_gmt":"2025-08-27T21:52:24","guid":{"rendered":"https:\/\/roveyayinevi.com.tr\/index.php\/urun\/eyfel\/"},"modified":"2026-04-16T02:52:45","modified_gmt":"2026-04-15T23:52:45","slug":"eyfel","status":"publish","type":"product","link":"https:\/\/roveyayinevi.com.tr\/index.php\/urun\/eyfel\/","title":{"rendered":"Eyfel"},"content":{"rendered":"<p>1886 y\u0131l\u0131n\u0131n Paris\u2019i\u2026 Champ-de-Mars\u2019\u0131n ortas\u0131na in\u015fa etmeye giri\u015fti\u011fi metal kulesine b\u00fcy\u00fck bir tutku duyan Gustave Eiffel, onu \u201c\u00e7elikten maskaral\u0131k\u201d olarak g\u00f6renlere ald\u0131rmadan \u015fantiyesinde gece g\u00fcnd\u00fcz \u00e7al\u0131\u015f\u0131r. Bu iddial\u0131 proje yaln\u0131zca Evrensel Sergi i\u00e7in de\u011fil, yeniden eski g\u00fcc\u00fcne inanmak isteyen Fransa i\u00e7in de son derece \u00f6nemlidir. Fakat \u201cdemirin sihirbaz\u0131\u201d lakapl\u0131 Eiffel\u2019i m\u00fckemmel formu yakalamak i\u00e7in b\u0131k\u0131p usanmadan \u00e7al\u0131\u015fmaya iten gizemli bir sebep daha vard\u0131r. Ticaret Bakan\u0131\u2019n\u0131n evindeki ak\u015fam yeme\u011finde, \u00e7\u0131lg\u0131n kule fikrini t\u00fcm Paris sosyetesinin \u00f6n\u00fcnde ortaya att\u0131ktan sonra m\u00fchendis esrarengiz bir g\u00fc\u00e7 taraf\u0131ndan ele ge\u00e7irilmi\u015f gibidir. Ayn\u0131 gece ortaya \u00e7\u0131kan eski sevgilisi Adrienne, her \u015feyi yeniden \u015fekillendirmi\u015ftir. Gustave bir ayd\u0131nlanma ya\u015far: Tabandan tepeye d\u00fcmd\u00fcz bir \u00e7izgi de\u011fil, yeniden hayat bulan, ya\u015fayan bir kavis tasarlamal\u0131d\u0131r; t\u0131pk\u0131 sevgilisinin ensesinden a\u015fa\u011f\u0131ya boylu boyunca uzanan, s\u0131rt\u0131ndaki o b\u00fcy\u00fcleyici kavis gibi&#8230; \u201cBir d\u00fc\u015f in\u015fa edece\u011fiz!\u201d O g\u00fcnden sonra bu b\u00fcy\u00fck \u201cA\u201d harfi Gustave\u2019\u0131n hayat\u0131n\u0131n tutunma noktas\u0131 haline gelir. Paris\u2019in g\u00f6ky\u00fcz\u00fcne t\u0131rmanan kulesi bulutlar\u0131 delip ge\u00e7meye ve \u015fehri fethetmeye haz\u0131rd\u0131r&#8230;   <\/p>\n","protected":false},"excerpt":{"rendered":"<p>1886 y\u0131l\u0131n\u0131n Paris\u2019i\u2026 Champ-de-Mars\u2019\u0131n ortas\u0131na in\u015fa etmeye giri\u015fti\u011fi metal kulesine b\u00fcy\u00fck bir tutku duyan Gustave Eiffel, onu \u201c\u00e7elikten maskaral\u0131k\u201d olarak g\u00f6renlere ald\u0131rmadan \u015fantiyesinde gece g\u00fcnd\u00fcz \u00e7al\u0131\u015f\u0131r.<span class=\"excerpt-hellip\"> [\u2026]<\/span><\/p>\n","protected":false},"featured_media":0,"template":"","meta":{"_monsterinsights_skip_tracking":false,"_monsterinsights_sitenote_active":false,"_monsterinsights_sitenote_note":"","_monsterinsights_sitenote_category":0},"product_brand":[],"product_cat":[12291,12711],"product_tag":[],"class_list":{"0":"post-741573","1":"product","2":"type-product","3":"status-publish","5":"product_cat-edebiyat","6":"product_cat-roman-oyku","7":"pa_cilt-ciltsiz","8":"pa_tur-kitap","9":"pa_yayinevi-nemesis-kitap","10":"pa_yazar-nicolas-destienne-dorves","12":"first","13":"instock","14":"sale","15":"shipping-taxable","16":"purchasable","17":"product-type-simple"},"_links":{"self":[{"href":"https:\/\/roveyayinevi.com.tr\/index.php\/wp-json\/wp\/v2\/product\/741573","targetHints":{"allow":["GET"]}}],"collection":[{"href":"https:\/\/roveyayinevi.com.tr\/index.php\/wp-json\/wp\/v2\/product"}],"about":[{"href":"https:\/\/roveyayinevi.com.tr\/index.php\/wp-json\/wp\/v2\/types\/product"}],"wp:attachment":[{"href":"https:\/\/roveyayinevi.com.tr\/index.php\/wp-json\/wp\/v2\/media?parent=741573"}],"wp:term":[{"taxonomy":"product_brand","embeddable":true,"href":"https:\/\/roveyayinevi.com.tr\/index.php\/wp-json\/wp\/v2\/product_brand?post=741573"},{"taxonomy":"product_cat","embeddable":true,"href":"https:\/\/roveyayinevi.com.tr\/index.php\/wp-json\/wp\/v2\/product_cat?post=741573"},{"taxonomy":"product_tag","embeddable":true,"href":"https:\/\/roveyayinevi.com.tr\/index.php\/wp-json\/wp\/v2\/product_tag?post=741573"}],"curies":[{"name":"wp","href":"https:\/\/api.w.org\/{rel}","templated":true}]}}