{"id":741572,"date":"2025-08-28T00:52:22","date_gmt":"2025-08-27T21:52:22","guid":{"rendered":"https:\/\/roveyayinevi.com.tr\/index.php\/urun\/olumsuzlugun-anahtari\/"},"modified":"2026-04-16T02:52:45","modified_gmt":"2026-04-15T23:52:45","slug":"olumsuzlugun-anahtari","status":"publish","type":"product","link":"https:\/\/roveyayinevi.com.tr\/index.php\/urun\/olumsuzlugun-anahtari\/","title":{"rendered":"\u00d6l\u00fcms\u00fczl\u00fc\u011f\u00fcn Anahtar\u0131"},"content":{"rendered":"<p>\u00d6l\u00fcms\u00fczl\u00fck,  insanl\u0131\u011f\u0131n antik \u00e7a\u011flardan beri pesinde ko\u015ftu\u011fu ve elde etmek i\u00e7in her \u015feyi yapmaya haz\u0131r oldu\u011fu kutsal k\u00e2sedir. Peki ya \u00f6l\u00fcms\u00fczl\u00fc\u011f\u00fcn s\u0131rr\u0131, kadim zamanlardan beri b\u00fcy\u00fck generaller ve ordular\u0131 taraf\u0131ndan aranan bir eserin, \u00d6l\u00fcler Kitab\u0131&#8217;n\u0131n i\u00e7inde sakl\u0131ysa? Peki ya okullarda bize toprak, g\u00fc\u00e7 ve zenginlik u\u011fruna yap\u0131ld\u0131\u011f\u0131 \u00f6\u011fretilen sava\u015flar\u0131n nedeni bamba\u015fkaysa? Ya ger\u00e7ek neden \u00f6l\u00fcms\u00fczl\u00fc\u011f\u00fcn anahtar\u0131ysa?   Bu s\u00fcr\u00fckleyici roman, bizleri, g\u00fc\u00e7l\u00fc Ptolemy klan\u0131n\u0131n korumas\u0131ndaki \u00d6l\u00fcler Kitab\u0131 u\u011fruna yap\u0131lan modern bir zaman yolculu\u011funa \u00e7\u0131kar\u0131yor. Tarihi gizemler, efsaneler ve entrikalarla \u00f6r\u00fcl\u00fc bir a\u011fda; gizli topluluklar, g\u00fcvenlik te\u015fkilatlar\u0131, k\u00f6kten dinci gruplar ve modern devletler bu kitab\u0131n pe\u015findeler. Ve \u00d6l\u00fcler Kitab\u0131&#8217;n\u0131n ilk muhaf\u0131z\u0131, M\u0131s\u0131r Tanr\u0131s\u0131 Osiris&#8217;le aras\u0131ndaki ba\u011f\u0131n hen\u00fcz fark\u0131nda olmayan \u00e7apk\u0131n bilim insan\u0131 Mac Lewit ise otuz \u00fc\u00e7\u00fcnc\u00fc ya\u015f g\u00fcn\u00fcnde hik\u00e2yeye d\u00e2hil oluyor.     \u201c\u00d6l\u00fcms\u00fczl\u00fc\u011f\u00fcn Anahtar\u0131, okuru New York, \u0130skenderiye, \u0130stanbul ve Akdeniz co\u011frafyas\u0131n\u0131n g\u00f6z al\u0131c\u0131 topraklar\u0131na g\u00f6t\u00fcr\u00fcyor. M\u0131s\u0131r Tanr\u0131lar\u0131, eski ordular, tarihi \u015fahsiyetler ve g\u00fcn\u00fcm\u00fcz\u00fcn macera tutkunlar\u0131n\u0131n yolunun; b\u00fcy\u00fck komplolar, gizemli semboller ve kadim s\u0131rlarla dolu bir tap\u0131nakta kesi\u015fti\u011fi heyecan verici bir olay \u00f6rg\u00fcs\u00fc.\u201d Yazar Goran Karanovic   \u201cYazar\u0131n ak\u0131c\u0131 \u00fcslubuna n\u00fcfuz eden engin tarih bilgisi, hik\u00e2yeyi her an dinamik tutacak k\u0131vamda bir renk kat\u0131yor ve baz\u0131 \u015feyleri ancak kitab\u0131 okuduktan sonra, tamamen beklenmedik bir \u015fekilde \u00f6\u011freniyoruz.\u201d Yazar Dragan Marljanovic<\/p>\n","protected":false},"excerpt":{"rendered":"<p>\u00d6l\u00fcms\u00fczl\u00fck, insanl\u0131\u011f\u0131n antik \u00e7a\u011flardan beri pesinde ko\u015ftu\u011fu ve elde etmek i\u00e7in her \u015feyi yapmaya haz\u0131r oldu\u011fu kutsal k\u00e2sedir. Peki ya \u00f6l\u00fcms\u00fczl\u00fc\u011f\u00fcn s\u0131rr\u0131, kadim zamanlardan beri b\u00fcy\u00fck<span class=\"excerpt-hellip\"> [\u2026]<\/span><\/p>\n","protected":false},"featured_media":0,"template":"","meta":{"_monsterinsights_skip_tracking":false,"_monsterinsights_sitenote_active":false,"_monsterinsights_sitenote_note":"","_monsterinsights_sitenote_category":0},"product_brand":[],"product_cat":[12291,14777],"product_tag":[],"class_list":{"0":"post-741572","1":"product","2":"type-product","3":"status-publish","5":"product_cat-edebiyat","6":"product_cat-fantastik","7":"pa_cilt-ciltsiz","8":"pa_tur-kitap","9":"pa_yayinevi-theseus-yayinevi","10":"pa_yazar-hari-slipicevic","12":"first","13":"instock","14":"sale","15":"shipping-taxable","16":"purchasable","17":"product-type-simple"},"_links":{"self":[{"href":"https:\/\/roveyayinevi.com.tr\/index.php\/wp-json\/wp\/v2\/product\/741572","targetHints":{"allow":["GET"]}}],"collection":[{"href":"https:\/\/roveyayinevi.com.tr\/index.php\/wp-json\/wp\/v2\/product"}],"about":[{"href":"https:\/\/roveyayinevi.com.tr\/index.php\/wp-json\/wp\/v2\/types\/product"}],"wp:attachment":[{"href":"https:\/\/roveyayinevi.com.tr\/index.php\/wp-json\/wp\/v2\/media?parent=741572"}],"wp:term":[{"taxonomy":"product_brand","embeddable":true,"href":"https:\/\/roveyayinevi.com.tr\/index.php\/wp-json\/wp\/v2\/product_brand?post=741572"},{"taxonomy":"product_cat","embeddable":true,"href":"https:\/\/roveyayinevi.com.tr\/index.php\/wp-json\/wp\/v2\/product_cat?post=741572"},{"taxonomy":"product_tag","embeddable":true,"href":"https:\/\/roveyayinevi.com.tr\/index.php\/wp-json\/wp\/v2\/product_tag?post=741572"}],"curies":[{"name":"wp","href":"https:\/\/api.w.org\/{rel}","templated":true}]}}