{"id":741571,"date":"2025-08-28T00:52:22","date_gmt":"2025-08-27T21:52:22","guid":{"rendered":"https:\/\/roveyayinevi.com.tr\/index.php\/urun\/multidisipliner-yaklasimla-iktisadi-kriz-olgusu\/"},"modified":"2026-04-16T02:52:45","modified_gmt":"2026-04-15T23:52:45","slug":"multidisipliner-yaklasimla-iktisadi-kriz-olgusu","status":"publish","type":"product","link":"https:\/\/roveyayinevi.com.tr\/index.php\/urun\/multidisipliner-yaklasimla-iktisadi-kriz-olgusu\/","title":{"rendered":"Multidisipliner Yakla\u015f\u0131mla \u0130ktisadi Kriz Olgusu"},"content":{"rendered":"<p>\u0130\u00e7indekiler     \u00b7         CUMHUR\u0130YET DEVR\u0130MLER\u0130NDEN G\u00dcN\u00dcM\u00dcZE KADIN HUKUKU   \u00b7         SE\u00c7\u0130LM\u0130\u015e ORTA DO\u011eU \u00dcLKELER\u0130NDE KADIN \u0130ST\u0130HDAMI VE KALKINMA \u0130L\u0130\u015eK\u0130S\u0130     \u00b7         SE\u00c7\u0130LM\u0130\u015e AVRUPA \u00dcLKELER\u0130NDE PANDEM\u0130, KADIN \u0130\u015eS\u0130ZL\u0130\u011e\u0130 VE GIDAYA ER\u0130\u015e\u0130M SORUNU \u00b7         COVID-19\u2019UN K\u00dcRESEL T\u0130CARET VE T\u0130CARET POL\u0130T\u0130KALARINA ETK\u0130S\u0130   \u00b7         KRED\u0130 DERECELEND\u0130RME KURULU\u015eLARININ NOT DE\u011eERLEND\u0130RMELER\u0130NDE KULLANDIKLARI FAKT\u00d6RLER\u0130N \u0130NCELENMES\u0130: T\u00dcRK\u0130YE \u00d6RNE\u011e\u0130     \u00b7         C\u0130NS\u0130YET\u00c7\u0130 \u0130KIY\u00dcZL\u00dcL\u00dcK KAVRAMI TEMEL\u0130NDE HEGEMON\u0130K ANNEL\u0130\u011e\u0130N YEN\u0130DEN \u00dcRET\u0130M   <\/p>\n","protected":false},"excerpt":{"rendered":"<p>\u0130\u00e7indekiler \u00b7 CUMHUR\u0130YET DEVR\u0130MLER\u0130NDEN G\u00dcN\u00dcM\u00dcZE KADIN HUKUKU \u00b7 SE\u00c7\u0130LM\u0130\u015e ORTA DO\u011eU \u00dcLKELER\u0130NDE KADIN \u0130ST\u0130HDAMI VE KALKINMA \u0130L\u0130\u015eK\u0130S\u0130 \u00b7 SE\u00c7\u0130LM\u0130\u015e AVRUPA \u00dcLKELER\u0130NDE PANDEM\u0130, KADIN \u0130\u015eS\u0130ZL\u0130\u011e\u0130 VE GIDAYA<span class=\"excerpt-hellip\"> [\u2026]<\/span><\/p>\n","protected":false},"featured_media":0,"template":"","meta":{"_monsterinsights_skip_tracking":false,"_monsterinsights_sitenote_active":false,"_monsterinsights_sitenote_note":"","_monsterinsights_sitenote_category":0},"product_brand":[],"product_cat":[12573,12566],"product_tag":[],"class_list":{"0":"post-741571","1":"product","2":"type-product","3":"status-publish","5":"product_cat-akademik-kitaplar","6":"product_cat-egitim","7":"pa_cilt-ciltsiz","8":"pa_tur-kitap","9":"pa_yayinevi-gazi-kitabevi","10":"pa_yazar-gazi-kitabevi-kolektif","12":"first","13":"instock","14":"sale","15":"shipping-taxable","16":"purchasable","17":"product-type-simple"},"_links":{"self":[{"href":"https:\/\/roveyayinevi.com.tr\/index.php\/wp-json\/wp\/v2\/product\/741571","targetHints":{"allow":["GET"]}}],"collection":[{"href":"https:\/\/roveyayinevi.com.tr\/index.php\/wp-json\/wp\/v2\/product"}],"about":[{"href":"https:\/\/roveyayinevi.com.tr\/index.php\/wp-json\/wp\/v2\/types\/product"}],"wp:attachment":[{"href":"https:\/\/roveyayinevi.com.tr\/index.php\/wp-json\/wp\/v2\/media?parent=741571"}],"wp:term":[{"taxonomy":"product_brand","embeddable":true,"href":"https:\/\/roveyayinevi.com.tr\/index.php\/wp-json\/wp\/v2\/product_brand?post=741571"},{"taxonomy":"product_cat","embeddable":true,"href":"https:\/\/roveyayinevi.com.tr\/index.php\/wp-json\/wp\/v2\/product_cat?post=741571"},{"taxonomy":"product_tag","embeddable":true,"href":"https:\/\/roveyayinevi.com.tr\/index.php\/wp-json\/wp\/v2\/product_tag?post=741571"}],"curies":[{"name":"wp","href":"https:\/\/api.w.org\/{rel}","templated":true}]}}