{"id":741570,"date":"2025-08-28T00:52:21","date_gmt":"2025-08-27T21:52:21","guid":{"rendered":"https:\/\/roveyayinevi.com.tr\/index.php\/urun\/covid-19-un-finansal-ekonomik-ve-sosyal-etkileri-uzerine-arastirmalar\/"},"modified":"2026-04-16T02:52:45","modified_gmt":"2026-04-15T23:52:45","slug":"covid-19-un-finansal-ekonomik-ve-sosyal-etkileri-uzerine-arastirmalar","status":"publish","type":"product","link":"https:\/\/roveyayinevi.com.tr\/index.php\/urun\/covid-19-un-finansal-ekonomik-ve-sosyal-etkileri-uzerine-arastirmalar\/","title":{"rendered":"Covid-19&#8242; un Finansal, Ekonomik ve Sosyal Etkileri \u00dczerine Ara\u015ft\u0131rmalar"},"content":{"rendered":"<p>\u0130\u00e7indekiler   \u00b7         INITIAL PERFORMANCE AND INDUSTRY CLUSTERING OF INITIAL PUBLIC OFFERINGS (IPOs) DURING COVID-19: EV\u0130DENCE FROM THE ISTANBUL STOCK EXCHANGE   \u00b7         REFLECTION OF SELECTED FINANCIAL INDICATORS\u2019 UNCERTAINTY ON THE BIST100 DURING THE PANDEMIC TIMES   \u00b7         COVID-19 PANDEM\u0120 S\u00dcREC\u0120NDE ALINAN TEDB\u0130RLER\u0130N B\u0130REYLER\u0130N F\u0130NANSAL DURUMLARINA ETK\u0130S\u0130NE Y\u00d6NEL\u0130K B\u0130R ALAN ARA\u015eTIRMASI: \u015eANLIURFA \u00d6RNE\u011e\u0130 \u00b7         COVID-19\u2019 UN T\u00dcRK BANKACILIK SEKT\u00d6R\u00dcNDEK\u0130 H\u0130ZMET DA\u011eITIM KANALLARI VE \u0130ST\u0130HDAM D\u00dcZEY\u0130 \u00dcZER\u0130NDEK\u0130 ETK\u0130LER\u0130     \u00b7         COVID-19&#8217;UN GEL\u0130\u015eMEKTE OLAN \u00dcLKELER \u00c7ER\u00c7EVES\u0130NDE ULUSLARARASI T\u0130CARET \u00dcZER\u0130NDEK\u0130 ETK\u0130S\u0130   \u00b7         COVID-19 SALGINININ EKONOM\u0130K ETK\u0130LER\u0130 \u00dcZER\u0130NE     \u00b7         COVID-19 VE VIX KORKU ENDEKS\u0130 ARASINDAK\u0130 NEDENSELL\u0130K \u0130L\u0130\u015eK\u0130S\u0130N\u0130N \u0130NCELENMES\u0130   \u00b7         COVID-19 PANDEM\u0130S\u0130 \u0130\u015e-A\u0130LE \u00c7ATI\u015eMASINI ETK\u0130LER M\u0130?     \u00b7         COVID-19 SA\u011eLIK \u015eOKU VE MAKRO \u0130KT\u0130SAD\u0130 ANAL\u0130Z\u0130   \u00b7         COVID-19 SALGINININ \u0130\u015eG\u00dcC\u00dc P\u0130YASALARINA ETK\u0130S\u0130     <\/p>\n","protected":false},"excerpt":{"rendered":"<p>\u0130\u00e7indekiler \u00b7 INITIAL PERFORMANCE AND INDUSTRY CLUSTERING OF INITIAL PUBLIC OFFERINGS (IPOs) DURING COVID-19: EV\u0130DENCE FROM THE ISTANBUL STOCK EXCHANGE \u00b7 REFLECTION OF SELECTED FINANCIAL INDICATORS\u2019<span class=\"excerpt-hellip\"> [\u2026]<\/span><\/p>\n","protected":false},"featured_media":0,"template":"","meta":{"_monsterinsights_skip_tracking":false,"_monsterinsights_sitenote_active":false,"_monsterinsights_sitenote_note":"","_monsterinsights_sitenote_category":0},"product_brand":[],"product_cat":[12573,12566],"product_tag":[],"class_list":{"0":"post-741570","1":"product","2":"type-product","3":"status-publish","5":"product_cat-akademik-kitaplar","6":"product_cat-egitim","7":"pa_cilt-ciltsiz","8":"pa_tur-kitap","9":"pa_yayinevi-gazi-kitabevi","10":"pa_yazar-abdulkadir-barut","11":"pa_yazar-metin-ilbasmis","13":"first","14":"instock","15":"sale","16":"shipping-taxable","17":"purchasable","18":"product-type-simple"},"_links":{"self":[{"href":"https:\/\/roveyayinevi.com.tr\/index.php\/wp-json\/wp\/v2\/product\/741570","targetHints":{"allow":["GET"]}}],"collection":[{"href":"https:\/\/roveyayinevi.com.tr\/index.php\/wp-json\/wp\/v2\/product"}],"about":[{"href":"https:\/\/roveyayinevi.com.tr\/index.php\/wp-json\/wp\/v2\/types\/product"}],"wp:attachment":[{"href":"https:\/\/roveyayinevi.com.tr\/index.php\/wp-json\/wp\/v2\/media?parent=741570"}],"wp:term":[{"taxonomy":"product_brand","embeddable":true,"href":"https:\/\/roveyayinevi.com.tr\/index.php\/wp-json\/wp\/v2\/product_brand?post=741570"},{"taxonomy":"product_cat","embeddable":true,"href":"https:\/\/roveyayinevi.com.tr\/index.php\/wp-json\/wp\/v2\/product_cat?post=741570"},{"taxonomy":"product_tag","embeddable":true,"href":"https:\/\/roveyayinevi.com.tr\/index.php\/wp-json\/wp\/v2\/product_tag?post=741570"}],"curies":[{"name":"wp","href":"https:\/\/api.w.org\/{rel}","templated":true}]}}