{"id":741569,"date":"2025-08-28T00:52:19","date_gmt":"2025-08-27T21:52:19","guid":{"rendered":"https:\/\/roveyayinevi.com.tr\/index.php\/urun\/lutfen-beni-yeme\/"},"modified":"2026-04-16T02:52:45","modified_gmt":"2026-04-15T23:52:45","slug":"lutfen-beni-yeme","status":"publish","type":"product","link":"https:\/\/roveyayinevi.com.tr\/index.php\/urun\/lutfen-beni-yeme\/","title":{"rendered":"L\u00fctfen Beni Yeme!"},"content":{"rendered":"<p>K\u00fc\u00e7\u00fck solucan Umtiti\u2019nin yer alt\u0131ndaki yuvas\u0131 bir g\u00fcn korkun\u00e7 bir g\u00fcr\u00fclt\u00fcyle sars\u0131ld\u0131. Neler oldu\u011funu g\u00f6rmek i\u00e7in kafas\u0131n\u0131 d\u0131\u015far\u0131 uzatt\u0131\u011f\u0131ndaysa kocaman g\u00f6zleri, ibi\u011fi ve gagas\u0131yla bir horozla kar\u015f\u0131la\u015ft\u0131. Karn\u0131 \u00e7ok ac\u0131kan horoz, Umtiti\u2019yi g\u00f6rd\u00fc\u011f\u00fcne \u00e7ok sevindi. Onu mideye indirmeye kararl\u0131yd\u0131! Ancak k\u00fc\u00e7\u00fck solucan\u0131n akl\u0131na bir fikir gelince horozla anla\u015fma yapt\u0131lar. Horoz onu yemeyecekti ama Umtiti her g\u00fcn onun karn\u0131n\u0131 doyuracak lezzetli yiyecekler haz\u0131rlayacakt\u0131. K\u00fc\u00e7\u00fck solucan bu anla\u015fman\u0131n hayat\u0131n\u0131 mahvedece\u011fini elbette bilemezdi! Neyse ki arkada\u015flar\u0131 vard\u0131\u2026<\/p>\n","protected":false},"excerpt":{"rendered":"<p>K\u00fc\u00e7\u00fck solucan Umtiti\u2019nin yer alt\u0131ndaki yuvas\u0131 bir g\u00fcn korkun\u00e7 bir g\u00fcr\u00fclt\u00fcyle sars\u0131ld\u0131. Neler oldu\u011funu g\u00f6rmek i\u00e7in kafas\u0131n\u0131 d\u0131\u015far\u0131 uzatt\u0131\u011f\u0131ndaysa kocaman g\u00f6zleri, ibi\u011fi ve gagas\u0131yla bir horozla<span class=\"excerpt-hellip\"> [\u2026]<\/span><\/p>\n","protected":false},"featured_media":0,"template":"","meta":{"_monsterinsights_skip_tracking":false,"_monsterinsights_sitenote_active":false,"_monsterinsights_sitenote_note":"","_monsterinsights_sitenote_category":0},"product_brand":[],"product_cat":[12913,12274],"product_tag":[],"class_list":{"0":"post-741569","1":"product","2":"type-product","3":"status-publish","5":"product_cat-3-6-yas-kitaplari","6":"product_cat-cocuk-ve-genclik-kitaplari","7":"pa_cilt-ciltsiz","8":"pa_tur-kitap","9":"pa_yayinevi-ithaki-yayinlari","10":"pa_yazar-serap-gurbulak-bicici","12":"first","13":"instock","14":"sale","15":"shipping-taxable","16":"purchasable","17":"product-type-simple"},"_links":{"self":[{"href":"https:\/\/roveyayinevi.com.tr\/index.php\/wp-json\/wp\/v2\/product\/741569","targetHints":{"allow":["GET"]}}],"collection":[{"href":"https:\/\/roveyayinevi.com.tr\/index.php\/wp-json\/wp\/v2\/product"}],"about":[{"href":"https:\/\/roveyayinevi.com.tr\/index.php\/wp-json\/wp\/v2\/types\/product"}],"wp:attachment":[{"href":"https:\/\/roveyayinevi.com.tr\/index.php\/wp-json\/wp\/v2\/media?parent=741569"}],"wp:term":[{"taxonomy":"product_brand","embeddable":true,"href":"https:\/\/roveyayinevi.com.tr\/index.php\/wp-json\/wp\/v2\/product_brand?post=741569"},{"taxonomy":"product_cat","embeddable":true,"href":"https:\/\/roveyayinevi.com.tr\/index.php\/wp-json\/wp\/v2\/product_cat?post=741569"},{"taxonomy":"product_tag","embeddable":true,"href":"https:\/\/roveyayinevi.com.tr\/index.php\/wp-json\/wp\/v2\/product_tag?post=741569"}],"curies":[{"name":"wp","href":"https:\/\/api.w.org\/{rel}","templated":true}]}}