{"id":741566,"date":"2025-08-28T00:52:15","date_gmt":"2025-08-27T21:52:15","guid":{"rendered":"https:\/\/roveyayinevi.com.tr\/index.php\/urun\/gayya-kuyusu-2\/"},"modified":"2026-04-16T02:52:45","modified_gmt":"2026-04-15T23:52:45","slug":"gayya-kuyusu-2","status":"publish","type":"product","link":"https:\/\/roveyayinevi.com.tr\/index.php\/urun\/gayya-kuyusu-2\/","title":{"rendered":"Gayya Kuyusu"},"content":{"rendered":"<p>\u201c\u0130ki senelik Kad\u0131k\u00f6y hayat\u0131nda, kaynanas\u0131n\u0131n zehirli diliyle her dakika gururunun k\u0131r\u0131lmas\u0131ndan dolay\u0131 \u00e7ocukluk al\u00e7ak g\u00f6n\u00fcll\u00fcl\u00fc\u011f\u00fc yava\u015f yava\u015f kaybolmu\u015f, terbiyesiyle \u00f6rtmeye \u00e7al\u0131\u015ft\u0131\u011f\u0131 kibri sanatk\u00e2rl\u0131k gururuyla birle\u015ferek y\u00fcz g\u00f6stermi\u015fti. Rezin, art\u0131k kaynanas\u0131n\u0131n her dedi\u011fine ba\u015f e\u011fmiyor, mant\u0131kl\u0131 d\u00fc\u015f\u00fcnceleriyle haks\u0131z sald\u0131r\u0131lar\u0131n\u0131 reddediyordu.\u201dAblas\u0131 Fatma Aliye gibi kad\u0131n ayd\u0131nlanmas\u0131na dair kitaplar kaleme alan, T\u00fcrk edebiyat\u0131n\u0131n ilk kad\u0131n romanc\u0131lar\u0131ndan Emine Semiye, son roman\u0131 Gayya Kuyusu\u2019nda 1910\u2019lar \u0130stanbul\u2019unu, Balkan Sava\u015flar\u0131 ile Birinci D\u00fcnya Sava\u015f\u0131 aras\u0131ndaki o \u00e7alkant\u0131l\u0131 d\u00f6nemi anlat\u0131yor.Bir tarafta Bat\u0131l\u0131la\u015fanlar, di\u011fer tarafta ise dinlerine, g\u00f6reneklerine s\u0131k\u0131 s\u0131k\u0131ya sar\u0131lanlar. Adlar\u0131na karar verilen kad\u0131nlar; b\u00fcy\u00fckanneler, anneler, k\u0131zlar, gelinler, torunlar. \u00dcsk\u00fcdar\u2019dan \u015eemsipa\u015fa\u2019ya uzanan \u00e7apra\u015f\u0131k ili\u015fkiler, i\u015f \u00e7evirmeler, dayan\u0131\u015fmalar. T\u00fcm bunlar\u0131n ortas\u0131nda ise kendini bulmaya \u00e7al\u0131\u015fan Yekta, Eltaf ve Rezin.Emine Semiye\u2019den Gayya Kuyusu, ataerkil bir toplumda kad\u0131n olmaya dair son derece ger\u00e7ek\u00e7i bir bak\u0131\u015f a\u00e7\u0131s\u0131 sunuyor.<\/p>\n","protected":false},"excerpt":{"rendered":"<p>\u201c\u0130ki senelik Kad\u0131k\u00f6y hayat\u0131nda, kaynanas\u0131n\u0131n zehirli diliyle her dakika gururunun k\u0131r\u0131lmas\u0131ndan dolay\u0131 \u00e7ocukluk al\u00e7ak g\u00f6n\u00fcll\u00fcl\u00fc\u011f\u00fc yava\u015f yava\u015f kaybolmu\u015f, terbiyesiyle \u00f6rtmeye \u00e7al\u0131\u015ft\u0131\u011f\u0131 kibri sanatk\u00e2rl\u0131k gururuyla birle\u015ferek y\u00fcz<span class=\"excerpt-hellip\"> [\u2026]<\/span><\/p>\n","protected":false},"featured_media":0,"template":"","meta":{"_monsterinsights_skip_tracking":false,"_monsterinsights_sitenote_active":false,"_monsterinsights_sitenote_note":"","_monsterinsights_sitenote_category":0},"product_brand":[],"product_cat":[12291,12711],"product_tag":[],"class_list":{"0":"post-741566","1":"product","2":"type-product","3":"status-publish","5":"product_cat-edebiyat","6":"product_cat-roman-oyku","7":"pa_cilt-ciltsiz","8":"pa_tur-kitap","9":"pa_yayinevi-ithaki-yayinlari","10":"pa_yazar-emine-semiye","12":"first","13":"instock","14":"sale","15":"shipping-taxable","16":"purchasable","17":"product-type-simple"},"_links":{"self":[{"href":"https:\/\/roveyayinevi.com.tr\/index.php\/wp-json\/wp\/v2\/product\/741566","targetHints":{"allow":["GET"]}}],"collection":[{"href":"https:\/\/roveyayinevi.com.tr\/index.php\/wp-json\/wp\/v2\/product"}],"about":[{"href":"https:\/\/roveyayinevi.com.tr\/index.php\/wp-json\/wp\/v2\/types\/product"}],"wp:attachment":[{"href":"https:\/\/roveyayinevi.com.tr\/index.php\/wp-json\/wp\/v2\/media?parent=741566"}],"wp:term":[{"taxonomy":"product_brand","embeddable":true,"href":"https:\/\/roveyayinevi.com.tr\/index.php\/wp-json\/wp\/v2\/product_brand?post=741566"},{"taxonomy":"product_cat","embeddable":true,"href":"https:\/\/roveyayinevi.com.tr\/index.php\/wp-json\/wp\/v2\/product_cat?post=741566"},{"taxonomy":"product_tag","embeddable":true,"href":"https:\/\/roveyayinevi.com.tr\/index.php\/wp-json\/wp\/v2\/product_tag?post=741566"}],"curies":[{"name":"wp","href":"https:\/\/api.w.org\/{rel}","templated":true}]}}