{"id":741565,"date":"2025-08-28T00:52:13","date_gmt":"2025-08-27T21:52:13","guid":{"rendered":"https:\/\/roveyayinevi.com.tr\/index.php\/urun\/bagban-ve-gulsan-evlilik-oykuleri-1\/"},"modified":"2026-04-16T02:52:45","modified_gmt":"2026-04-15T23:52:45","slug":"bagban-ve-gulsan-evlilik-oykuleri-1","status":"publish","type":"product","link":"https:\/\/roveyayinevi.com.tr\/index.php\/urun\/bagban-ve-gulsan-evlilik-oykuleri-1\/","title":{"rendered":"Ba\u011fban Ve G\u00fcl\u015fan Evlilik \u00d6yk\u00fcleri-1"},"content":{"rendered":"<p>&#8221; Bir g\u00fclistan\u2026 \u0130\u00e7inde t\u00fcrl\u00fc t\u00fcrl\u00fc g\u00fcller ve \u00e7i\u00e7ekler&#8230; Her birinin rengi bir ba\u015fka, kokusu bir ba\u015fka. Her biri bir ba\u015fka g\u00fczel\u2026 Ve bir Ba\u011fban\u2026 Umut y\u00fckl\u00fc hayallerine hasret, sevgi dolu, g\u00fclistan g\u00f6n\u00fcll\u00fc bir insan\u2026   Ba\u011fban, b\u00fct\u00fcn yery\u00fcz\u00fcn\u00fc b\u00f6yle bir g\u00fclistan olarak d\u00fc\u015f\u00fcn\u00fcr. B\u00fct\u00fcn insanlar\u0131; \u00f6zellikle de kad\u0131nlar\u0131 birer g\u00fcl, s\u00fcmb\u00fcl, lale, zambak; birer \u00e7i\u00e7ek, a\u00e7elya, nergis, menek\u015fe, leylak kabul eder hep. \u00c7i\u00e7ekleri, g\u00fclleri \u00e7ok seven, onlar\u0131n dal\u0131na, yapra\u011f\u0131na konan b\u00f6cekler; ar\u0131lar, kelebekler de vard\u0131r bu g\u00fclistanda; a\u011fa\u00e7lar, dallar, yapraklar ve onlara t\u00fcneyen kanaryalar, kumrular, b\u00fclb\u00fcller, saksa\u011fanlar da&#8230; &#8221; <\/p>\n","protected":false},"excerpt":{"rendered":"<p>&#8221; Bir g\u00fclistan\u2026 \u0130\u00e7inde t\u00fcrl\u00fc t\u00fcrl\u00fc g\u00fcller ve \u00e7i\u00e7ekler&#8230; Her birinin rengi bir ba\u015fka, kokusu bir ba\u015fka. Her biri bir ba\u015fka g\u00fczel\u2026 Ve bir Ba\u011fban\u2026 Umut<span class=\"excerpt-hellip\"> [\u2026]<\/span><\/p>\n","protected":false},"featured_media":0,"template":"","meta":{"_monsterinsights_skip_tracking":false,"_monsterinsights_sitenote_active":false,"_monsterinsights_sitenote_note":"","_monsterinsights_sitenote_category":0},"product_brand":[],"product_cat":[12291,12711],"product_tag":[],"class_list":{"0":"post-741565","1":"product","2":"type-product","3":"status-publish","5":"product_cat-edebiyat","6":"product_cat-roman-oyku","7":"pa_cilt-ciltsiz","8":"pa_tur-kitap","9":"pa_yayinevi-gulnar-yayinlari","10":"pa_yazar-hamit-goksoy","12":"first","13":"instock","14":"sale","15":"shipping-taxable","16":"purchasable","17":"product-type-simple"},"_links":{"self":[{"href":"https:\/\/roveyayinevi.com.tr\/index.php\/wp-json\/wp\/v2\/product\/741565","targetHints":{"allow":["GET"]}}],"collection":[{"href":"https:\/\/roveyayinevi.com.tr\/index.php\/wp-json\/wp\/v2\/product"}],"about":[{"href":"https:\/\/roveyayinevi.com.tr\/index.php\/wp-json\/wp\/v2\/types\/product"}],"wp:attachment":[{"href":"https:\/\/roveyayinevi.com.tr\/index.php\/wp-json\/wp\/v2\/media?parent=741565"}],"wp:term":[{"taxonomy":"product_brand","embeddable":true,"href":"https:\/\/roveyayinevi.com.tr\/index.php\/wp-json\/wp\/v2\/product_brand?post=741565"},{"taxonomy":"product_cat","embeddable":true,"href":"https:\/\/roveyayinevi.com.tr\/index.php\/wp-json\/wp\/v2\/product_cat?post=741565"},{"taxonomy":"product_tag","embeddable":true,"href":"https:\/\/roveyayinevi.com.tr\/index.php\/wp-json\/wp\/v2\/product_tag?post=741565"}],"curies":[{"name":"wp","href":"https:\/\/api.w.org\/{rel}","templated":true}]}}