{"id":741561,"date":"2025-08-28T00:52:08","date_gmt":"2025-08-27T21:52:08","guid":{"rendered":"https:\/\/roveyayinevi.com.tr\/index.php\/urun\/baskalarini-anlayan-bocekler-masal-kitabi\/"},"modified":"2026-04-16T02:52:44","modified_gmt":"2026-04-15T23:52:44","slug":"baskalarini-anlayan-bocekler-masal-kitabi","status":"publish","type":"product","link":"https:\/\/roveyayinevi.com.tr\/index.php\/urun\/baskalarini-anlayan-bocekler-masal-kitabi\/","title":{"rendered":"Ba\u015fkalar\u0131n\u0131 Anlayan B\u00f6cekler Masal Kitab\u0131"},"content":{"rendered":"<p>Ona sevdi\u011fi hayvanlar\u0131 anlat\u0131n, hi\u00e7 g\u00f6rmedi\u011fi ilkbahar \u00e7i\u00e7eklerini g\u00f6sterin, onu sihirli ormanlara, g\u00fczel insanlar\u0131n yan\u0131na g\u00f6t\u00fcr\u00fcn. Ona bir masal anlat\u0131n, b\u00fcy\u00fcrken ona e\u015flik etsin. Bu alt\u0131 kitapl\u0131k masal serisinde k\u00fc\u00e7\u00fck sevgililerinize yard\u0131m etmek, utanga\u00e7l\u0131k, d\u00fczenli \u00e7al\u0131\u015fma, empati, payla\u015fmak ve birlikte hareket etme konular\u0131nda \u015firin hikayeler anlatabilir, onlar\u0131n hayal d\u00fcnyalar\u0131n\u0131 geni\u015fletebilirsiniz. <\/p>\n","protected":false},"excerpt":{"rendered":"<p>Ona sevdi\u011fi hayvanlar\u0131 anlat\u0131n, hi\u00e7 g\u00f6rmedi\u011fi ilkbahar \u00e7i\u00e7eklerini g\u00f6sterin, onu sihirli ormanlara, g\u00fczel insanlar\u0131n yan\u0131na g\u00f6t\u00fcr\u00fcn. Ona bir masal anlat\u0131n, b\u00fcy\u00fcrken ona e\u015flik etsin. Bu alt\u0131<span class=\"excerpt-hellip\"> [\u2026]<\/span><\/p>\n","protected":false},"featured_media":0,"template":"","meta":{"_monsterinsights_skip_tracking":false,"_monsterinsights_sitenote_active":false,"_monsterinsights_sitenote_note":"","_monsterinsights_sitenote_category":0},"product_brand":[],"product_cat":[12274,12523],"product_tag":[],"class_list":{"0":"post-741561","1":"product","2":"type-product","3":"status-publish","5":"product_cat-cocuk-ve-genclik-kitaplari","6":"product_cat-masallar","7":"pa_cilt-ciltsiz","8":"pa_tur-kitap","9":"pa_yayinevi-kuzey-cocuk-yayinlari","10":"pa_yazar-bella-toprak","12":"first","13":"instock","14":"sale","15":"shipping-taxable","16":"purchasable","17":"product-type-simple"},"_links":{"self":[{"href":"https:\/\/roveyayinevi.com.tr\/index.php\/wp-json\/wp\/v2\/product\/741561","targetHints":{"allow":["GET"]}}],"collection":[{"href":"https:\/\/roveyayinevi.com.tr\/index.php\/wp-json\/wp\/v2\/product"}],"about":[{"href":"https:\/\/roveyayinevi.com.tr\/index.php\/wp-json\/wp\/v2\/types\/product"}],"wp:attachment":[{"href":"https:\/\/roveyayinevi.com.tr\/index.php\/wp-json\/wp\/v2\/media?parent=741561"}],"wp:term":[{"taxonomy":"product_brand","embeddable":true,"href":"https:\/\/roveyayinevi.com.tr\/index.php\/wp-json\/wp\/v2\/product_brand?post=741561"},{"taxonomy":"product_cat","embeddable":true,"href":"https:\/\/roveyayinevi.com.tr\/index.php\/wp-json\/wp\/v2\/product_cat?post=741561"},{"taxonomy":"product_tag","embeddable":true,"href":"https:\/\/roveyayinevi.com.tr\/index.php\/wp-json\/wp\/v2\/product_tag?post=741561"}],"curies":[{"name":"wp","href":"https:\/\/api.w.org\/{rel}","templated":true}]}}