{"id":741560,"date":"2025-08-28T00:52:07","date_gmt":"2025-08-27T21:52:07","guid":{"rendered":"https:\/\/roveyayinevi.com.tr\/index.php\/urun\/demir-yurek\/"},"modified":"2026-04-16T02:52:44","modified_gmt":"2026-04-15T23:52:44","slug":"demir-yurek","status":"publish","type":"product","link":"https:\/\/roveyayinevi.com.tr\/index.php\/urun\/demir-yurek\/","title":{"rendered":"Demir Y\u00fcrek"},"content":{"rendered":"<p>GE\u00c7M\u0130\u015e\u0130 OLMAYAN B\u0130R KIZGELECE\u011e\u0130 OLMAYAN B\u0130R O\u011eLANOn yedi ya\u015f\u0131ndaki Ana\u2019n\u0131n kaderinde ayk\u0131r\u0131 olmak vard\u0131. Hisleri olan D09 isimli bir robotla beraber uzayda s\u00fcz\u00fcl\u00fcrken bulundu\u011funda hen\u00fcz k\u00fc\u00e7\u00fck bir k\u0131zd\u0131 ve etraf\u0131na korku salan bir uzay gemisi kaptan\u0131 taraf\u0131ndan kurtar\u0131larak tayfas\u0131na kat\u0131lm\u0131\u015ft\u0131.Geriye kalan son yasad\u0131\u015f\u0131 Metal olan D09, aradan ge\u00e7en onca y\u0131ldan sonra ar\u0131za vermeye ba\u015flam\u0131\u015ft\u0131. Ancak Ana\u2019n\u0131n ondan vazge\u00e7meye hi\u00e7 niyeti yoktu ve \u00e7\u00f6z\u00fcm bulmak ad\u0131na sordu\u011fu her soru kay\u0131p bir geminin koordinatlar\u0131n\u0131 i\u015faret ediyordu. Tek sorun, onunla ayn\u0131 hedefe kilitlenmi\u015f Demirkanl\u0131\u2019yd\u0131.T\u00fcm krall\u0131k pe\u015flerindeyken Ana ve Demirkanl\u0131 beklenmedik bir ittifak kuracaklard\u0131. Onlar\u0131 evrenin \u00f6teki ucuna s\u00fcr\u00fckleyen kovalamaca, tehlikeli s\u0131rlar\u0131 da a\u00e7\u0131\u011fa \u00e7\u0131karacakt\u0131. Karanl\u0131k gitgide yakla\u015f\u0131yordu ve gen\u00e7 k\u0131z zorlu bir se\u00e7im yapmak zorundayd\u0131: Onun \u00f6lmesini isteyen krall\u0131\u011f\u0131 m\u0131 yoksa a\u015fk\u0131n\u0131 m\u0131 kurtaracakt\u0131?\u2022 2019 RAINBOW Kitap Se\u00e7kisi\u201cI\u015f\u0131k h\u0131z\u0131nda ilerleyen bu uzay maceras\u0131nda Ashley Poston, okurlar\u0131na nefis karakterler ve dur durak bilmeyen bir heyecan f\u0131rt\u0131nas\u0131 sunuyor.\u201d \u2014Victoria Schwab\u201cDemir Y\u00fcrek havada ayzambaklar\u0131n\u0131n kokusunu, parmak u\u00e7lar\u0131mda pas tortusu b\u0131rakt\u0131. Karakterler bir an kalbimin sevin\u00e7le kabarmas\u0131na neden olurken bir sonraki sat\u0131rda kalbimi k\u0131rd\u0131. Siyasi entrikalar, heyecan verici ters k\u00f6\u015feler ve insan\u0131n i\u00e7ini eritenromantizm&#8230; Poston\u2019\u0131n \u0131\u015f\u0131k h\u0131z\u0131nda okunan bu bilimkurgu-macera roman\u0131nda b\u00fct\u00fcn y\u0131ld\u0131zlar s\u0131raya dizilmi\u015f gibi. Keyifli, insan\u0131 i\u00e7ine \u00e7eken bir kitap.\u201d \u2014Sara Raasch\u201cSa\u011flam \u00e7izilmi\u015f karakterleri, temposu hi\u00e7 d\u00fc\u015fmeyen kurgusu ve insan\u0131 kesinlikle b\u00fcy\u00fcs\u00fc alt\u0131na alan d\u00fcnyas\u0131yla Demir Y\u00fcrek bilimkurgu sevenlerin mutlaka okumas\u0131 gereken bir roman.\u201d \u2014C.J. Redwine\u201cAksiyon, romantizm, teknolojik f\u00fct\u00fcrizm, bilimkurgu ve fantasti\u011fin muhte\u015fem bir karmas\u0131 olan bu galaksiler aras\u0131 dram, okurundan dikkat talep ediyor ve bunun kar\u015f\u0131l\u0131\u011f\u0131n\u0131 da veriyor.\u201d \u2014BCCB, starred review\u201cAnastasia Romanova\u2019yla ilgili efsaneler, bu havai fi\u015fek gibi par\u0131ldayan heyecanl\u0131 uzay maceras\u0131nda yeniden yaz\u0131l\u0131yor.\u201d \u2014Booklist\u201cVictoria Aveyard\u2019\u0131n K\u0131z\u0131l Krali\u00e7e \u00fc\u00e7lemesini sevenler ve Taht Oyunlar\u0131\u2019na benzer bir \u015feyler arayan gen\u00e7 okurlar i\u00e7in \u015fahane bir se\u00e7im.\u201d \u2014School Library Journal\u201cTemposu h\u0131zl\u0131. Okurlar ikinci kitab\u0131 d\u00f6rt g\u00f6zle bekleyecek.\u201d \u2014VOYA<\/p>\n","protected":false},"excerpt":{"rendered":"<p>GE\u00c7M\u0130\u015e\u0130 OLMAYAN B\u0130R KIZGELECE\u011e\u0130 OLMAYAN B\u0130R O\u011eLANOn yedi ya\u015f\u0131ndaki Ana\u2019n\u0131n kaderinde ayk\u0131r\u0131 olmak vard\u0131. Hisleri olan D09 isimli bir robotla beraber uzayda s\u00fcz\u00fcl\u00fcrken bulundu\u011funda hen\u00fcz k\u00fc\u00e7\u00fck<span class=\"excerpt-hellip\"> [\u2026]<\/span><\/p>\n","protected":false},"featured_media":0,"template":"","meta":{"_monsterinsights_skip_tracking":false,"_monsterinsights_sitenote_active":false,"_monsterinsights_sitenote_note":"","_monsterinsights_sitenote_category":0},"product_brand":[],"product_cat":[12540,12291],"product_tag":[],"class_list":{"0":"post-741560","1":"product","2":"type-product","3":"status-publish","5":"product_cat-bilim-kurgu","6":"product_cat-edebiyat","7":"pa_cilt-ciltsiz","8":"pa_tur-kitap","9":"pa_yayinevi-yabanci-yayinevi","10":"pa_yazar-ashley-poston","12":"first","13":"instock","14":"sale","15":"shipping-taxable","16":"purchasable","17":"product-type-simple"},"_links":{"self":[{"href":"https:\/\/roveyayinevi.com.tr\/index.php\/wp-json\/wp\/v2\/product\/741560","targetHints":{"allow":["GET"]}}],"collection":[{"href":"https:\/\/roveyayinevi.com.tr\/index.php\/wp-json\/wp\/v2\/product"}],"about":[{"href":"https:\/\/roveyayinevi.com.tr\/index.php\/wp-json\/wp\/v2\/types\/product"}],"wp:attachment":[{"href":"https:\/\/roveyayinevi.com.tr\/index.php\/wp-json\/wp\/v2\/media?parent=741560"}],"wp:term":[{"taxonomy":"product_brand","embeddable":true,"href":"https:\/\/roveyayinevi.com.tr\/index.php\/wp-json\/wp\/v2\/product_brand?post=741560"},{"taxonomy":"product_cat","embeddable":true,"href":"https:\/\/roveyayinevi.com.tr\/index.php\/wp-json\/wp\/v2\/product_cat?post=741560"},{"taxonomy":"product_tag","embeddable":true,"href":"https:\/\/roveyayinevi.com.tr\/index.php\/wp-json\/wp\/v2\/product_tag?post=741560"}],"curies":[{"name":"wp","href":"https:\/\/api.w.org\/{rel}","templated":true}]}}