{"id":741557,"date":"2025-08-28T00:52:04","date_gmt":"2025-08-27T21:52:04","guid":{"rendered":"https:\/\/roveyayinevi.com.tr\/index.php\/urun\/gorundugun-kadar-varsin\/"},"modified":"2026-04-16T02:52:44","modified_gmt":"2026-04-15T23:52:44","slug":"gorundugun-kadar-varsin","status":"publish","type":"product","link":"https:\/\/roveyayinevi.com.tr\/index.php\/urun\/gorundugun-kadar-varsin\/","title":{"rendered":"G\u00f6r\u00fcnd\u00fc\u011f\u00fcn Kadar Vars\u0131n"},"content":{"rendered":"<p>\u201cG\u00f6r\u00fcn\u00fcrl\u00fck, Bedelini \u00d6demeye Haz\u0131rsan  Her Zaman Kazand\u0131r\u0131r!\u201d   \u201cG\u00f6r\u00fclmek istemekte yanl\u0131\u015f bir \u015fey yok. As\u0131l mesele, g\u00f6r\u00fclmedi\u011fimizde nas\u0131l tepki verdi\u011fimiz veya g\u00f6r\u00fclmek u\u011fruna neleri g\u00f6ze ald\u0131\u011f\u0131m\u0131zd\u0131r.\u201d Evet, belki ben de g\u00f6r\u00fcld\u00fck\u00e7e, duyulduk\u00e7a var oldum ama s\u0131rf g\u00f6r\u00fclmek i\u00e7in de her \u015feyi g\u00f6ze almad\u0131m; de\u011ferlerimden, karakterimden \u00f6d\u00fcn vermedim. Ama verenleri g\u00f6rd\u00fcm&#8230; Elinizde tuttu\u011funuz bu kitap hem \u00e7ok konu\u015fulan \u201cModa ve Sosyete\u201dnin 14 y\u0131ll\u0131k yolculu\u011funu hem de neredeyse hayat\u0131m\u0131z\u0131n her alan\u0131na h\u00fckmeden sosyal medyan\u0131n geli\u015fimini ve ger\u00e7ek bir para kazanma modeline d\u00f6n\u00fc\u015fme maceras\u0131n\u0131 anlat\u0131yor. \u201c\u00c7akma\u201d marka kullanan sosyetiklerden, ba\u015fkas\u0131n\u0131n tasar\u0131m\u0131na \u201cbenim\u201d diyen modac\u0131lara uzanan bu e\u011flenceli hik\u00e2yede, \u201cg\u00f6r\u00fcn\u00fcr olmak i\u00e7in her \u015feyi g\u00f6ze alanlar\u0131\u201d \u00e7eki\u015ftirelim ve konu buralara nas\u0131l geldi hep birlikte anlayal\u0131m.     <\/p>\n","protected":false},"excerpt":{"rendered":"<p>\u201cG\u00f6r\u00fcn\u00fcrl\u00fck, Bedelini \u00d6demeye Haz\u0131rsan Her Zaman Kazand\u0131r\u0131r!\u201d \u201cG\u00f6r\u00fclmek istemekte yanl\u0131\u015f bir \u015fey yok. As\u0131l mesele, g\u00f6r\u00fclmedi\u011fimizde nas\u0131l tepki verdi\u011fimiz veya g\u00f6r\u00fclmek u\u011fruna neleri g\u00f6ze ald\u0131\u011f\u0131m\u0131zd\u0131r.\u201d Evet,<span class=\"excerpt-hellip\"> [\u2026]<\/span><\/p>\n","protected":false},"featured_media":0,"template":"","meta":{"_monsterinsights_skip_tracking":false,"_monsterinsights_sitenote_active":false,"_monsterinsights_sitenote_note":"","_monsterinsights_sitenote_category":0},"product_brand":[],"product_cat":[12364],"product_tag":[],"class_list":{"0":"post-741557","1":"product","2":"type-product","3":"status-publish","5":"product_cat-genel-konular","6":"pa_cilt-ciltsiz","7":"pa_tur-kitap","8":"pa_yayinevi-destek-yayinlari","9":"pa_yazar-pelin-kaya","11":"first","12":"instock","13":"sale","14":"shipping-taxable","15":"purchasable","16":"product-type-simple"},"_links":{"self":[{"href":"https:\/\/roveyayinevi.com.tr\/index.php\/wp-json\/wp\/v2\/product\/741557","targetHints":{"allow":["GET"]}}],"collection":[{"href":"https:\/\/roveyayinevi.com.tr\/index.php\/wp-json\/wp\/v2\/product"}],"about":[{"href":"https:\/\/roveyayinevi.com.tr\/index.php\/wp-json\/wp\/v2\/types\/product"}],"wp:attachment":[{"href":"https:\/\/roveyayinevi.com.tr\/index.php\/wp-json\/wp\/v2\/media?parent=741557"}],"wp:term":[{"taxonomy":"product_brand","embeddable":true,"href":"https:\/\/roveyayinevi.com.tr\/index.php\/wp-json\/wp\/v2\/product_brand?post=741557"},{"taxonomy":"product_cat","embeddable":true,"href":"https:\/\/roveyayinevi.com.tr\/index.php\/wp-json\/wp\/v2\/product_cat?post=741557"},{"taxonomy":"product_tag","embeddable":true,"href":"https:\/\/roveyayinevi.com.tr\/index.php\/wp-json\/wp\/v2\/product_tag?post=741557"}],"curies":[{"name":"wp","href":"https:\/\/api.w.org\/{rel}","templated":true}]}}