{"id":741556,"date":"2025-08-28T00:52:03","date_gmt":"2025-08-27T21:52:03","guid":{"rendered":"https:\/\/roveyayinevi.com.tr\/index.php\/urun\/50-maddede-sosyal-medya-asklari\/"},"modified":"2026-04-13T02:59:48","modified_gmt":"2026-04-12T23:59:48","slug":"50-maddede-sosyal-medya-asklari","status":"publish","type":"product","link":"https:\/\/roveyayinevi.com.tr\/index.php\/urun\/50-maddede-sosyal-medya-asklari\/","title":{"rendered":"50 Maddede Sosyal Medya A\u015fklar\u0131"},"content":{"rendered":"<p>ERKEK D\u00dcNYASININ B\u0130L\u0130NMEYENLER\u0130 \u2022 Neden baz\u0131 mesajla\u015fmalar asla ili\u015fkiye d\u00f6n\u00fc\u015fm\u00fcyor? \u2022 Sosyal medyada ba\u015flayan fl\u00f6rtlerin sonunda, a\u015fk\u0131 yakalamam\u0131z m\u00fcmk\u00fcn m\u00fc? \u2022 Bir insan\u0131n neyin pe\u015finde oldu\u011funu nas\u0131l anlar\u0131z? \u2022 Mesajlar\u0131m\u0131zla bir \u201cs\u0131rtlan\u201d\u0131, \u201calfa\u201dya \u00e7evirebilir miyiz? \u2022 Uygulamalarda fl\u00f6rt ederken sormam\u0131z gereken sorular nelerdir? \u2022 Whatsapp mesajlar\u0131nda ili\u015fkinizi nas\u0131l daha heyecanl\u0131 hale getirebilirsiniz? On seneden fazla s\u00fcredir, binlerce ki\u015finin a\u015fkta ve ili\u015fkilerde kaybetti\u011fi yoluna \u0131\u015f\u0131k tutan, \u00e7ok satan kitaplar\u0131n yazar\u0131, ili\u015fki uzman\u0131 Adil Y\u0131ld\u0131r\u0131m, yine g\u00fcn\u00fcm\u00fcz d\u00fcnyas\u0131n\u0131n \u201csanal \u00e2lem\u201ddeki kad\u0131n-erkek meselesine 12\u2019den vuru\u015f yap\u0131yor. Bu kitab\u0131n sayfalar\u0131nda, mesajla\u015f\u0131rken en \u00e7ok dikkat etmeniz gerekenlerden kar\u015f\u0131n\u0131zdaki insanlar\u0131n ger\u00e7ek niyetlerini anlaman\u0131n y\u00f6ntemlerine, sosyal medyada tan\u0131\u015farak evlenmi\u015f ve uzun y\u0131llard\u0131r mutlu birlikteliklerini s\u00fcrd\u00fcren \u00e7iftlerin alt\u0131n de\u011ferindeki tavsiyelerine kadar pek \u00e7ok \u00f6nemli bilgiyi ve \u00f6neriyi bulacaks\u0131n\u0131z. Keyifli okumalar! <\/p>\n","protected":false},"excerpt":{"rendered":"<p>ERKEK D\u00dcNYASININ B\u0130L\u0130NMEYENLER\u0130 \u2022 Neden baz\u0131 mesajla\u015fmalar asla ili\u015fkiye d\u00f6n\u00fc\u015fm\u00fcyor? \u2022 Sosyal medyada ba\u015flayan fl\u00f6rtlerin sonunda, a\u015fk\u0131 yakalamam\u0131z m\u00fcmk\u00fcn m\u00fc? \u2022 Bir insan\u0131n neyin pe\u015finde oldu\u011funu<span class=\"excerpt-hellip\"> [\u2026]<\/span><\/p>\n","protected":false},"featured_media":0,"template":"","meta":{"_monsterinsights_skip_tracking":false,"_monsterinsights_sitenote_active":false,"_monsterinsights_sitenote_note":"","_monsterinsights_sitenote_category":0},"product_brand":[],"product_cat":[12364,12376],"product_tag":[],"class_list":{"0":"post-741556","1":"product","2":"type-product","3":"status-publish","5":"product_cat-genel-konular","6":"product_cat-kisisel-gelisim","7":"pa_cilt-ciltsiz","8":"pa_tur-kitap","9":"pa_yayinevi-kara-karga-yayinlari","10":"pa_yazar-adil-yildirim","12":"first","13":"instock","14":"sale","15":"shipping-taxable","16":"purchasable","17":"product-type-simple"},"_links":{"self":[{"href":"https:\/\/roveyayinevi.com.tr\/index.php\/wp-json\/wp\/v2\/product\/741556","targetHints":{"allow":["GET"]}}],"collection":[{"href":"https:\/\/roveyayinevi.com.tr\/index.php\/wp-json\/wp\/v2\/product"}],"about":[{"href":"https:\/\/roveyayinevi.com.tr\/index.php\/wp-json\/wp\/v2\/types\/product"}],"wp:attachment":[{"href":"https:\/\/roveyayinevi.com.tr\/index.php\/wp-json\/wp\/v2\/media?parent=741556"}],"wp:term":[{"taxonomy":"product_brand","embeddable":true,"href":"https:\/\/roveyayinevi.com.tr\/index.php\/wp-json\/wp\/v2\/product_brand?post=741556"},{"taxonomy":"product_cat","embeddable":true,"href":"https:\/\/roveyayinevi.com.tr\/index.php\/wp-json\/wp\/v2\/product_cat?post=741556"},{"taxonomy":"product_tag","embeddable":true,"href":"https:\/\/roveyayinevi.com.tr\/index.php\/wp-json\/wp\/v2\/product_tag?post=741556"}],"curies":[{"name":"wp","href":"https:\/\/api.w.org\/{rel}","templated":true}]}}