{"id":741555,"date":"2025-08-28T00:52:01","date_gmt":"2025-08-27T21:52:01","guid":{"rendered":"https:\/\/roveyayinevi.com.tr\/index.php\/urun\/batman-beyaz-sovalye-sayi-5\/"},"modified":"2026-04-16T02:52:44","modified_gmt":"2026-04-15T23:52:44","slug":"batman-beyaz-sovalye-sayi-5","status":"publish","type":"product","link":"https:\/\/roveyayinevi.com.tr\/index.php\/urun\/batman-beyaz-sovalye-sayi-5\/","title":{"rendered":"Batman Beyaz \u015e\u00f6valye Say\u0131 5"},"content":{"rendered":"<p>Batman&#8217;le kar\u015f\u0131 kar\u015f\u0131ya gelece\u011fi ka\u00e7\u0131n\u0131lmaz hesapla\u015fma an\u0131na haz\u0131rlan\u0131rken, Jack\u2019in akl\u0131 ve bedeni ona ihanet etmeye ba\u015flar. Bruce ise ekibini bir arada tutma konusunda g\u00fc\u00e7l\u00fckler ya\u015famaktad\u0131r. Oyun sertle\u015ftik\u00e7e, Batman beklenmedik bir kaynaktan ak\u0131l ister &#8211; ve birileri Wayne Malik\u00e2nesi\u2019ne s\u0131zd\u0131ktan sonra, Napier\u2019\u0131n s\u00fcper su\u00e7lu ekibini temelli durdurmak i\u00e7in y\u0131llar boyu unutulmayacak bir takip ba\u015flat\u0131r. (Tan\u0131t\u0131m B\u00fclteninden)<\/p>\n","protected":false},"excerpt":{"rendered":"<p>Batman&#8217;le kar\u015f\u0131 kar\u015f\u0131ya gelece\u011fi ka\u00e7\u0131n\u0131lmaz hesapla\u015fma an\u0131na haz\u0131rlan\u0131rken, Jack\u2019in akl\u0131 ve bedeni ona ihanet etmeye ba\u015flar. Bruce ise ekibini bir arada tutma konusunda g\u00fc\u00e7l\u00fckler ya\u015famaktad\u0131r. Oyun<span class=\"excerpt-hellip\"> [\u2026]<\/span><\/p>\n","protected":false},"featured_media":0,"template":"","meta":{"_monsterinsights_skip_tracking":false,"_monsterinsights_sitenote_active":false,"_monsterinsights_sitenote_note":"","_monsterinsights_sitenote_category":0},"product_brand":[],"product_cat":[12416,12291],"product_tag":[],"class_list":{"0":"post-741555","1":"product","2":"type-product","3":"status-publish","5":"product_cat-cizgi-roman","6":"product_cat-edebiyat","7":"pa_cilt-ciltsiz","8":"pa_tur-kitap","9":"pa_yayinevi-jbc-yayincilik","10":"pa_yazar-sean-murphy","12":"first","13":"instock","14":"sale","15":"shipping-taxable","16":"purchasable","17":"product-type-simple"},"_links":{"self":[{"href":"https:\/\/roveyayinevi.com.tr\/index.php\/wp-json\/wp\/v2\/product\/741555","targetHints":{"allow":["GET"]}}],"collection":[{"href":"https:\/\/roveyayinevi.com.tr\/index.php\/wp-json\/wp\/v2\/product"}],"about":[{"href":"https:\/\/roveyayinevi.com.tr\/index.php\/wp-json\/wp\/v2\/types\/product"}],"wp:attachment":[{"href":"https:\/\/roveyayinevi.com.tr\/index.php\/wp-json\/wp\/v2\/media?parent=741555"}],"wp:term":[{"taxonomy":"product_brand","embeddable":true,"href":"https:\/\/roveyayinevi.com.tr\/index.php\/wp-json\/wp\/v2\/product_brand?post=741555"},{"taxonomy":"product_cat","embeddable":true,"href":"https:\/\/roveyayinevi.com.tr\/index.php\/wp-json\/wp\/v2\/product_cat?post=741555"},{"taxonomy":"product_tag","embeddable":true,"href":"https:\/\/roveyayinevi.com.tr\/index.php\/wp-json\/wp\/v2\/product_tag?post=741555"}],"curies":[{"name":"wp","href":"https:\/\/api.w.org\/{rel}","templated":true}]}}