{"id":741554,"date":"2025-08-28T00:52:00","date_gmt":"2025-08-27T21:52:00","guid":{"rendered":"https:\/\/roveyayinevi.com.tr\/index.php\/urun\/batman-beyaz-sovalye-sayi-4\/"},"modified":"2026-04-16T02:52:44","modified_gmt":"2026-04-15T23:52:44","slug":"batman-beyaz-sovalye-sayi-4","status":"publish","type":"product","link":"https:\/\/roveyayinevi.com.tr\/index.php\/urun\/batman-beyaz-sovalye-sayi-4\/","title":{"rendered":"Batman Beyaz \u015e\u00f6valye Say\u0131 4"},"content":{"rendered":"<p>Jack Napier\u2019\u0131n bug\u00fcne kadar politikac\u0131lar taraf\u0131ndan g\u00f6z ard\u0131 edilen Backport mahallesinin meclis \u00fcyesi olmak ad\u0131na y\u00fcr\u00fctt\u00fc\u011f\u00fc nefes kesen kampanya, Jim Gordon ve GCPD\u2019yi kaosa s\u00fcr\u00fckler. Belediye Ba\u015fkan\u0131 Hill, Napier\u2019\u0131n demokratik hayallerini yasa d\u0131\u015f\u0131 k\u0131lmak i\u00e7in yarat\u0131c\u0131 yollar bulmaya \u00e7al\u0131\u015f\u0131r, Batman\u2019in verdi\u011fi m\u00fccadele ise GCPD\u2019nin toplumsal imaj\u0131 a\u00e7\u0131s\u0131ndan sorun olmaya ba\u015flar ve halk\u0131n tepkileri giderek \u015fiddetlenir. T\u00fcm bunlar olurken, yeni Joker her \u015feyi raydan \u00e7\u0131karmak i\u00e7in plan yapmaktad\u0131r &#8211; ve Harley\u2019nin ge\u00e7mi\u015fine ait yeni s\u0131rlar g\u00fcn y\u00fcz\u00fcne \u00e7\u0131kar. (Tan\u0131t\u0131m B\u00fclteninden)<\/p>\n","protected":false},"excerpt":{"rendered":"<p>Jack Napier\u2019\u0131n bug\u00fcne kadar politikac\u0131lar taraf\u0131ndan g\u00f6z ard\u0131 edilen Backport mahallesinin meclis \u00fcyesi olmak ad\u0131na y\u00fcr\u00fctt\u00fc\u011f\u00fc nefes kesen kampanya, Jim Gordon ve GCPD\u2019yi kaosa s\u00fcr\u00fckler. Belediye<span class=\"excerpt-hellip\"> [\u2026]<\/span><\/p>\n","protected":false},"featured_media":0,"template":"","meta":{"_monsterinsights_skip_tracking":false,"_monsterinsights_sitenote_active":false,"_monsterinsights_sitenote_note":"","_monsterinsights_sitenote_category":0},"product_brand":[],"product_cat":[12416,12291],"product_tag":[],"class_list":{"0":"post-741554","1":"product","2":"type-product","3":"status-publish","5":"product_cat-cizgi-roman","6":"product_cat-edebiyat","7":"pa_cilt-ciltsiz","8":"pa_tur-kitap","9":"pa_yayinevi-jbc-yayincilik","10":"pa_yazar-sean-murphy","12":"first","13":"instock","14":"sale","15":"shipping-taxable","16":"purchasable","17":"product-type-simple"},"_links":{"self":[{"href":"https:\/\/roveyayinevi.com.tr\/index.php\/wp-json\/wp\/v2\/product\/741554","targetHints":{"allow":["GET"]}}],"collection":[{"href":"https:\/\/roveyayinevi.com.tr\/index.php\/wp-json\/wp\/v2\/product"}],"about":[{"href":"https:\/\/roveyayinevi.com.tr\/index.php\/wp-json\/wp\/v2\/types\/product"}],"wp:attachment":[{"href":"https:\/\/roveyayinevi.com.tr\/index.php\/wp-json\/wp\/v2\/media?parent=741554"}],"wp:term":[{"taxonomy":"product_brand","embeddable":true,"href":"https:\/\/roveyayinevi.com.tr\/index.php\/wp-json\/wp\/v2\/product_brand?post=741554"},{"taxonomy":"product_cat","embeddable":true,"href":"https:\/\/roveyayinevi.com.tr\/index.php\/wp-json\/wp\/v2\/product_cat?post=741554"},{"taxonomy":"product_tag","embeddable":true,"href":"https:\/\/roveyayinevi.com.tr\/index.php\/wp-json\/wp\/v2\/product_tag?post=741554"}],"curies":[{"name":"wp","href":"https:\/\/api.w.org\/{rel}","templated":true}]}}