{"id":741550,"date":"2025-08-28T00:51:54","date_gmt":"2025-08-27T21:51:54","guid":{"rendered":"https:\/\/roveyayinevi.com.tr\/index.php\/urun\/bir-yol-bulur-devranimiz\/"},"modified":"2026-04-16T02:52:44","modified_gmt":"2026-04-15T23:52:44","slug":"bir-yol-bulur-devranimiz","status":"publish","type":"product","link":"https:\/\/roveyayinevi.com.tr\/index.php\/urun\/bir-yol-bulur-devranimiz\/","title":{"rendered":"Bir Yol Bulur Devran\u0131m\u0131z"},"content":{"rendered":"<p>Bir dere yata\u011f\u0131 bedenim, Duvarlar \u00e7arp\u0131p duruyor yaralar\u0131ma, Yaralar\u0131m cop izlerinde gezinip duruyor&#8230; Normalin anlam\u0131n\u0131 unuttu g\u00f6zlerim, Tarih tu\u015flar\u0131na durmadan vuruyor ya\u015fam\u0131m\u0131n, Bir dere yata\u011f\u0131 bedenim&#8230; Bak i\u015fte, may\u0131n tarlas\u0131 gibi ya\u015f\u0131yorum, Bilinmezlikleri aralay\u0131p duruyorum, Umutlar\u0131ma tutunarak, Tarih tu\u015flar\u0131na durmadan vuruyor ya\u015fam\u0131m\u0131n, Bir dere yata\u011f\u0131 bedenim&#8230; Memleketin bir ucunday\u0131m, Bir dal\u0131n ucunda memleketim Bir dalgan\u0131n ucunda\u2026 <\/p>\n","protected":false},"excerpt":{"rendered":"<p>Bir dere yata\u011f\u0131 bedenim, Duvarlar \u00e7arp\u0131p duruyor yaralar\u0131ma, Yaralar\u0131m cop izlerinde gezinip duruyor&#8230; Normalin anlam\u0131n\u0131 unuttu g\u00f6zlerim, Tarih tu\u015flar\u0131na durmadan vuruyor ya\u015fam\u0131m\u0131n, Bir dere yata\u011f\u0131 bedenim&#8230;<span class=\"excerpt-hellip\"> [\u2026]<\/span><\/p>\n","protected":false},"featured_media":0,"template":"","meta":{"_monsterinsights_skip_tracking":false,"_monsterinsights_sitenote_active":false,"_monsterinsights_sitenote_note":"","_monsterinsights_sitenote_category":0},"product_brand":[],"product_cat":[12291,12509],"product_tag":[],"class_list":{"0":"post-741550","1":"product","2":"type-product","3":"status-publish","5":"product_cat-edebiyat","6":"product_cat-siir","7":"pa_cilt-ciltsiz","8":"pa_tur-kitap","9":"pa_yayinevi-imgenin-cocuklari","10":"pa_yazar-ismet-erdogan","12":"first","13":"instock","14":"sale","15":"shipping-taxable","16":"purchasable","17":"product-type-simple"},"_links":{"self":[{"href":"https:\/\/roveyayinevi.com.tr\/index.php\/wp-json\/wp\/v2\/product\/741550","targetHints":{"allow":["GET"]}}],"collection":[{"href":"https:\/\/roveyayinevi.com.tr\/index.php\/wp-json\/wp\/v2\/product"}],"about":[{"href":"https:\/\/roveyayinevi.com.tr\/index.php\/wp-json\/wp\/v2\/types\/product"}],"wp:attachment":[{"href":"https:\/\/roveyayinevi.com.tr\/index.php\/wp-json\/wp\/v2\/media?parent=741550"}],"wp:term":[{"taxonomy":"product_brand","embeddable":true,"href":"https:\/\/roveyayinevi.com.tr\/index.php\/wp-json\/wp\/v2\/product_brand?post=741550"},{"taxonomy":"product_cat","embeddable":true,"href":"https:\/\/roveyayinevi.com.tr\/index.php\/wp-json\/wp\/v2\/product_cat?post=741550"},{"taxonomy":"product_tag","embeddable":true,"href":"https:\/\/roveyayinevi.com.tr\/index.php\/wp-json\/wp\/v2\/product_tag?post=741550"}],"curies":[{"name":"wp","href":"https:\/\/api.w.org\/{rel}","templated":true}]}}