{"id":741543,"date":"2025-08-28T00:51:45","date_gmt":"2025-08-27T21:51:45","guid":{"rendered":"https:\/\/roveyayinevi.com.tr\/index.php\/urun\/lunaparktaki-sessizlik\/"},"modified":"2026-04-16T02:52:44","modified_gmt":"2026-04-15T23:52:44","slug":"lunaparktaki-sessizlik","status":"publish","type":"product","link":"https:\/\/roveyayinevi.com.tr\/index.php\/urun\/lunaparktaki-sessizlik\/","title":{"rendered":"Lunaparktaki Sessizlik"},"content":{"rendered":"<p>Sana a\u00e7t\u0131\u011f\u0131m t\u00fcm sava\u015flara beyaz bayrak \u00e7ekiyorum\u2026   Ne sava\u015fmaya ne de sevmeye g\u00fcc\u00fcm var art\u0131k. Bu iki arada bir derede olan duyguda bo\u011fulmaktan yoruldum. Sudan yeni \u00e7\u0131km\u0131\u015f bir bal\u0131k kadar \u00f6zg\u00fcr ve bir o kadar da ona muhtac\u0131m. Belki de benim \u00f6zg\u00fcrl\u00fc\u011f\u00fcm o sevdada bo\u011fulmakt\u0131r ona muhta\u00e7ken\u2026 Seni b\u0131rak\u0131p y\u00fcr\u00fcd\u00fc\u011f\u00fcm bu yollar, sana varmam i\u00e7in tek bahanemdir.   \u00c7\u00fcnk\u00fc sevgilim, Hi\u00e7bir \u015fey g\u00f6r\u00fcnd\u00fc\u011f\u00fc gibi de\u011fildir, Her \u015fey y\u00fcrekte oldu\u011fu gibidir.   <\/p>\n","protected":false},"excerpt":{"rendered":"<p>Sana a\u00e7t\u0131\u011f\u0131m t\u00fcm sava\u015flara beyaz bayrak \u00e7ekiyorum\u2026 Ne sava\u015fmaya ne de sevmeye g\u00fcc\u00fcm var art\u0131k. Bu iki arada bir derede olan duyguda bo\u011fulmaktan yoruldum. Sudan yeni<span class=\"excerpt-hellip\"> [\u2026]<\/span><\/p>\n","protected":false},"featured_media":0,"template":"","meta":{"_monsterinsights_skip_tracking":false,"_monsterinsights_sitenote_active":false,"_monsterinsights_sitenote_note":"","_monsterinsights_sitenote_category":0},"product_brand":[],"product_cat":[12777,12291],"product_tag":[],"class_list":{"0":"post-741543","1":"product","2":"type-product","3":"status-publish","5":"product_cat-deneme","6":"product_cat-edebiyat","7":"pa_cilt-ciltsiz","8":"pa_tur-kitap","9":"pa_yayinevi-hayykitap","10":"pa_yazar-ibrahim-garip","12":"first","13":"instock","14":"sale","15":"shipping-taxable","16":"purchasable","17":"product-type-simple"},"_links":{"self":[{"href":"https:\/\/roveyayinevi.com.tr\/index.php\/wp-json\/wp\/v2\/product\/741543","targetHints":{"allow":["GET"]}}],"collection":[{"href":"https:\/\/roveyayinevi.com.tr\/index.php\/wp-json\/wp\/v2\/product"}],"about":[{"href":"https:\/\/roveyayinevi.com.tr\/index.php\/wp-json\/wp\/v2\/types\/product"}],"wp:attachment":[{"href":"https:\/\/roveyayinevi.com.tr\/index.php\/wp-json\/wp\/v2\/media?parent=741543"}],"wp:term":[{"taxonomy":"product_brand","embeddable":true,"href":"https:\/\/roveyayinevi.com.tr\/index.php\/wp-json\/wp\/v2\/product_brand?post=741543"},{"taxonomy":"product_cat","embeddable":true,"href":"https:\/\/roveyayinevi.com.tr\/index.php\/wp-json\/wp\/v2\/product_cat?post=741543"},{"taxonomy":"product_tag","embeddable":true,"href":"https:\/\/roveyayinevi.com.tr\/index.php\/wp-json\/wp\/v2\/product_tag?post=741543"}],"curies":[{"name":"wp","href":"https:\/\/api.w.org\/{rel}","templated":true}]}}