{"id":741542,"date":"2025-08-28T00:51:43","date_gmt":"2025-08-27T21:51:43","guid":{"rendered":"https:\/\/roveyayinevi.com.tr\/index.php\/urun\/tas-tanrilar\/"},"modified":"2026-04-16T02:52:44","modified_gmt":"2026-04-15T23:52:44","slug":"tas-tanrilar","status":"publish","type":"product","link":"https:\/\/roveyayinevi.com.tr\/index.php\/urun\/tas-tanrilar\/","title":{"rendered":"Ta\u015f Tanr\u0131lar"},"content":{"rendered":"<p>\u201cSon derece canl\u0131 ve \u00e7arp\u0131c\u0131 bir anlat\u0131 in\u015fa eden Ta\u015f Tanr\u0131lar, her daim \u00e7aresiz ve tedbirsiz insano\u011fluna adanm\u0131\u015f keskin bir a\u011f\u0131t&#8230;\u201d \u2013Ursula K. Le Guin       Bug\u00fcn hayatta bir kere kar\u015f\u0131m\u0131za \u00e7\u0131kabilecek bir f\u0131rsata tan\u0131kl\u0131k etmek i\u00e7in buraday\u0131z. Pek \u00e7ok hayatta da kar\u015f\u0131m\u0131za \u00e7\u0131kabilecek bir f\u0131rsatt\u0131r bu. Ya\u015fam ba\u015flad\u0131\u011f\u0131ndan beri kar\u015f\u0131m\u0131za \u00e7\u0131kan en iyi f\u0131rsat. Gezegenlerimiz t\u00fckeniyor ve yeni bir gezegen bulduk. G\u00f6\u011f\u00fc s\u00fcsleyen onca parlak kaya aras\u0131nda, yuva diyebilece\u011fimiz gezegeni bulana dek ara\u015ft\u0131rma yapt\u0131k. Yolumuza devam ediyoruz, o kadar. Bunu herkesin bir noktada, er ya da ge\u00e7 yapmas\u0131 gerekir; do\u011fal bir \u015fey bu.   Orbus\u2019un uzak bir gelecekte ya\u015fayan sakinleri i\u00e7in insan hayat\u0131, bug\u00fcn bildi\u011fimiz tan\u0131mlamadan epeyce uzakt\u0131r. \u00d6rne\u011fin, bu insanlar i\u00e7in ya\u015flanmak, DNA\u2019da g\u00f6r\u00fclen bir hatadan ibarettir ve kolayl\u0131kla onar\u0131labilir.   \u00d6lmekte olan d\u00fcnyaya da bu g\u00f6zle bak\u0131l\u0131r; ekolojik \u00e7\u00f6k\u00fc\u015fle birlikte gelen k\u0131yamet \u201conar\u0131labilir bir hata\u201dd\u0131r sadece&#8230; H\u00e2l b\u00f6yleyken kollar s\u0131van\u0131r ve \u00fczerinde ya\u015fad\u0131\u011f\u0131m\u0131za benzer bir gezegen daha bulunmas\u0131 i\u00e7in gereken her \u015fey yap\u0131l\u0131r. \u0130nsanl\u0131\u011f\u0131n ufuktan silinen hayallerini, umutlar\u0131n\u0131, adalet ve etik gibi kavramlar\u0131n u\u00e7up gidi\u015fini, hatta \u201cinsanl\u0131k\u201d kavram\u0131n\u0131n k\u00f6kten de\u011fi\u015fimini g\u00f6rmezden gelerek, var\u0131lmak istenen nihai hedef budur: Yeni bir \u015fans.   Winterson\u2019\u0131n bu s\u0131rad\u0131\u015f\u0131 kurguyu ilmek ilmek \u00f6rerken akl\u0131nda tek bir soru oldu\u011fu ortada: \u201cPeki ama yeni bir \u015fans\u0131 hak ediyor muyuz?\u201d Yazar\u0131n bu kitapta a\u00e7\u0131\u011fa \u00e7\u0131kacak yan\u0131t\u0131, ger\u00e7eklerle y\u00fczle\u015fmeye haz\u0131r olanlar\u0131n kalbini k\u0131rmayacakt\u0131r&#8230;  <\/p>\n","protected":false},"excerpt":{"rendered":"<p>\u201cSon derece canl\u0131 ve \u00e7arp\u0131c\u0131 bir anlat\u0131 in\u015fa eden Ta\u015f Tanr\u0131lar, her daim \u00e7aresiz ve tedbirsiz insano\u011fluna adanm\u0131\u015f keskin bir a\u011f\u0131t&#8230;\u201d \u2013Ursula K. Le Guin Bug\u00fcn<span class=\"excerpt-hellip\"> [\u2026]<\/span><\/p>\n","protected":false},"featured_media":0,"template":"","meta":{"_monsterinsights_skip_tracking":false,"_monsterinsights_sitenote_active":false,"_monsterinsights_sitenote_note":"","_monsterinsights_sitenote_category":0},"product_brand":[],"product_cat":[12540,12291],"product_tag":[],"class_list":{"0":"post-741542","1":"product","2":"type-product","3":"status-publish","5":"product_cat-bilim-kurgu","6":"product_cat-edebiyat","7":"pa_cilt-ciltsiz","8":"pa_tur-kitap","9":"pa_yayinevi-kafka-yayinevi","10":"pa_yazar-jeanette-winterson","12":"first","13":"instock","14":"sale","15":"shipping-taxable","16":"purchasable","17":"product-type-simple"},"_links":{"self":[{"href":"https:\/\/roveyayinevi.com.tr\/index.php\/wp-json\/wp\/v2\/product\/741542","targetHints":{"allow":["GET"]}}],"collection":[{"href":"https:\/\/roveyayinevi.com.tr\/index.php\/wp-json\/wp\/v2\/product"}],"about":[{"href":"https:\/\/roveyayinevi.com.tr\/index.php\/wp-json\/wp\/v2\/types\/product"}],"wp:attachment":[{"href":"https:\/\/roveyayinevi.com.tr\/index.php\/wp-json\/wp\/v2\/media?parent=741542"}],"wp:term":[{"taxonomy":"product_brand","embeddable":true,"href":"https:\/\/roveyayinevi.com.tr\/index.php\/wp-json\/wp\/v2\/product_brand?post=741542"},{"taxonomy":"product_cat","embeddable":true,"href":"https:\/\/roveyayinevi.com.tr\/index.php\/wp-json\/wp\/v2\/product_cat?post=741542"},{"taxonomy":"product_tag","embeddable":true,"href":"https:\/\/roveyayinevi.com.tr\/index.php\/wp-json\/wp\/v2\/product_tag?post=741542"}],"curies":[{"name":"wp","href":"https:\/\/api.w.org\/{rel}","templated":true}]}}