{"id":741539,"date":"2025-08-28T00:51:40","date_gmt":"2025-08-27T21:51:40","guid":{"rendered":"https:\/\/roveyayinevi.com.tr\/index.php\/urun\/aklin-uc-yuzu\/"},"modified":"2026-04-16T02:52:44","modified_gmt":"2026-04-15T23:52:44","slug":"aklin-uc-yuzu","status":"publish","type":"product","link":"https:\/\/roveyayinevi.com.tr\/index.php\/urun\/aklin-uc-yuzu\/","title":{"rendered":"Akl\u0131n \u00dc\u00e7 Y\u00fcz\u00fc"},"content":{"rendered":"<p>Nazif Muhtaro\u011flu bu kitab\u0131nda, \u201cele\u015ftirel\u201d, \u201c\u00e7ok-y\u00f6nl\u00fc\u201d ve \u201cyenilik\u00e7i\u201d d\u00fc\u015f\u00fcnme yetkinliklerini i\u00e7eren ve \u201c\u00fc\u00e7-boyutlu d\u00fc\u015f\u00fcnme\u201d olarak adland\u0131rd\u0131\u011f\u0131 bir modeli okuyucular\u0131na sunuyor. Bu yetkinliklerin ki\u015filere kazand\u0131r\u0131lmas\u0131n\u0131n 21. y\u00fczy\u0131lda e\u011fitimin en \u00f6nde gelen hedefleri oldu\u011funun alt\u0131n\u0131 \u00e7iziyor. Kitap \u201cfarkl\u0131 disiplinleri bir araya getirmeye, ge\u00e7mi\u015fi ve \u015fimdiyi, Do\u011fuyu ve Bat\u0131y\u0131, yereli ve globali \u00fc\u00e7-boyutlu d\u00fc\u015f\u00fcnce ekseninde birbiriyle etkile\u015fime sokmaya\u201d gayret ediyor. Bunu yaparken bir karikat\u00fcrden veya bir Nasreddin Hoca f\u0131kras\u0131ndan yararlanabildi\u011fi gibi bir Hollywood filminden, bir romandan ya da ilgin\u00e7 sonu\u00e7lar\u0131 olan bir deneyden bahsedebiliyor. Okur kendisini bir an ilgin\u00e7 bir sanat eserinin sergilendi\u011fi bir sergi salonunda, bir ba\u015fka anda ise b\u00fcy\u00fck bir skandal\u0131n patlak verdi\u011fi sosyal bir ortamda bulabiliyor. T\u00fcm bunlar\u0131n da \u00f6tesinde hemen her konunun felsefe ile ba\u011flar\u0131 kuruluyor ve her bir b\u00f6l\u00fcm\u00fcn sonunda yer alan \u201cilgilisine ek\u201d ba\u015fl\u0131kl\u0131 alt-b\u00f6l\u00fcmde, tart\u0131\u015f\u0131lan konular felsefi bir tema ile ili\u015fkisi \u00fczerinden derinle\u015ftiriliyor. Nazif Muhtaro\u011flu farkl\u0131 ya\u015flarda ve birikimde \u00e7ok geni\u015f bir hedef kitleyi d\u00fc\u015f\u00fcnmeyle ve felsefeyle bulu\u015fturmay\u0131 hedeflemi\u015f ve harika bir i\u015f ba\u015farm\u0131\u015f. Prof. Dr. Ayhan \u00c7itil Do\u00e7. Dr. Nazif Muhtaro\u011flu\u2019nun \u00e7al\u0131\u015fmas\u0131, informel mant\u0131k alan\u0131na ait \u201cyanl\u0131\u015f\u201d konusunun\/sorununun g\u00fcn\u00fcm\u00fcze uyarlanm\u0131\u015f g\u00fczel bir \u00f6rne\u011fi olarak kar\u015f\u0131m\u0131za \u00e7\u0131kmaktad\u0131r. Gerek verilen g\u00fcncel \u00f6rnekler gerek yap\u0131lan a\u00e7\u0131klamalar, mant\u0131\u011f\u0131n bir ara\u00e7 olarak (olumlu ve olumsuz bir \u015fekilde) nas\u0131l kullan\u0131ld\u0131\u011f\u0131n\u0131 da g\u00f6stermektedir. &#8230;Formel mant\u0131\u011f\u0131n informel mant\u0131k ile giderek daha g\u00fc\u00e7l\u00fc bir \u015fekilde e\u015fle\u015fmesi, Do\u00e7. Dr. Muhtaro\u011flu\u2019nun titiz bir \u00e7al\u0131\u015fma ile ortaya koydu\u011fu eserin \u00f6nemini artt\u0131rmaktad\u0131r. Prof. Dr. \u015eafak Ural <\/p>\n","protected":false},"excerpt":{"rendered":"<p>Nazif Muhtaro\u011flu bu kitab\u0131nda, \u201cele\u015ftirel\u201d, \u201c\u00e7ok-y\u00f6nl\u00fc\u201d ve \u201cyenilik\u00e7i\u201d d\u00fc\u015f\u00fcnme yetkinliklerini i\u00e7eren ve \u201c\u00fc\u00e7-boyutlu d\u00fc\u015f\u00fcnme\u201d olarak adland\u0131rd\u0131\u011f\u0131 bir modeli okuyucular\u0131na sunuyor. Bu yetkinliklerin ki\u015filere kazand\u0131r\u0131lmas\u0131n\u0131n 21. y\u00fczy\u0131lda<span class=\"excerpt-hellip\"> [\u2026]<\/span><\/p>\n","protected":false},"featured_media":0,"template":"","meta":{"_monsterinsights_skip_tracking":false,"_monsterinsights_sitenote_active":false,"_monsterinsights_sitenote_note":"","_monsterinsights_sitenote_category":0},"product_brand":[],"product_cat":[12388,13555],"product_tag":[],"class_list":{"0":"post-741539","1":"product","2":"type-product","3":"status-publish","5":"product_cat-felsefe","6":"product_cat-genel-felsefe","7":"pa_cilt-ciltsiz","8":"pa_tur-kitap","9":"pa_yayinevi-bilge-kultur-sanat","10":"pa_yazar-nazif-muhtaroglu","12":"first","13":"instock","14":"sale","15":"shipping-taxable","16":"purchasable","17":"product-type-simple"},"_links":{"self":[{"href":"https:\/\/roveyayinevi.com.tr\/index.php\/wp-json\/wp\/v2\/product\/741539","targetHints":{"allow":["GET"]}}],"collection":[{"href":"https:\/\/roveyayinevi.com.tr\/index.php\/wp-json\/wp\/v2\/product"}],"about":[{"href":"https:\/\/roveyayinevi.com.tr\/index.php\/wp-json\/wp\/v2\/types\/product"}],"wp:attachment":[{"href":"https:\/\/roveyayinevi.com.tr\/index.php\/wp-json\/wp\/v2\/media?parent=741539"}],"wp:term":[{"taxonomy":"product_brand","embeddable":true,"href":"https:\/\/roveyayinevi.com.tr\/index.php\/wp-json\/wp\/v2\/product_brand?post=741539"},{"taxonomy":"product_cat","embeddable":true,"href":"https:\/\/roveyayinevi.com.tr\/index.php\/wp-json\/wp\/v2\/product_cat?post=741539"},{"taxonomy":"product_tag","embeddable":true,"href":"https:\/\/roveyayinevi.com.tr\/index.php\/wp-json\/wp\/v2\/product_tag?post=741539"}],"curies":[{"name":"wp","href":"https:\/\/api.w.org\/{rel}","templated":true}]}}