{"id":741536,"date":"2025-08-28T00:51:36","date_gmt":"2025-08-27T21:51:36","guid":{"rendered":"https:\/\/roveyayinevi.com.tr\/index.php\/urun\/god-of-war-sayi-3\/"},"modified":"2026-04-16T02:52:44","modified_gmt":"2026-04-15T23:52:44","slug":"god-of-war-sayi-3","status":"publish","type":"product","link":"https:\/\/roveyayinevi.com.tr\/index.php\/urun\/god-of-war-sayi-3\/","title":{"rendered":"God Of War Say\u0131 3"},"content":{"rendered":"<p>Berzerker tarikat\u0131 ile y\u00fczle\u015fme zaman\u0131 yakla\u015f\u0131rken, Kratos\u2019un bu \u015fiddet d\u00f6ng\u00fcs\u00fcne son vermek i\u00e7in arad\u0131\u011f\u0131 cevaplar\u0131 verebilecek bir k\u00e2hin ortaya \u00e7\u0131kar. Kratos zorba sald\u0131rganlar\u0131 nas\u0131l alt edece\u011fini \u00f6\u011frendikten sonra her zafer, onu olmak istedi\u011fi aile babas\u0131ndan uzakla\u015ft\u0131r\u0131r ve eskidenoldu\u011fu tanr\u0131 katiline bir ad\u0131m daha yakla\u015ft\u0131r\u0131r. (Tan\u0131t\u0131m B\u00fclteninden)<\/p>\n","protected":false},"excerpt":{"rendered":"<p>Berzerker tarikat\u0131 ile y\u00fczle\u015fme zaman\u0131 yakla\u015f\u0131rken, Kratos\u2019un bu \u015fiddet d\u00f6ng\u00fcs\u00fcne son vermek i\u00e7in arad\u0131\u011f\u0131 cevaplar\u0131 verebilecek bir k\u00e2hin ortaya \u00e7\u0131kar. Kratos zorba sald\u0131rganlar\u0131 nas\u0131l alt edece\u011fini<span class=\"excerpt-hellip\"> [\u2026]<\/span><\/p>\n","protected":false},"featured_media":0,"template":"","meta":{"_monsterinsights_skip_tracking":false,"_monsterinsights_sitenote_active":false,"_monsterinsights_sitenote_note":"","_monsterinsights_sitenote_category":0},"product_brand":[],"product_cat":[12416,12291],"product_tag":[],"class_list":{"0":"post-741536","1":"product","2":"type-product","3":"status-publish","5":"product_cat-cizgi-roman","6":"product_cat-edebiyat","7":"pa_cilt-ciltsiz","8":"pa_tur-kitap","9":"pa_yayinevi-jbc-yayincilik","10":"pa_yazar-chris-roberson","12":"first","13":"instock","14":"sale","15":"shipping-taxable","16":"purchasable","17":"product-type-simple"},"_links":{"self":[{"href":"https:\/\/roveyayinevi.com.tr\/index.php\/wp-json\/wp\/v2\/product\/741536","targetHints":{"allow":["GET"]}}],"collection":[{"href":"https:\/\/roveyayinevi.com.tr\/index.php\/wp-json\/wp\/v2\/product"}],"about":[{"href":"https:\/\/roveyayinevi.com.tr\/index.php\/wp-json\/wp\/v2\/types\/product"}],"wp:attachment":[{"href":"https:\/\/roveyayinevi.com.tr\/index.php\/wp-json\/wp\/v2\/media?parent=741536"}],"wp:term":[{"taxonomy":"product_brand","embeddable":true,"href":"https:\/\/roveyayinevi.com.tr\/index.php\/wp-json\/wp\/v2\/product_brand?post=741536"},{"taxonomy":"product_cat","embeddable":true,"href":"https:\/\/roveyayinevi.com.tr\/index.php\/wp-json\/wp\/v2\/product_cat?post=741536"},{"taxonomy":"product_tag","embeddable":true,"href":"https:\/\/roveyayinevi.com.tr\/index.php\/wp-json\/wp\/v2\/product_tag?post=741536"}],"curies":[{"name":"wp","href":"https:\/\/api.w.org\/{rel}","templated":true}]}}