{"id":741533,"date":"2025-08-28T00:51:32","date_gmt":"2025-08-27T21:51:32","guid":{"rendered":"https:\/\/roveyayinevi.com.tr\/index.php\/urun\/dr-bahattin-sakir-ittihat-ve-terakkiden-teskilat-i-mahsusaya-bir-turk-jakobeni\/"},"modified":"2026-04-16T02:52:43","modified_gmt":"2026-04-15T23:52:43","slug":"dr-bahattin-sakir-ittihat-ve-terakkiden-teskilat-i-mahsusaya-bir-turk-jakobeni","status":"publish","type":"product","link":"https:\/\/roveyayinevi.com.tr\/index.php\/urun\/dr-bahattin-sakir-ittihat-ve-terakkiden-teskilat-i-mahsusaya-bir-turk-jakobeni\/","title":{"rendered":"Dr. Bahattin \u015eakir \u0130ttihat ve Terakki\u2019den Te\u015fkilat-\u0131  Mahsusa\u2019ya Bir T\u00fcrk Jakobeni"},"content":{"rendered":"<p>Doktor Bahattin \u015eakir ya da yak\u0131n arkada\u015flar\u0131n\u0131n deyi\u015fiyle \u201cBaha Bey\u201d, \u0130ttihat ve Terakki Cemiyeti\u2019nin i\u00e7indeki \u00fcnl\u00fc \u201cDoktorlar grubu\u201dnun \u00fc\u00e7 \u00f6nemli isminden birisidir. Cemiyet\u2019in T\u00fcrk\u00e7\u00fc-Turanc\u0131 kanad\u0131ndand\u0131r. Bir ideolog olmaktan \u00e7ok \u00f6rg\u00fct\u00e7\u00fc kimli\u011fiyle \u00f6ne \u00e7\u0131km\u0131\u015ft\u0131r. \u0130ttihat ve Terakki\u2019nin Katibi Mesullerindendir. Devrinden sonra ne mebus ne de naz\u0131r olmu\u015ftur. Doktor Bahattin \u015eakir, Te\u015fkilat\u0131 Mahsusa\u2019n\u0131n kurucular\u0131ndan ve siyasi b\u00f6l\u00fcm \u015fefidir. Cemiyet\u2019e \u00fcye oldu\u011fu g\u00fcnden, 17 Nisan 1922 g\u00fcn\u00fc Almanya\u2019da Ermeni kur\u015funlar\u0131yla son nefesini verdi\u011fi ana kadar hayat\u0131n\u0131 vatan\u0131na ve Cemiyet\u2019e adam\u0131\u015ft\u0131r. H\u00fcseyin Cahit Yal\u00e7\u0131n, \u201cOnunla tan\u0131\u015ft\u0131k\u00e7a zihnimdeki \u2018jacobin\u2019 kavram\u0131na maddi bir sima verebiliyordum\u201d der. \u201cJakoben\u201d deyince Bahattin \u015eakir\u2019in y\u00fcz\u00fc akla gelir. Bu kitap, Bahattin \u015eakir\u2019in hayat\u0131n\u0131 anlatan ilk kitapt\u0131r. <\/p>\n","protected":false},"excerpt":{"rendered":"<p>Doktor Bahattin \u015eakir ya da yak\u0131n arkada\u015flar\u0131n\u0131n deyi\u015fiyle \u201cBaha Bey\u201d, \u0130ttihat ve Terakki Cemiyeti\u2019nin i\u00e7indeki \u00fcnl\u00fc \u201cDoktorlar grubu\u201dnun \u00fc\u00e7 \u00f6nemli isminden birisidir. Cemiyet\u2019in T\u00fcrk\u00e7\u00fc-Turanc\u0131 kanad\u0131ndand\u0131r. Bir<span class=\"excerpt-hellip\"> [\u2026]<\/span><\/p>\n","protected":false},"featured_media":0,"template":"","meta":{"_monsterinsights_skip_tracking":false,"_monsterinsights_sitenote_active":false,"_monsterinsights_sitenote_note":"","_monsterinsights_sitenote_category":0},"product_brand":[],"product_cat":[12312,12304],"product_tag":[],"class_list":{"0":"post-741533","1":"product","2":"type-product","3":"status-publish","5":"product_cat-diger","6":"product_cat-tarih","7":"pa_cilt-ciltsiz","8":"pa_tur-kitap","9":"pa_yayinevi-frekans-kitap","10":"pa_yazar-hikmet-cicek","12":"first","13":"instock","14":"sale","15":"shipping-taxable","16":"purchasable","17":"product-type-simple"},"_links":{"self":[{"href":"https:\/\/roveyayinevi.com.tr\/index.php\/wp-json\/wp\/v2\/product\/741533","targetHints":{"allow":["GET"]}}],"collection":[{"href":"https:\/\/roveyayinevi.com.tr\/index.php\/wp-json\/wp\/v2\/product"}],"about":[{"href":"https:\/\/roveyayinevi.com.tr\/index.php\/wp-json\/wp\/v2\/types\/product"}],"wp:attachment":[{"href":"https:\/\/roveyayinevi.com.tr\/index.php\/wp-json\/wp\/v2\/media?parent=741533"}],"wp:term":[{"taxonomy":"product_brand","embeddable":true,"href":"https:\/\/roveyayinevi.com.tr\/index.php\/wp-json\/wp\/v2\/product_brand?post=741533"},{"taxonomy":"product_cat","embeddable":true,"href":"https:\/\/roveyayinevi.com.tr\/index.php\/wp-json\/wp\/v2\/product_cat?post=741533"},{"taxonomy":"product_tag","embeddable":true,"href":"https:\/\/roveyayinevi.com.tr\/index.php\/wp-json\/wp\/v2\/product_tag?post=741533"}],"curies":[{"name":"wp","href":"https:\/\/api.w.org\/{rel}","templated":true}]}}