{"id":741532,"date":"2025-08-28T00:51:31","date_gmt":"2025-08-27T21:51:31","guid":{"rendered":"https:\/\/roveyayinevi.com.tr\/index.php\/urun\/all-star-batman-sayi-7\/"},"modified":"2026-04-16T02:52:43","modified_gmt":"2026-04-15T23:52:43","slug":"all-star-batman-sayi-7","status":"publish","type":"product","link":"https:\/\/roveyayinevi.com.tr\/index.php\/urun\/all-star-batman-sayi-7\/","title":{"rendered":"All-Star Batman Say\u0131 7"},"content":{"rendered":"<p>Ortak umutlar eski d\u00fc\u015fmanlar\u0131 biraraya getirmi\u015fti. Batman, Poison Ivy\u2019nin i\u00e7inde \u00f6lmeyen bir \u015feyleri bulmak isterken ba\u015fka bir esrarengiz grup da her ikisinin de \u00f6lmesini istiyordu. Ivy ve Batman baltalar\u0131n\u0131 bir an i\u00e7in bile olsa g\u00f6mebilecek miydi?\u00d6te yandan, sorular Duke\u2019u rahat b\u0131rakm\u0131yor, cevaplar\u0131 bulmak belki de oldu\u011fundan daha zor g\u00f6r\u00fcn\u00fcyordu. Lanetli \u00c7ark d\u00f6nmezse ne olacakt\u0131? (Tan\u0131t\u0131m B\u00fclteninden)<\/p>\n","protected":false},"excerpt":{"rendered":"<p>Ortak umutlar eski d\u00fc\u015fmanlar\u0131 biraraya getirmi\u015fti. Batman, Poison Ivy\u2019nin i\u00e7inde \u00f6lmeyen bir \u015feyleri bulmak isterken ba\u015fka bir esrarengiz grup da her ikisinin de \u00f6lmesini istiyordu. Ivy<span class=\"excerpt-hellip\"> [\u2026]<\/span><\/p>\n","protected":false},"featured_media":0,"template":"","meta":{"_monsterinsights_skip_tracking":false,"_monsterinsights_sitenote_active":false,"_monsterinsights_sitenote_note":"","_monsterinsights_sitenote_category":0},"product_brand":[],"product_cat":[12416,12291],"product_tag":[],"class_list":{"0":"post-741532","1":"product","2":"type-product","3":"status-publish","5":"product_cat-cizgi-roman","6":"product_cat-edebiyat","7":"pa_cilt-ciltsiz","8":"pa_tur-kitap","9":"pa_yayinevi-jbc-yayincilik","10":"pa_yazar-scott-snyder","12":"first","13":"instock","14":"sale","15":"shipping-taxable","16":"purchasable","17":"product-type-simple"},"_links":{"self":[{"href":"https:\/\/roveyayinevi.com.tr\/index.php\/wp-json\/wp\/v2\/product\/741532","targetHints":{"allow":["GET"]}}],"collection":[{"href":"https:\/\/roveyayinevi.com.tr\/index.php\/wp-json\/wp\/v2\/product"}],"about":[{"href":"https:\/\/roveyayinevi.com.tr\/index.php\/wp-json\/wp\/v2\/types\/product"}],"wp:attachment":[{"href":"https:\/\/roveyayinevi.com.tr\/index.php\/wp-json\/wp\/v2\/media?parent=741532"}],"wp:term":[{"taxonomy":"product_brand","embeddable":true,"href":"https:\/\/roveyayinevi.com.tr\/index.php\/wp-json\/wp\/v2\/product_brand?post=741532"},{"taxonomy":"product_cat","embeddable":true,"href":"https:\/\/roveyayinevi.com.tr\/index.php\/wp-json\/wp\/v2\/product_cat?post=741532"},{"taxonomy":"product_tag","embeddable":true,"href":"https:\/\/roveyayinevi.com.tr\/index.php\/wp-json\/wp\/v2\/product_tag?post=741532"}],"curies":[{"name":"wp","href":"https:\/\/api.w.org\/{rel}","templated":true}]}}