{"id":741529,"date":"2025-08-28T00:51:28","date_gmt":"2025-08-27T21:51:28","guid":{"rendered":"https:\/\/roveyayinevi.com.tr\/index.php\/urun\/all-star-batman-sayi-4\/"},"modified":"2026-04-16T02:52:43","modified_gmt":"2026-04-15T23:52:43","slug":"all-star-batman-sayi-4","status":"publish","type":"product","link":"https:\/\/roveyayinevi.com.tr\/index.php\/urun\/all-star-batman-sayi-4\/","title":{"rendered":"All-Star Batman Say\u0131 4"},"content":{"rendered":"<p>Gotham\u2019\u0131n Pelerinli S\u00fcvarisi evinden uzakta, beklenmedik bir tuzakla kar\u015f\u0131 kar\u015f\u0131yayd\u0131 \u00e7\u00fcnk\u00fc Two-Face bu defa her zamanki hainliklerinden farkl\u0131 ve ki\u015fisel bir \u015feyler planlam\u0131\u015ft\u0131. Ancak ne Two-Face, ne Kara \u015e\u00f6valye ne de Duke yollar\u0131n\u0131 bekleyen tehlikenin fark\u0131ndayd\u0131.Bir yandan da ge\u00e7mi\u015fin biraz olsun ayd\u0131nl\u0131\u011fa kavu\u015ftu\u011fu ve Harvey Dent\u2019in kendisiyle y\u00fczle\u015fti\u011fi gelecek, insan\u0131n do\u011fas\u0131na dair Two-Face ile Batman aras\u0131ndaki tart\u0131\u015fman\u0131n sonunu getirmeye haz\u0131rlan\u0131yordu.   Zsasz geride cesetlerle birlikte bir\u00e7ok soru i\u015fareti b\u0131rakm\u0131\u015ft\u0131 ve Duke bu bilmeceyi sadece do\u011fru sorular\u0131 do\u011fru ki\u015filere sorarak \u00e7\u00f6zebilece\u011fini \u00f6\u011frenmek \u00fczereydi.\u0130lgisiz gibi g\u00f6r\u00fcnen ipu\u00e7lar\u0131 ve cevaps\u0131z gibi g\u00f6r\u00fcnen sorular Duke i\u00e7in hayat\u0131 tan\u0131man\u0131n yeni bir yolu olabilecek miydi?(Tan\u0131t\u0131m B\u00fclteninden)<\/p>\n","protected":false},"excerpt":{"rendered":"<p>Gotham\u2019\u0131n Pelerinli S\u00fcvarisi evinden uzakta, beklenmedik bir tuzakla kar\u015f\u0131 kar\u015f\u0131yayd\u0131 \u00e7\u00fcnk\u00fc Two-Face bu defa her zamanki hainliklerinden farkl\u0131 ve ki\u015fisel bir \u015feyler planlam\u0131\u015ft\u0131. Ancak ne Two-Face,<span class=\"excerpt-hellip\"> [\u2026]<\/span><\/p>\n","protected":false},"featured_media":0,"template":"","meta":{"_monsterinsights_skip_tracking":false,"_monsterinsights_sitenote_active":false,"_monsterinsights_sitenote_note":"","_monsterinsights_sitenote_category":0},"product_brand":[],"product_cat":[12416,12291],"product_tag":[],"class_list":{"0":"post-741529","1":"product","2":"type-product","3":"status-publish","5":"product_cat-cizgi-roman","6":"product_cat-edebiyat","7":"pa_cilt-ciltsiz","8":"pa_tur-kitap","9":"pa_yayinevi-jbc-yayincilik","10":"pa_yazar-scott-snyder","12":"first","13":"instock","14":"sale","15":"shipping-taxable","16":"purchasable","17":"product-type-simple"},"_links":{"self":[{"href":"https:\/\/roveyayinevi.com.tr\/index.php\/wp-json\/wp\/v2\/product\/741529","targetHints":{"allow":["GET"]}}],"collection":[{"href":"https:\/\/roveyayinevi.com.tr\/index.php\/wp-json\/wp\/v2\/product"}],"about":[{"href":"https:\/\/roveyayinevi.com.tr\/index.php\/wp-json\/wp\/v2\/types\/product"}],"wp:attachment":[{"href":"https:\/\/roveyayinevi.com.tr\/index.php\/wp-json\/wp\/v2\/media?parent=741529"}],"wp:term":[{"taxonomy":"product_brand","embeddable":true,"href":"https:\/\/roveyayinevi.com.tr\/index.php\/wp-json\/wp\/v2\/product_brand?post=741529"},{"taxonomy":"product_cat","embeddable":true,"href":"https:\/\/roveyayinevi.com.tr\/index.php\/wp-json\/wp\/v2\/product_cat?post=741529"},{"taxonomy":"product_tag","embeddable":true,"href":"https:\/\/roveyayinevi.com.tr\/index.php\/wp-json\/wp\/v2\/product_tag?post=741529"}],"curies":[{"name":"wp","href":"https:\/\/api.w.org\/{rel}","templated":true}]}}