{"id":741528,"date":"2025-08-28T00:51:26","date_gmt":"2025-08-27T21:51:26","guid":{"rendered":"https:\/\/roveyayinevi.com.tr\/index.php\/urun\/batman-cilt-3-ben-bane\/"},"modified":"2026-04-16T02:52:43","modified_gmt":"2026-04-15T23:52:43","slug":"batman-cilt-3-ben-bane","status":"publish","type":"product","link":"https:\/\/roveyayinevi.com.tr\/index.php\/urun\/batman-cilt-3-ben-bane\/","title":{"rendered":"Batman Cilt 3 : Ben, Bane"},"content":{"rendered":"<p>O bir \u015faka de\u011fil. O bir bilmece de\u011fil. O bir ku\u015f, bir kedi ya da bir penguen, bir korkuluk, bir bitki ya da bir kukla de\u011fil. O bir \u00e7ocuk masal\u0131 ya da bir sirk g\u00f6sterisi, yitik bir arkada\u015f ya da pi\u015fmanl\u0131k dolu bir ak\u0131l hocas\u0131 de\u011fil. O \u015f\u00f6valye taklidi yapan zengin bir \u00e7ocuk de\u011fil.O, Bane. Batman evini i\u015fgal etti, zihnini yaralad\u0131 ve belini k\u0131rd\u0131. \u015eimdi Bane tek bir ama\u00e7 i\u00e7in Gotham\u2019a d\u00f6nd\u00fc: Batman\u2019i son kez par\u00e7alamak. Ama \u00f6nce Kara \u015e\u00f6valye\u2019nin sevdi\u011fi\u2026ya da nefret etti\u011fi herkesi yok edecek.Robin kost\u00fcm\u00fcn\u00fc giymi\u015f olan gen\u00e7 kahramanlar. Batman\u2019in m\u00fcttefik ordusunu olu\u015fturan polisler, su\u00e7la m\u00fccadele eden insanlar ve kanunsuz kahramanlar. Arkham T\u0131marhanesi\u2019nin koridorlar\u0131nda dola\u015fan deliler ve canavarlar bile. Bu durdurulamaz sava\u015f\u00e7\u0131ya kar\u015f\u0131 kendini savunmak i\u00e7in Batman\u2019in hepsinin deste\u011fine ve daha fazlas\u0131na ihtiyac\u0131 olacak.\u00c7\u00fcnk\u00fc Batman ve Bane\u2019in bildi\u011fi tek bir ger\u00e7ek var: son kar\u015f\u0131la\u015fmalar\u0131ndan yaln\u0131zca biri sa\u011flam kurtulacak\u2026(Tan\u0131t\u0131m B\u00fclteninden)<\/p>\n","protected":false},"excerpt":{"rendered":"<p>O bir \u015faka de\u011fil. O bir bilmece de\u011fil. O bir ku\u015f, bir kedi ya da bir penguen, bir korkuluk, bir bitki ya da bir kukla de\u011fil.<span class=\"excerpt-hellip\"> [\u2026]<\/span><\/p>\n","protected":false},"featured_media":0,"template":"","meta":{"_monsterinsights_skip_tracking":false,"_monsterinsights_sitenote_active":false,"_monsterinsights_sitenote_note":"","_monsterinsights_sitenote_category":0},"product_brand":[],"product_cat":[12416,12291],"product_tag":[],"class_list":{"0":"post-741528","1":"product","2":"type-product","3":"status-publish","5":"product_cat-cizgi-roman","6":"product_cat-edebiyat","7":"pa_cilt-ciltsiz","8":"pa_tur-kitap","9":"pa_yayinevi-jbc-yayincilik","10":"pa_yazar-tom-king","12":"first","13":"instock","14":"sale","15":"shipping-taxable","16":"purchasable","17":"product-type-simple"},"_links":{"self":[{"href":"https:\/\/roveyayinevi.com.tr\/index.php\/wp-json\/wp\/v2\/product\/741528","targetHints":{"allow":["GET"]}}],"collection":[{"href":"https:\/\/roveyayinevi.com.tr\/index.php\/wp-json\/wp\/v2\/product"}],"about":[{"href":"https:\/\/roveyayinevi.com.tr\/index.php\/wp-json\/wp\/v2\/types\/product"}],"wp:attachment":[{"href":"https:\/\/roveyayinevi.com.tr\/index.php\/wp-json\/wp\/v2\/media?parent=741528"}],"wp:term":[{"taxonomy":"product_brand","embeddable":true,"href":"https:\/\/roveyayinevi.com.tr\/index.php\/wp-json\/wp\/v2\/product_brand?post=741528"},{"taxonomy":"product_cat","embeddable":true,"href":"https:\/\/roveyayinevi.com.tr\/index.php\/wp-json\/wp\/v2\/product_cat?post=741528"},{"taxonomy":"product_tag","embeddable":true,"href":"https:\/\/roveyayinevi.com.tr\/index.php\/wp-json\/wp\/v2\/product_tag?post=741528"}],"curies":[{"name":"wp","href":"https:\/\/api.w.org\/{rel}","templated":true}]}}