{"id":741527,"date":"2025-08-28T00:51:25","date_gmt":"2025-08-27T21:51:25","guid":{"rendered":"https:\/\/roveyayinevi.com.tr\/index.php\/urun\/arthur-ve-altin-halat-destansoy-ailesinin-efsaneler-koleksiyonu\/"},"modified":"2026-04-16T02:52:43","modified_gmt":"2026-04-15T23:52:43","slug":"arthur-ve-altin-halat-destansoy-ailesinin-efsaneler-koleksiyonu","status":"publish","type":"product","link":"https:\/\/roveyayinevi.com.tr\/index.php\/urun\/arthur-ve-altin-halat-destansoy-ailesinin-efsaneler-koleksiyonu\/","title":{"rendered":"Arthur ve Alt\u0131n Halat: Destansoy Ailesi&#8217;nin Efsaneler Koleksiyonu"},"content":{"rendered":"<p>Kocaman bir mahzen hayal edin; i\u00e7inde antik krallar\u0131n mumyalar\u0131ndan b\u00fcy\u00fck sava\u015f\u00e7\u0131lar\u0131n savurdu\u011fu parlak k\u0131l\u0131\u00e7lara, d\u00fcnyan\u0131n en etkileyici hazineleri olsun! Peki ama tek bir insan b\u00f6yle bir koleksiyona nas\u0131l sahip olabilir? Kimdir bu Profes\u00f6r Destansoy?   Destansoy Ailesi\u2019nin s\u0131rlar\u0131n\u0131 ke\u015ffedece\u011fimiz bu ilk macerada Vikinglerin topraklar\u0131na gidiyoruz. Bakal\u0131m beklenmedik kahraman\u0131m\u0131z Arthur, sihirli cisimler ve kudretli tanr\u0131larla dolu bu diyarda, deh\u015fet sa\u00e7an efsanevi yarat\u0131klar\u0131 alt edip kasabas\u0131n\u0131 donmaktan kurtarabilecek mi?   Destansoy Ailesi&#8217;nin Efsaneler Koleksiyonu hakk\u0131nda: Destansoy Ailesi olarak binlerce y\u0131ld\u0131r efsanevi yarat\u0131klar\u0131n ve cisimlerin toplanmas\u0131 ve korunmas\u0131 g\u00f6revini \u00fcstlenmi\u015f durumday\u0131z. Ve bendeniz Profes\u00f6r Destansoy, bu g\u00f6rev s\u0131ras\u0131nda ya\u015fad\u0131\u011f\u0131m\u0131z m\u00fcthi\u015f olaylar\u0131 bir araya getirmeye karar verdim. Bu sayfalarda ve gelecek di\u011fer kitaplar\u0131mda ailemizin destans\u0131 maceralar\u0131n\u0131n \u00f6yk\u00fclerini bulacaks\u0131n.   &#8220;Maceray\u0131, mitolojik karakterleri ve kolay okunan kitaplar\u0131 seven \u00e7ocuklar i\u00e7in tam bir ziyafet.&#8221; \u2014BookTrust   Kirkus Y\u0131l\u0131n En \u0130yi Resimli Kitab\u0131 se\u00e7kisinde <\/p>\n","protected":false},"excerpt":{"rendered":"<p>Kocaman bir mahzen hayal edin; i\u00e7inde antik krallar\u0131n mumyalar\u0131ndan b\u00fcy\u00fck sava\u015f\u00e7\u0131lar\u0131n savurdu\u011fu parlak k\u0131l\u0131\u00e7lara, d\u00fcnyan\u0131n en etkileyici hazineleri olsun! Peki ama tek bir insan b\u00f6yle bir<span class=\"excerpt-hellip\"> [\u2026]<\/span><\/p>\n","protected":false},"featured_media":0,"template":"","meta":{"_monsterinsights_skip_tracking":false,"_monsterinsights_sitenote_active":false,"_monsterinsights_sitenote_note":"","_monsterinsights_sitenote_category":0},"product_brand":[],"product_cat":[12274,12284],"product_tag":[],"class_list":{"0":"post-741527","1":"product","2":"type-product","3":"status-publish","5":"product_cat-cocuk-ve-genclik-kitaplari","6":"product_cat-hikayeler","7":"pa_cilt-ciltsiz","8":"pa_tur-kitap","9":"pa_yayinevi-domingo-yayinevi","10":"pa_yazar-joe-todd-stanton","12":"first","13":"instock","14":"sale","15":"shipping-taxable","16":"purchasable","17":"product-type-simple"},"_links":{"self":[{"href":"https:\/\/roveyayinevi.com.tr\/index.php\/wp-json\/wp\/v2\/product\/741527","targetHints":{"allow":["GET"]}}],"collection":[{"href":"https:\/\/roveyayinevi.com.tr\/index.php\/wp-json\/wp\/v2\/product"}],"about":[{"href":"https:\/\/roveyayinevi.com.tr\/index.php\/wp-json\/wp\/v2\/types\/product"}],"wp:attachment":[{"href":"https:\/\/roveyayinevi.com.tr\/index.php\/wp-json\/wp\/v2\/media?parent=741527"}],"wp:term":[{"taxonomy":"product_brand","embeddable":true,"href":"https:\/\/roveyayinevi.com.tr\/index.php\/wp-json\/wp\/v2\/product_brand?post=741527"},{"taxonomy":"product_cat","embeddable":true,"href":"https:\/\/roveyayinevi.com.tr\/index.php\/wp-json\/wp\/v2\/product_cat?post=741527"},{"taxonomy":"product_tag","embeddable":true,"href":"https:\/\/roveyayinevi.com.tr\/index.php\/wp-json\/wp\/v2\/product_tag?post=741527"}],"curies":[{"name":"wp","href":"https:\/\/api.w.org\/{rel}","templated":true}]}}