{"id":741525,"date":"2025-08-28T00:51:22","date_gmt":"2025-08-27T21:51:22","guid":{"rendered":"https:\/\/roveyayinevi.com.tr\/index.php\/urun\/batman-cilt-2-ben-intihar\/"},"modified":"2026-04-16T02:52:43","modified_gmt":"2026-04-15T23:52:43","slug":"batman-cilt-2-ben-intihar","status":"publish","type":"product","link":"https:\/\/roveyayinevi.com.tr\/index.php\/urun\/batman-cilt-2-ben-intihar\/","title":{"rendered":"Batman Cilt 2 : Ben, \u0130ntihar"},"content":{"rendered":"<p>O, Yarasa\u2019y\u0131 par\u00e7alayan tek adam. Bir zamanlar kendisini tutsak alan hapishane adas\u0131n\u0131 art\u0131k demir bir yumrukla y\u00f6netiyor. Onun ad\u0131 Bane ve onda Batman\u2019in ihtiya\u00e7 duydu\u011fu bir \u015fey ya da bir insan var.Ve Batman ihtiyac\u0131 olan\u0131 almak i\u00e7in intihar niteli\u011findeki bir g\u00f6revi uygulama riskini alacak.Ancak bu su\u00e7 dehas\u0131n\u0131n kalesine s\u0131zmak i\u00e7in Kara \u015e\u00f6valye\u2019nin kendi su\u00e7lu ordusunu kurmas\u0131 gerekiyor. Arkham T\u0131marhanesinin derinliklerinden, ya\u015fayan en \u00e7\u0131lg\u0131n, en \u00f6l\u00fcmc\u00fcl ve en tehlikeli su\u00e7lulardan olu\u015fan se\u00e7kin bir ekip kuracak &#8211;pen\u00e7elerindeki kana ra\u011fmen, d\u00fcnyada onu en iyi tan\u0131yan tek kad\u0131n olan Catwoman da bu ekipte.Fakat Batman\u2019in bu derme \u00e7atma Suicide Squad\u2019\u0131, en az as\u0131l Squad kadar dengesiz. \u015eehvet, ba\u011f\u0131ml\u0131l\u0131k, delilik ve ihanet ekibe zarar verdik\u00e7e baz\u0131lar\u0131 Bane\u2019in kalesinden canl\u0131 \u00e7\u0131kamayacak&#8230;New York Times en \u00e7ok satanlar listesine girmeyi ba\u015faran yazar Tom King (The Omega Men), \u00e7izerler Mikel Janin (Grayson) ve Mitch Gerads (Sheriff Of Babylon) ile birlikte \u00e7\u0131\u011f\u0131r a\u00e7an Kara \u015e\u00f6valye destan\u0131na devam ediyor. Batman 9 &#8211; 15\u2019i i\u00e7ermektedir. (Tan\u0131t\u0131m B\u00fclteninden)<\/p>\n","protected":false},"excerpt":{"rendered":"<p>O, Yarasa\u2019y\u0131 par\u00e7alayan tek adam. Bir zamanlar kendisini tutsak alan hapishane adas\u0131n\u0131 art\u0131k demir bir yumrukla y\u00f6netiyor. Onun ad\u0131 Bane ve onda Batman\u2019in ihtiya\u00e7 duydu\u011fu bir<span class=\"excerpt-hellip\"> [\u2026]<\/span><\/p>\n","protected":false},"featured_media":0,"template":"","meta":{"_monsterinsights_skip_tracking":false,"_monsterinsights_sitenote_active":false,"_monsterinsights_sitenote_note":"","_monsterinsights_sitenote_category":0},"product_brand":[],"product_cat":[12416,12291],"product_tag":[],"class_list":{"0":"post-741525","1":"product","2":"type-product","3":"status-publish","5":"product_cat-cizgi-roman","6":"product_cat-edebiyat","7":"pa_cilt-ciltsiz","8":"pa_tur-kitap","9":"pa_yayinevi-jbc-yayincilik","10":"pa_yazar-tom-king","12":"first","13":"instock","14":"sale","15":"shipping-taxable","16":"purchasable","17":"product-type-simple"},"_links":{"self":[{"href":"https:\/\/roveyayinevi.com.tr\/index.php\/wp-json\/wp\/v2\/product\/741525","targetHints":{"allow":["GET"]}}],"collection":[{"href":"https:\/\/roveyayinevi.com.tr\/index.php\/wp-json\/wp\/v2\/product"}],"about":[{"href":"https:\/\/roveyayinevi.com.tr\/index.php\/wp-json\/wp\/v2\/types\/product"}],"wp:attachment":[{"href":"https:\/\/roveyayinevi.com.tr\/index.php\/wp-json\/wp\/v2\/media?parent=741525"}],"wp:term":[{"taxonomy":"product_brand","embeddable":true,"href":"https:\/\/roveyayinevi.com.tr\/index.php\/wp-json\/wp\/v2\/product_brand?post=741525"},{"taxonomy":"product_cat","embeddable":true,"href":"https:\/\/roveyayinevi.com.tr\/index.php\/wp-json\/wp\/v2\/product_cat?post=741525"},{"taxonomy":"product_tag","embeddable":true,"href":"https:\/\/roveyayinevi.com.tr\/index.php\/wp-json\/wp\/v2\/product_tag?post=741525"}],"curies":[{"name":"wp","href":"https:\/\/api.w.org\/{rel}","templated":true}]}}