{"id":741524,"date":"2025-08-28T00:51:21","date_gmt":"2025-08-27T21:51:21","guid":{"rendered":"https:\/\/roveyayinevi.com.tr\/index.php\/urun\/kizil-veba-5\/"},"modified":"2026-04-16T02:52:43","modified_gmt":"2026-04-15T23:52:43","slug":"kizil-veba-5","status":"publish","type":"product","link":"https:\/\/roveyayinevi.com.tr\/index.php\/urun\/kizil-veba-5\/","title":{"rendered":"K\u0131z\u0131l Veba"},"content":{"rendered":"<p>Jack London bu roman\u0131nda uygarl\u0131\u011f\u0131n kendisini nas\u0131l bir sona getirdi\u011fini (k\u0131z\u0131l veba) ak\u0131lc\u0131 bir \u015fekilde dile getirmi\u015ftir. \u0130nsanl\u0131\u011f\u0131n sona yakla\u015fmas\u0131na neden olan \u2018k\u0131z\u0131l veba\u2019 de\u011fil yine insan\u0131n daha \u00e7ok uygarla\u015fma \u00e7abas\u0131d\u0131r. K\u0131z\u0131l vebadan sonra d\u00fcnyada binin alt\u0131nda hayatta kalanlar uygarl\u0131\u011fa do\u011fru \u00e7o\u011falarak gidecek ve yeniden ala\u015fa\u011f\u0131 olacakt\u0131r. bu k\u0131s\u0131rd\u00f6ng\u00fc b\u00f6yle devam edecektir ve bu noktada Jack London \u015eunu sorar \u2018Bu nereye kadar devam edecektir, bunun anlam\u0131 nedir, ne diye vard\u0131r bu k\u0131s\u0131r d\u00f6ng\u00fc\u2019. Roman insanl\u0131\u011f\u0131n ilkel ve vah\u015fi ya\u015fam\u0131na geri d\u00f6n\u00fc\u015f olarak g\u00f6r\u00fclebilir-sadece g\u00fc\u00e7l\u00fcn\u00fcn ayakta kalabilece\u011fi bir d\u00fcnya.<\/p>\n","protected":false},"excerpt":{"rendered":"<p>Jack London bu roman\u0131nda uygarl\u0131\u011f\u0131n kendisini nas\u0131l bir sona getirdi\u011fini (k\u0131z\u0131l veba) ak\u0131lc\u0131 bir \u015fekilde dile getirmi\u015ftir. \u0130nsanl\u0131\u011f\u0131n sona yakla\u015fmas\u0131na neden olan \u2018k\u0131z\u0131l veba\u2019 de\u011fil yine<span class=\"excerpt-hellip\"> [\u2026]<\/span><\/p>\n","protected":false},"featured_media":0,"template":"","meta":{"_monsterinsights_skip_tracking":false,"_monsterinsights_sitenote_active":false,"_monsterinsights_sitenote_note":"","_monsterinsights_sitenote_category":0},"product_brand":[],"product_cat":[12291,12711],"product_tag":[],"class_list":{"0":"post-741524","1":"product","2":"type-product","3":"status-publish","5":"product_cat-edebiyat","6":"product_cat-roman-oyku","7":"pa_cilt-ciltsiz","8":"pa_tur-kitap","9":"pa_yayinevi-northern-lights","10":"pa_yazar-jack-london","12":"first","13":"instock","14":"sale","15":"shipping-taxable","16":"purchasable","17":"product-type-simple"},"_links":{"self":[{"href":"https:\/\/roveyayinevi.com.tr\/index.php\/wp-json\/wp\/v2\/product\/741524","targetHints":{"allow":["GET"]}}],"collection":[{"href":"https:\/\/roveyayinevi.com.tr\/index.php\/wp-json\/wp\/v2\/product"}],"about":[{"href":"https:\/\/roveyayinevi.com.tr\/index.php\/wp-json\/wp\/v2\/types\/product"}],"wp:attachment":[{"href":"https:\/\/roveyayinevi.com.tr\/index.php\/wp-json\/wp\/v2\/media?parent=741524"}],"wp:term":[{"taxonomy":"product_brand","embeddable":true,"href":"https:\/\/roveyayinevi.com.tr\/index.php\/wp-json\/wp\/v2\/product_brand?post=741524"},{"taxonomy":"product_cat","embeddable":true,"href":"https:\/\/roveyayinevi.com.tr\/index.php\/wp-json\/wp\/v2\/product_cat?post=741524"},{"taxonomy":"product_tag","embeddable":true,"href":"https:\/\/roveyayinevi.com.tr\/index.php\/wp-json\/wp\/v2\/product_tag?post=741524"}],"curies":[{"name":"wp","href":"https:\/\/api.w.org\/{rel}","templated":true}]}}