{"id":741523,"date":"2025-08-28T00:51:20","date_gmt":"2025-08-27T21:51:20","guid":{"rendered":"https:\/\/roveyayinevi.com.tr\/index.php\/urun\/yuzbasinin-kizi-12\/"},"modified":"2026-04-16T02:52:43","modified_gmt":"2026-04-15T23:52:43","slug":"yuzbasinin-kizi-12","status":"publish","type":"product","link":"https:\/\/roveyayinevi.com.tr\/index.php\/urun\/yuzbasinin-kizi-12\/","title":{"rendered":"Y\u00fczba\u015f\u0131n\u0131n K\u0131z\u0131"},"content":{"rendered":"<p>\u201cPyotr Andreyich Grinyov em Andreyich Grinyov emekli bir askerin tek hayatta kalan \u00e7ocu\u011fudur. Pyotr 17 ya\u015f\u0131na geldi\u011finde babas\u0131 onu askerli\u011fini yapmas\u0131 i\u00e7in Orenburg\u2019a g\u00f6nderir. Oraya giderken yolda bir tipi \u00e7\u0131kar ve Pyotr yolunu kaybeder. Fakat gizemli bir adamla kar\u015f\u0131la\u015f\u0131r ve o Pyotr\u2019a yolunu g\u00f6sterir. Buna ufak bir kar\u015f\u0131l\u0131k olarak Pyotr k\u0131lavuzuna tav\u015fan k\u00fcrk\u00fc ceketini hediye eder. Orenburg\u2019e geldi\u011finde Pyotr komutan\u0131na \u00e7\u0131kar ve onun taraf\u0131ndan Y\u00fczba\u015f\u0131 Mironov emri alt\u0131nda Belogorsky kalesinde \u00f6dev verilir. Kale koyun etraf\u0131nda bulunan y\u00fcksek\u00e7e bir tahta perdeden olu\u015fan \u00e7it gibidir. Bu koy ve kale sanki Y\u00fczba\u015f\u0131\u2019n\u0131n kar\u0131s\u0131 Vasilisa\u2019nin idaresi alt\u0131ndad\u0131r. Pyotr burada bir d\u00fcelloda rakibini \u00f6ld\u00fcrd\u00fckten sonra s\u00fcrg\u00fcne g\u00f6nderilen subay \u015evarbin ile arkada\u015f olur. Pyotr komutan\u0131 Miranov taraf\u0131ndan bir ak\u015fam yeme\u011fi davetinde y\u00fczba\u015f\u0131n\u0131n k\u0131z\u0131 Masha ile tan\u0131\u015f\u0131r ve ona a\u015f\u0131k olur.\u201d<\/p>\n","protected":false},"excerpt":{"rendered":"<p>\u201cPyotr Andreyich Grinyov em Andreyich Grinyov emekli bir askerin tek hayatta kalan \u00e7ocu\u011fudur. Pyotr 17 ya\u015f\u0131na geldi\u011finde babas\u0131 onu askerli\u011fini yapmas\u0131 i\u00e7in Orenburg\u2019a g\u00f6nderir. Oraya giderken<span class=\"excerpt-hellip\"> [\u2026]<\/span><\/p>\n","protected":false},"featured_media":0,"template":"","meta":{"_monsterinsights_skip_tracking":false,"_monsterinsights_sitenote_active":false,"_monsterinsights_sitenote_note":"","_monsterinsights_sitenote_category":0},"product_brand":[],"product_cat":[12291,13570],"product_tag":[],"class_list":{"0":"post-741523","1":"product","2":"type-product","3":"status-publish","5":"product_cat-edebiyat","6":"product_cat-rus-edebiyati","7":"pa_cilt-ciltsiz","8":"pa_tur-kitap","9":"pa_yayinevi-northern-lights","10":"pa_yazar-aleksandr-sergeyevic-puskin","12":"first","13":"instock","14":"sale","15":"shipping-taxable","16":"purchasable","17":"product-type-simple"},"_links":{"self":[{"href":"https:\/\/roveyayinevi.com.tr\/index.php\/wp-json\/wp\/v2\/product\/741523","targetHints":{"allow":["GET"]}}],"collection":[{"href":"https:\/\/roveyayinevi.com.tr\/index.php\/wp-json\/wp\/v2\/product"}],"about":[{"href":"https:\/\/roveyayinevi.com.tr\/index.php\/wp-json\/wp\/v2\/types\/product"}],"wp:attachment":[{"href":"https:\/\/roveyayinevi.com.tr\/index.php\/wp-json\/wp\/v2\/media?parent=741523"}],"wp:term":[{"taxonomy":"product_brand","embeddable":true,"href":"https:\/\/roveyayinevi.com.tr\/index.php\/wp-json\/wp\/v2\/product_brand?post=741523"},{"taxonomy":"product_cat","embeddable":true,"href":"https:\/\/roveyayinevi.com.tr\/index.php\/wp-json\/wp\/v2\/product_cat?post=741523"},{"taxonomy":"product_tag","embeddable":true,"href":"https:\/\/roveyayinevi.com.tr\/index.php\/wp-json\/wp\/v2\/product_tag?post=741523"}],"curies":[{"name":"wp","href":"https:\/\/api.w.org\/{rel}","templated":true}]}}