{"id":741522,"date":"2025-08-28T00:51:18","date_gmt":"2025-08-27T21:51:18","guid":{"rendered":"https:\/\/roveyayinevi.com.tr\/index.php\/urun\/batman-flash-rozet-ozel-edisyon\/"},"modified":"2026-03-22T03:04:58","modified_gmt":"2026-03-22T00:04:58","slug":"batman-flash-rozet-ozel-edisyon","status":"publish","type":"product","link":"https:\/\/roveyayinevi.com.tr\/index.php\/urun\/batman-flash-rozet-ozel-edisyon\/","title":{"rendered":"Batman \/ Flash : Rozet \u00d6zel Edisyon"},"content":{"rendered":"<p>DC Rebirth\u2019te d\u00f6n\u00fcm noktas\u0131 niteli\u011finde yeni bir d\u00f6nem ba\u015fl\u0131yor!G\u00f6r\u00fcnmeyen bir g\u00fc\u00e7 d\u00fcnyam\u0131z\u0131 manip\u00fcle ediyordu. Ard\u0131nda b\u0131rakt\u0131\u011f\u0131 tek ipucu tuhaf, kan lekeli sar\u0131 bir rozet. Rozet nereden geldi? Onu buraya kim b\u0131rakt\u0131?Rozet yaln\u0131zca bizim d\u00fcnyam\u0131zdaki de\u011fil, t\u00fcm d\u00fcnyalardaki en \u00f6nemli nesne olabilir bu y\u00fczden Reverse Flash, ona sahip olabilmek i\u00e7in g\u00f6z\u00fcn\u00fc bile k\u0131rpmadan cinayet i\u015flemeye haz\u0131r!Batman \/ Flash Rozet: \u00d6zel Edisyon, Hem Batman Rebirth 3 hem de Flash Rebirth 3 ciltlerinin devam\u0131 olan 4. ciltlerden \u00f6nce okunmal\u0131d\u0131r. (Tan\u0131t\u0131m B\u00fclteninden)<\/p>\n","protected":false},"excerpt":{"rendered":"<p>DC Rebirth\u2019te d\u00f6n\u00fcm noktas\u0131 niteli\u011finde yeni bir d\u00f6nem ba\u015fl\u0131yor!G\u00f6r\u00fcnmeyen bir g\u00fc\u00e7 d\u00fcnyam\u0131z\u0131 manip\u00fcle ediyordu. Ard\u0131nda b\u0131rakt\u0131\u011f\u0131 tek ipucu tuhaf, kan lekeli sar\u0131 bir rozet. Rozet nereden<span class=\"excerpt-hellip\"> [\u2026]<\/span><\/p>\n","protected":false},"featured_media":0,"template":"","meta":{"_monsterinsights_skip_tracking":false,"_monsterinsights_sitenote_active":false,"_monsterinsights_sitenote_note":"","_monsterinsights_sitenote_category":0},"product_brand":[],"product_cat":[12416,12291],"product_tag":[],"class_list":{"0":"post-741522","1":"product","2":"type-product","3":"status-publish","5":"product_cat-cizgi-roman","6":"product_cat-edebiyat","7":"pa_cilt-ciltsiz","8":"pa_tur-kitap","9":"pa_yayinevi-jbc-yayincilik","10":"pa_yazar-joshua-williamson","12":"first","13":"instock","14":"sale","15":"shipping-taxable","16":"purchasable","17":"product-type-simple"},"_links":{"self":[{"href":"https:\/\/roveyayinevi.com.tr\/index.php\/wp-json\/wp\/v2\/product\/741522","targetHints":{"allow":["GET"]}}],"collection":[{"href":"https:\/\/roveyayinevi.com.tr\/index.php\/wp-json\/wp\/v2\/product"}],"about":[{"href":"https:\/\/roveyayinevi.com.tr\/index.php\/wp-json\/wp\/v2\/types\/product"}],"wp:attachment":[{"href":"https:\/\/roveyayinevi.com.tr\/index.php\/wp-json\/wp\/v2\/media?parent=741522"}],"wp:term":[{"taxonomy":"product_brand","embeddable":true,"href":"https:\/\/roveyayinevi.com.tr\/index.php\/wp-json\/wp\/v2\/product_brand?post=741522"},{"taxonomy":"product_cat","embeddable":true,"href":"https:\/\/roveyayinevi.com.tr\/index.php\/wp-json\/wp\/v2\/product_cat?post=741522"},{"taxonomy":"product_tag","embeddable":true,"href":"https:\/\/roveyayinevi.com.tr\/index.php\/wp-json\/wp\/v2\/product_tag?post=741522"}],"curies":[{"name":"wp","href":"https:\/\/api.w.org\/{rel}","templated":true}]}}