{"id":741520,"date":"2025-08-28T00:51:15","date_gmt":"2025-08-27T21:51:15","guid":{"rendered":"https:\/\/roveyayinevi.com.tr\/index.php\/urun\/batman-canavar-adamlarin-gecesi\/"},"modified":"2026-04-16T02:52:43","modified_gmt":"2026-04-15T23:52:43","slug":"batman-canavar-adamlarin-gecesi","status":"publish","type":"product","link":"https:\/\/roveyayinevi.com.tr\/index.php\/urun\/batman-canavar-adamlarin-gecesi\/","title":{"rendered":"Batman : Canavar Adamlar\u0131n Gecesi"},"content":{"rendered":"<p>Y\u00fczy\u0131l\u0131n f\u0131rt\u0131nas\u0131 gelip \u00e7att\u0131 ve do\u011frudan Gotham\u2019a ilerliyor. Bu koca \u015fehrin koruyucular\u0131 olan Nightwing, Batwoman ve bizzat Batman en k\u00f6t\u00fc durum i\u00e7in bile haz\u0131r olduklar\u0131n\u0131 d\u00fc\u015f\u00fcn\u00fcyorlar. Ama hi\u00e7 bu kadar yan\u0131lmam\u0131\u015flard\u0131. Tehlikeli bilim insan\u0131 Dr. Hugo Strange\u2019in entrikalar\u0131 sayesinde, f\u0131rt\u0131nayla birlikte \u015fehre canavarlar ya\u011f\u0131yor. Devasa yarat\u0131klar sokaklarda tepiniyor, \u015fehir sakinlerini deh\u015fete d\u00fc\u015f\u00fcr\u00fcyor ve Gotham\u2019\u0131n en b\u00fcy\u00fck kahramanlar\u0131n\u0131n bile s\u0131n\u0131rlar\u0131n\u0131 zorluyor. Kara \u015e\u00f6valye ve m\u00fcttefikleri y\u0131k\u0131m dalgas\u0131n\u0131 durdurabilecek mi? Yoksa Canavar Adamlar\u0131n Gecesi, Yarasa\u2019n\u0131n sonu mu olacak? Bu Cilt : Batman Rebirth, Nightwing Rebirth ve Batman Rebirth Dedektif Hikayeleri\u2019nin 1. Ciltlerinin devam\u0131d\u0131r. Bu serilerin 2. Ciltlerinden \u00f6nce okunmal\u0131d\u0131r.(Tan\u0131t\u0131m B\u00fclteninden)<\/p>\n","protected":false},"excerpt":{"rendered":"<p>Y\u00fczy\u0131l\u0131n f\u0131rt\u0131nas\u0131 gelip \u00e7att\u0131 ve do\u011frudan Gotham\u2019a ilerliyor. Bu koca \u015fehrin koruyucular\u0131 olan Nightwing, Batwoman ve bizzat Batman en k\u00f6t\u00fc durum i\u00e7in bile haz\u0131r olduklar\u0131n\u0131 d\u00fc\u015f\u00fcn\u00fcyorlar.<span class=\"excerpt-hellip\"> [\u2026]<\/span><\/p>\n","protected":false},"featured_media":0,"template":"","meta":{"_monsterinsights_skip_tracking":false,"_monsterinsights_sitenote_active":false,"_monsterinsights_sitenote_note":"","_monsterinsights_sitenote_category":0},"product_brand":[],"product_cat":[12416,12291],"product_tag":[],"class_list":{"0":"post-741520","1":"product","2":"type-product","3":"status-publish","5":"product_cat-cizgi-roman","6":"product_cat-edebiyat","7":"pa_cilt-ciltsiz","8":"pa_tur-kitap","9":"pa_yayinevi-jbc-yayincilik","10":"pa_yazar-steve-orlando","12":"first","13":"instock","14":"sale","15":"shipping-taxable","16":"purchasable","17":"product-type-simple"},"_links":{"self":[{"href":"https:\/\/roveyayinevi.com.tr\/index.php\/wp-json\/wp\/v2\/product\/741520","targetHints":{"allow":["GET"]}}],"collection":[{"href":"https:\/\/roveyayinevi.com.tr\/index.php\/wp-json\/wp\/v2\/product"}],"about":[{"href":"https:\/\/roveyayinevi.com.tr\/index.php\/wp-json\/wp\/v2\/types\/product"}],"wp:attachment":[{"href":"https:\/\/roveyayinevi.com.tr\/index.php\/wp-json\/wp\/v2\/media?parent=741520"}],"wp:term":[{"taxonomy":"product_brand","embeddable":true,"href":"https:\/\/roveyayinevi.com.tr\/index.php\/wp-json\/wp\/v2\/product_brand?post=741520"},{"taxonomy":"product_cat","embeddable":true,"href":"https:\/\/roveyayinevi.com.tr\/index.php\/wp-json\/wp\/v2\/product_cat?post=741520"},{"taxonomy":"product_tag","embeddable":true,"href":"https:\/\/roveyayinevi.com.tr\/index.php\/wp-json\/wp\/v2\/product_tag?post=741520"}],"curies":[{"name":"wp","href":"https:\/\/api.w.org\/{rel}","templated":true}]}}