{"id":741518,"date":"2025-08-28T00:51:13","date_gmt":"2025-08-27T21:51:13","guid":{"rendered":"https:\/\/roveyayinevi.com.tr\/index.php\/urun\/all-star-batman-cilt-1-can-dusmanim\/"},"modified":"2026-04-16T02:52:43","modified_gmt":"2026-04-15T23:52:43","slug":"all-star-batman-cilt-1-can-dusmanim","status":"publish","type":"product","link":"https:\/\/roveyayinevi.com.tr\/index.php\/urun\/all-star-batman-cilt-1-can-dusmanim\/","title":{"rendered":"All-Star Batman Cilt 1 : Can D\u00fc\u015fman\u0131m"},"content":{"rendered":"<p>O, Gotham\u2019\u0131n sessiz savunucusuydu. \u015eehrin Kara \u015e\u00f6valyesi, koruyucusu. Ama o art\u0131k Gotham\u2019da de\u011fildi.Two-Face\u2019in \u015feytani entrikalar\u0131 evi bildi\u011fi \u015fehrin sokaklar\u0131ndan kopar\u0131p y\u00fczlerce mil \u00f6teye, Orta Amerika\u2019n\u0131n m\u0131s\u0131r tarlalar\u0131na, toprak yollar\u0131na ve kay\u0131p otobanlar\u0131na savurmu\u015ftu. Ama yaln\u0131z de\u011fildi.Pelerinli S\u00fcvari k\u00f6t\u00fcler galerisinin derinliklerinden f\u0131rlam\u0131\u015f bir ordu katil f\u0131rsat kolluyor, Bat\u2019i yok edip ba\u015f\u0131na konan \u00f6d\u00fcl\u00fc almak istiyordu. Ayn\u0131 anda, \u015fehirde, kutsall\u0131ktan alabildi\u011fine uzak su\u00e7 patronlar\u0131ndan olu\u015fan bir \u00fc\u00e7l\u00fc \u2013Great White, Black Mask ve Penguin \u2013 Kara \u015e\u00f6valyenin yenilgisiyle bir vurgun pe\u015findeydiler. Jim Gordon ve GCPD bile Batman\u2019in izindeydi.Batcave ve Gotham\u2019daki ortaklar\u0131ndan uzakta, Batman\u2019in bu cehennem gibi yolculukta sadece iki m\u00fcttefiki vard\u0131: Duke Thomas, en son \u00f6\u011frencisi&#8230; ve Harvey Dent, Two-Face\u2019in \u00e7ift ki\u015fili\u011finin iyi kalpli olan\u0131.Batman Gotham\u2019a sa\u011f salim d\u00f6nebilecek miydi? Yoksa Two-Face, Kara \u015e\u00f6valyenin sonunu getirmek i\u00e7in elindeki t\u00fcm kozlar\u0131 oynayacak m\u0131yd\u0131?All-Star Batman Cilt 1: Kendi Ba\u015f D\u00fc\u015fman\u0131m \u00f6d\u00fcll\u00fc Batman yazar\u0131 Scottt Snyder\u2019\u0131 Kara \u015e\u00f6valye destan\u0131n\u0131n bir sonraki a\u015famas\u0131 i\u00e7in efsanevi \u00e7izer John Romita JR.\u2019la bir araya getiriyor! \u00c7ok satan serinin ilk be\u015f say\u0131s\u0131n\u0131 i\u00e7erir. (Tan\u0131t\u0131m B\u00fclteninden)<\/p>\n","protected":false},"excerpt":{"rendered":"<p>O, Gotham\u2019\u0131n sessiz savunucusuydu. \u015eehrin Kara \u015e\u00f6valyesi, koruyucusu. Ama o art\u0131k Gotham\u2019da de\u011fildi.Two-Face\u2019in \u015feytani entrikalar\u0131 evi bildi\u011fi \u015fehrin sokaklar\u0131ndan kopar\u0131p y\u00fczlerce mil \u00f6teye, Orta Amerika\u2019n\u0131n m\u0131s\u0131r<span class=\"excerpt-hellip\"> [\u2026]<\/span><\/p>\n","protected":false},"featured_media":0,"template":"","meta":{"_monsterinsights_skip_tracking":false,"_monsterinsights_sitenote_active":false,"_monsterinsights_sitenote_note":"","_monsterinsights_sitenote_category":0},"product_brand":[],"product_cat":[12416,12291],"product_tag":[],"class_list":{"0":"post-741518","1":"product","2":"type-product","3":"status-publish","5":"product_cat-cizgi-roman","6":"product_cat-edebiyat","7":"pa_cilt-ciltsiz","8":"pa_tur-kitap","9":"pa_yayinevi-jbc-yayincilik","10":"pa_yazar-scott-snyder","12":"first","13":"instock","14":"sale","15":"shipping-taxable","16":"purchasable","17":"product-type-simple"},"_links":{"self":[{"href":"https:\/\/roveyayinevi.com.tr\/index.php\/wp-json\/wp\/v2\/product\/741518","targetHints":{"allow":["GET"]}}],"collection":[{"href":"https:\/\/roveyayinevi.com.tr\/index.php\/wp-json\/wp\/v2\/product"}],"about":[{"href":"https:\/\/roveyayinevi.com.tr\/index.php\/wp-json\/wp\/v2\/types\/product"}],"wp:attachment":[{"href":"https:\/\/roveyayinevi.com.tr\/index.php\/wp-json\/wp\/v2\/media?parent=741518"}],"wp:term":[{"taxonomy":"product_brand","embeddable":true,"href":"https:\/\/roveyayinevi.com.tr\/index.php\/wp-json\/wp\/v2\/product_brand?post=741518"},{"taxonomy":"product_cat","embeddable":true,"href":"https:\/\/roveyayinevi.com.tr\/index.php\/wp-json\/wp\/v2\/product_cat?post=741518"},{"taxonomy":"product_tag","embeddable":true,"href":"https:\/\/roveyayinevi.com.tr\/index.php\/wp-json\/wp\/v2\/product_tag?post=741518"}],"curies":[{"name":"wp","href":"https:\/\/api.w.org\/{rel}","templated":true}]}}