{"id":741516,"date":"2025-08-28T00:51:10","date_gmt":"2025-08-27T21:51:10","guid":{"rendered":"https:\/\/roveyayinevi.com.tr\/index.php\/urun\/yuzbasinin-kizi-11\/"},"modified":"2026-04-16T02:52:43","modified_gmt":"2026-04-15T23:52:43","slug":"yuzbasinin-kizi-11","status":"publish","type":"product","link":"https:\/\/roveyayinevi.com.tr\/index.php\/urun\/yuzbasinin-kizi-11\/","title":{"rendered":"Y\u00fczba\u015f\u0131n\u0131n K\u0131z\u0131"},"content":{"rendered":"<p>\u201cY\u00fczba\u015f\u0131n\u0131n K\u0131z\u0131, (Rus\u00e7a \u041a\u0430\u043f\u0438\u0442\u0430\u043d\u0441\u043a\u0430\u044f \u0434\u043e\u0447\u043a\u0430 [Kapitanskaya dochka]) Pu\u015fkin\u2019in 1833- 1836 y\u0131llar\u0131 aras\u0131nda yazd\u0131\u011f\u0131 ve Yemelyan Puga\u00e7ov Ayaklanmas\u0131 s\u0131ras\u0131nda Rus bir subayla g\u00f6rev yapt\u0131\u011f\u0131 kale komutan\u0131 y\u00fczba\u015f\u0131n\u0131n k\u0131z\u0131 aralas\u0131ndaki duygusal ili\u015fkileri konu alan roman\u0131d\u0131r. Y\u00fczba\u015f\u0131n\u0131n K\u0131z\u0131, Pu\u015fkin\u2019in roman alan\u0131ndaki en \u00f6nemli eserlerinden biridir.\u201d<\/p>\n","protected":false},"excerpt":{"rendered":"<p>\u201cY\u00fczba\u015f\u0131n\u0131n K\u0131z\u0131, (Rus\u00e7a \u041a\u0430\u043f\u0438\u0442\u0430\u043d\u0441\u043a\u0430\u044f \u0434\u043e\u0447\u043a\u0430 [Kapitanskaya dochka]) Pu\u015fkin\u2019in 1833- 1836 y\u0131llar\u0131 aras\u0131nda yazd\u0131\u011f\u0131 ve Yemelyan Puga\u00e7ov Ayaklanmas\u0131 s\u0131ras\u0131nda Rus bir subayla g\u00f6rev yapt\u0131\u011f\u0131 kale komutan\u0131 y\u00fczba\u015f\u0131n\u0131n<span class=\"excerpt-hellip\"> [\u2026]<\/span><\/p>\n","protected":false},"featured_media":0,"template":"","meta":{"_monsterinsights_skip_tracking":false,"_monsterinsights_sitenote_active":false,"_monsterinsights_sitenote_note":"","_monsterinsights_sitenote_category":0},"product_brand":[],"product_cat":[12291,13570],"product_tag":[],"class_list":{"0":"post-741516","1":"product","2":"type-product","3":"status-publish","5":"product_cat-edebiyat","6":"product_cat-rus-edebiyati","7":"pa_cilt-ciltsiz","8":"pa_tur-kitap","9":"pa_yayinevi-platanus-publishing","10":"pa_yazar-aleksandr-sergeyevic-puskin","12":"first","13":"instock","14":"sale","15":"shipping-taxable","16":"purchasable","17":"product-type-simple"},"_links":{"self":[{"href":"https:\/\/roveyayinevi.com.tr\/index.php\/wp-json\/wp\/v2\/product\/741516","targetHints":{"allow":["GET"]}}],"collection":[{"href":"https:\/\/roveyayinevi.com.tr\/index.php\/wp-json\/wp\/v2\/product"}],"about":[{"href":"https:\/\/roveyayinevi.com.tr\/index.php\/wp-json\/wp\/v2\/types\/product"}],"wp:attachment":[{"href":"https:\/\/roveyayinevi.com.tr\/index.php\/wp-json\/wp\/v2\/media?parent=741516"}],"wp:term":[{"taxonomy":"product_brand","embeddable":true,"href":"https:\/\/roveyayinevi.com.tr\/index.php\/wp-json\/wp\/v2\/product_brand?post=741516"},{"taxonomy":"product_cat","embeddable":true,"href":"https:\/\/roveyayinevi.com.tr\/index.php\/wp-json\/wp\/v2\/product_cat?post=741516"},{"taxonomy":"product_tag","embeddable":true,"href":"https:\/\/roveyayinevi.com.tr\/index.php\/wp-json\/wp\/v2\/product_tag?post=741516"}],"curies":[{"name":"wp","href":"https:\/\/api.w.org\/{rel}","templated":true}]}}