{"id":741515,"date":"2025-08-28T00:51:09","date_gmt":"2025-08-27T21:51:09","guid":{"rendered":"https:\/\/roveyayinevi.com.tr\/index.php\/urun\/menaqibul-arifin\/"},"modified":"2026-04-16T02:52:43","modified_gmt":"2026-04-15T23:52:43","slug":"menaqibul-arifin","status":"publish","type":"product","link":"https:\/\/roveyayinevi.com.tr\/index.php\/urun\/menaqibul-arifin\/","title":{"rendered":"Menaqibu\u2019l Arifin"},"content":{"rendered":"<p>CONTENTS CHAP. 1.                  Bah\u0101\u2019u-\u2019d-D\u012bn, Veled, Sult\u0101nu-\u2019l-\u2018Ulem\u0101 2.                  Seyyid Burh\u0101nu-\u2019d-D\u012bn, Sirr-D\u0101n 3.                  Mevl\u0101n\u0101 Jel\u0101lu-\u2019d-D\u012bn, Muhammed 4.                  Shemsu-\u2019d-D\u012bn, Tebr\u012bz\u012b 5.                  Sheykh Sal\u0101hu-\u2019d-D\u012bn, Fer\u012bd\u016bn 6.                  Cheleb\u012b Hus\u0101mu-\u2019d-D\u012bn, Hasan 7.                  Bah\u0101\u2019u-\u2019d-Din, Sult\u0101n Veled 8.                  Cheleb\u012b Em\u012br \u2018\u0100rif 9.                  Genealogical <\/p>\n","protected":false},"excerpt":{"rendered":"<p>CONTENTS CHAP. 1. Bah\u0101\u2019u-\u2019d-D\u012bn, Veled, Sult\u0101nu-\u2019l-\u2018Ulem\u0101 2. Seyyid Burh\u0101nu-\u2019d-D\u012bn, Sirr-D\u0101n 3. Mevl\u0101n\u0101 Jel\u0101lu-\u2019d-D\u012bn, Muhammed 4. Shemsu-\u2019d-D\u012bn, Tebr\u012bz\u012b 5. Sheykh Sal\u0101hu-\u2019d-D\u012bn, Fer\u012bd\u016bn 6. Cheleb\u012b Hus\u0101mu-\u2019d-D\u012bn, Hasan 7.<span class=\"excerpt-hellip\"> [\u2026]<\/span><\/p>\n","protected":false},"featured_media":0,"template":"","meta":{"_monsterinsights_skip_tracking":false,"_monsterinsights_sitenote_active":false,"_monsterinsights_sitenote_note":"","_monsterinsights_sitenote_category":0},"product_brand":[],"product_cat":[12472],"product_tag":[],"class_list":{"0":"post-741515","1":"product","2":"type-product","3":"status-publish","5":"product_cat-yabanci-dilde-kitaplar","6":"pa_cilt-ciltsiz","7":"pa_tur-kitap","8":"pa_yayinevi-platanus-publishing","9":"pa_yazar-shams-al-din-ahmad-aflaki","11":"first","12":"instock","13":"sale","14":"shipping-taxable","15":"purchasable","16":"product-type-simple"},"_links":{"self":[{"href":"https:\/\/roveyayinevi.com.tr\/index.php\/wp-json\/wp\/v2\/product\/741515","targetHints":{"allow":["GET"]}}],"collection":[{"href":"https:\/\/roveyayinevi.com.tr\/index.php\/wp-json\/wp\/v2\/product"}],"about":[{"href":"https:\/\/roveyayinevi.com.tr\/index.php\/wp-json\/wp\/v2\/types\/product"}],"wp:attachment":[{"href":"https:\/\/roveyayinevi.com.tr\/index.php\/wp-json\/wp\/v2\/media?parent=741515"}],"wp:term":[{"taxonomy":"product_brand","embeddable":true,"href":"https:\/\/roveyayinevi.com.tr\/index.php\/wp-json\/wp\/v2\/product_brand?post=741515"},{"taxonomy":"product_cat","embeddable":true,"href":"https:\/\/roveyayinevi.com.tr\/index.php\/wp-json\/wp\/v2\/product_cat?post=741515"},{"taxonomy":"product_tag","embeddable":true,"href":"https:\/\/roveyayinevi.com.tr\/index.php\/wp-json\/wp\/v2\/product_tag?post=741515"}],"curies":[{"name":"wp","href":"https:\/\/api.w.org\/{rel}","templated":true}]}}