{"id":741511,"date":"2025-08-28T00:51:05","date_gmt":"2025-08-27T21:51:05","guid":{"rendered":"https:\/\/roveyayinevi.com.tr\/index.php\/urun\/antik-yunan-mitolojisi-tanrilarin-ask-hayati-ciltli\/"},"modified":"2026-04-16T02:52:43","modified_gmt":"2026-04-15T23:52:43","slug":"antik-yunan-mitolojisi-tanrilarin-ask-hayati-ciltli","status":"publish","type":"product","link":"https:\/\/roveyayinevi.com.tr\/index.php\/urun\/antik-yunan-mitolojisi-tanrilarin-ask-hayati-ciltli\/","title":{"rendered":"Antik Yunan Mitolojisi Tanr\u0131lar\u0131n A\u015fk Hayat\u0131  (Ciltli)"},"content":{"rendered":"<p>Elinizdeki kitap \u00e7ok iddial\u0131! Serda B\u00fcy\u00fckkoyuncu\u2019nun sihirli kalemi mitoloji gibi karma\u015f\u0131k ve entrika dolu bir d\u00fcnyay\u0131 \u00e7ok keyifli bir \u015fekilde anlat\u0131yor. Sat\u0131rlar\u0131n aras\u0131nda kaybolurken hem \u00e7ok \u015fey \u00f6\u011frenecek hem de \u00e7ok e\u011fleneceksiniz.   Hik\u00e2ye anlatmak zor i\u015f&#8230; Hele ki i\u00e7inde mitoloji varsa daha zor. Bunu 1980\u2019lerden beri hik\u00e2ye anlatan bir profesyonel rehber ve tarih\u00e7i kimli\u011fi ile s\u00f6yl\u00fcyorum. Her a\u015famas\u0131na \u015fahitlik etti\u011fim ve hik\u00e2ye anlat\u0131c\u0131l\u0131\u011f\u0131n\u0131n en g\u00fczel \u00f6rneklerinden olan bu kitab\u0131n okurlar\u0131yla bulu\u015fmas\u0131ndan \u00e7ok mutluyum. Uzun zamand\u0131r Serda\u2019n\u0131n birikiminin ve kalemindeki b\u00fcy\u00fcn\u00fcn bir kitaba d\u00f6n\u00fc\u015fmesi gerekti\u011fine inan\u0131yordum. Defalarca \u201cHadi!\u201d demem gerekti ama de\u011fdi. Sayfalar\u0131 \u00e7evirdik\u00e7e ne demek istedi\u011fimi daha iyi anlayacaks\u0131n\u0131z. Serda tan\u0131d\u0131\u011f\u0131m en k\u00fclt\u00fcrl\u00fc, bilgili, esprili ve ho\u015f sohbet insanlardan biri. Bilgiyi hem kullan\u0131r hem de payla\u015f\u0131r ama kendini parlatmay\u0131 \u00e7ok sevmez. Y\u0131llard\u0131r Instagram hesab\u0131ndan takip\u00e7ilerine e\u011flenceli ve e\u011fitici bilgiler veriyor. Ve art\u0131k kitaplar\u0131yla da okurlara ula\u015facak. \u201cTanr\u0131lar\u0131n A\u015fk Hayat\u0131\u201d onun ilk kitab\u0131 ama devam\u0131 geliyor. Bu bir kitap serisi ve elinizde tuttu\u011funuz da serinin ilk eseri. Sadece Serda\u2019n\u0131n dostu de\u011fil kitab\u0131n edit\u00f6r\u00fc olarak diyebilirim ki bu sayfalardan \u00f6\u011frendiklerinize \u00e7ok g\u00fclecek, \u00e7ok \u015fa\u015f\u0131racak ve kitab\u0131 elinizden b\u0131rakamayacaks\u0131n\u0131z. \u00d6nce antik d\u00fcnyaya giri\u015f yapacak, sonra d\u00fcnya mitolojisine tad\u0131ml\u0131k bir bak\u0131\u015f atacaks\u0131n\u0131z. Ard\u0131ndan en kapsaml\u0131 ve en e\u011flenceli k\u0131sma ge\u00e7ip Yunan mitolojisinin engin sular\u0131na a\u00e7\u0131lacaksan\u0131z. D\u00fcnya tarihinde bug\u00fcn bile izleri g\u00f6r\u00fcnen olaylara sahne olan birbirinden renkli hik\u00e2yeler okuyacaks\u0131n\u0131z. Kendinize keyifli bir alan a\u00e7\u0131n, kitab\u0131 elinize al\u0131n ve bitmesini istemeyece\u011finiz bir yolculu\u011fa \u00e7\u0131k\u0131n. Antik \u00e7a\u011flardan g\u00fcn\u00fcm\u00fcze kadar evrene dair sorgulanan ne varsa, hepsine mitoloji g\u00f6z\u00fcnden bakmaya haz\u0131r olun. Tanr\u0131lar d\u00fcnyas\u0131na ho\u015f geldiniz! Saffet Emre Tongu\u00e7<\/p>\n","protected":false},"excerpt":{"rendered":"<p>Elinizdeki kitap \u00e7ok iddial\u0131! Serda B\u00fcy\u00fckkoyuncu\u2019nun sihirli kalemi mitoloji gibi karma\u015f\u0131k ve entrika dolu bir d\u00fcnyay\u0131 \u00e7ok keyifli bir \u015fekilde anlat\u0131yor. Sat\u0131rlar\u0131n aras\u0131nda kaybolurken hem \u00e7ok<span class=\"excerpt-hellip\"> [\u2026]<\/span><\/p>\n","protected":false},"featured_media":0,"template":"","meta":{"_monsterinsights_skip_tracking":false,"_monsterinsights_sitenote_active":false,"_monsterinsights_sitenote_note":"","_monsterinsights_sitenote_category":0},"product_brand":[],"product_cat":[12312,12304],"product_tag":[],"class_list":{"0":"post-741511","1":"product","2":"type-product","3":"status-publish","5":"product_cat-diger","6":"product_cat-tarih","7":"pa_cilt-ciltli","8":"pa_tur-kitap","9":"pa_yayinevi-alfa-yayinlari","10":"pa_yazar-serda-buyukkoyuncu","12":"first","13":"instock","14":"sale","15":"shipping-taxable","16":"purchasable","17":"product-type-simple"},"_links":{"self":[{"href":"https:\/\/roveyayinevi.com.tr\/index.php\/wp-json\/wp\/v2\/product\/741511","targetHints":{"allow":["GET"]}}],"collection":[{"href":"https:\/\/roveyayinevi.com.tr\/index.php\/wp-json\/wp\/v2\/product"}],"about":[{"href":"https:\/\/roveyayinevi.com.tr\/index.php\/wp-json\/wp\/v2\/types\/product"}],"wp:attachment":[{"href":"https:\/\/roveyayinevi.com.tr\/index.php\/wp-json\/wp\/v2\/media?parent=741511"}],"wp:term":[{"taxonomy":"product_brand","embeddable":true,"href":"https:\/\/roveyayinevi.com.tr\/index.php\/wp-json\/wp\/v2\/product_brand?post=741511"},{"taxonomy":"product_cat","embeddable":true,"href":"https:\/\/roveyayinevi.com.tr\/index.php\/wp-json\/wp\/v2\/product_cat?post=741511"},{"taxonomy":"product_tag","embeddable":true,"href":"https:\/\/roveyayinevi.com.tr\/index.php\/wp-json\/wp\/v2\/product_tag?post=741511"}],"curies":[{"name":"wp","href":"https:\/\/api.w.org\/{rel}","templated":true}]}}