{"id":741510,"date":"2025-08-28T00:51:04","date_gmt":"2025-08-27T21:51:04","guid":{"rendered":"https:\/\/roveyayinevi.com.tr\/index.php\/urun\/locke-key-cilt-1\/"},"modified":"2026-04-16T02:52:43","modified_gmt":"2026-04-15T23:52:43","slug":"locke-key-cilt-1","status":"publish","type":"product","link":"https:\/\/roveyayinevi.com.tr\/index.php\/urun\/locke-key-cilt-1\/","title":{"rendered":"Locke &amp; Key Cilt 1"},"content":{"rendered":"<p>Lock &amp; Key Cilt 1: Lovercraft\u2019a Ho\u015fgeldiniz.B\u00fcy\u00fck be\u011feni toplayan ve New York Times en \u00e7ok satanlar listesine giren kitaplar\u0131n yazar\u0131 Joe Hill (Kadife Kutudaki Hayalet), merak uyand\u0131ran, fantastik korku t\u00fcr\u00fcnde yepyeni bir hik\u00e2ye yarat\u0131yor: Locke &amp; Key.Hill\u2019in yazd\u0131\u011f\u0131 ve Gabriel Rodriguez\u2019in \u00e7izimlerinin e\u015flik etti\u011fi Locke &amp; Key, Anahtarev ad\u0131yla bilinen ve i\u00e7inde, ge\u00e7meye cesaret edenleri d\u00f6n\u00fc\u015f\u00fcme u\u011fratan sihirli kap\u0131lar\u0131 olan&#8230; Ve bu kap\u0131lardan en korkutucu olan\u0131 a\u00e7\u0131lmadan rahat etmeyecek, nefret dolu, ac\u0131mas\u0131z bir yarat\u0131\u011f\u0131n ya\u015fad\u0131\u011f\u0131, s\u0131ra d\u0131\u015f\u0131 bir New England malik\u00e2nesinin hik\u00e2yesini anlat\u0131yor&#8230; (Tan\u0131t\u0131m B\u00fclteninden)<\/p>\n","protected":false},"excerpt":{"rendered":"<p>Lock &amp; Key Cilt 1: Lovercraft\u2019a Ho\u015fgeldiniz.B\u00fcy\u00fck be\u011feni toplayan ve New York Times en \u00e7ok satanlar listesine giren kitaplar\u0131n yazar\u0131 Joe Hill (Kadife Kutudaki Hayalet), merak<span class=\"excerpt-hellip\"> [\u2026]<\/span><\/p>\n","protected":false},"featured_media":0,"template":"","meta":{"_monsterinsights_skip_tracking":false,"_monsterinsights_sitenote_active":false,"_monsterinsights_sitenote_note":"","_monsterinsights_sitenote_category":0},"product_brand":[],"product_cat":[12416,12291],"product_tag":[],"class_list":{"0":"post-741510","1":"product","2":"type-product","3":"status-publish","5":"product_cat-cizgi-roman","6":"product_cat-edebiyat","7":"pa_cilt-ciltsiz","8":"pa_tur-kitap","9":"pa_yayinevi-jbc-yayincilik","10":"pa_yazar-joe-hill","12":"first","13":"instock","14":"sale","15":"shipping-taxable","16":"purchasable","17":"product-type-simple"},"_links":{"self":[{"href":"https:\/\/roveyayinevi.com.tr\/index.php\/wp-json\/wp\/v2\/product\/741510","targetHints":{"allow":["GET"]}}],"collection":[{"href":"https:\/\/roveyayinevi.com.tr\/index.php\/wp-json\/wp\/v2\/product"}],"about":[{"href":"https:\/\/roveyayinevi.com.tr\/index.php\/wp-json\/wp\/v2\/types\/product"}],"wp:attachment":[{"href":"https:\/\/roveyayinevi.com.tr\/index.php\/wp-json\/wp\/v2\/media?parent=741510"}],"wp:term":[{"taxonomy":"product_brand","embeddable":true,"href":"https:\/\/roveyayinevi.com.tr\/index.php\/wp-json\/wp\/v2\/product_brand?post=741510"},{"taxonomy":"product_cat","embeddable":true,"href":"https:\/\/roveyayinevi.com.tr\/index.php\/wp-json\/wp\/v2\/product_cat?post=741510"},{"taxonomy":"product_tag","embeddable":true,"href":"https:\/\/roveyayinevi.com.tr\/index.php\/wp-json\/wp\/v2\/product_tag?post=741510"}],"curies":[{"name":"wp","href":"https:\/\/api.w.org\/{rel}","templated":true}]}}