{"id":741509,"date":"2025-08-28T00:51:03","date_gmt":"2025-08-27T21:51:03","guid":{"rendered":"https:\/\/roveyayinevi.com.tr\/index.php\/urun\/harley-quinn-cilt-4-savas-cagrisi\/"},"modified":"2026-04-16T02:52:42","modified_gmt":"2026-04-15T23:52:42","slug":"harley-quinn-cilt-4-savas-cagrisi","status":"publish","type":"product","link":"https:\/\/roveyayinevi.com.tr\/index.php\/urun\/harley-quinn-cilt-4-savas-cagrisi\/","title":{"rendered":"Harley Quinn Cilt 4 : Sava\u015f \u00c7a\u011fr\u0131s\u0131"},"content":{"rendered":"<p>\u00c7a\u011fr\u0131ya Kulak Verin-Harleyler \u00c7etesi\u2019ne Kat\u0131l\u0131n!Harley Quinn d\u00fcnyay\u0131 daha iyi bir yer h\u00e2line getimenin ve ayn\u0131 zamanda da&#8230; bundan para kazanman\u0131n pe\u015finde! Quinn ve Harleyler \u00c7etesi, \u00fccret kar\u015f\u0131l\u0131\u011f\u0131 iyilik yapma g\u00f6revini \u00fcstleniyorlar ama bu, yar\u0131m ak\u0131ll\u0131 k\u0131\u00e7 tekmeleyiciler i\u00e7in bile ba\u015fa \u00e7\u0131kabileceklerinden fazlas\u0131na kalk\u0131\u015ft\u0131klar\u0131 anlam\u0131na geliyor. (Tan\u0131t\u0131m B\u00fclteninden)<\/p>\n","protected":false},"excerpt":{"rendered":"<p>\u00c7a\u011fr\u0131ya Kulak Verin-Harleyler \u00c7etesi\u2019ne Kat\u0131l\u0131n!Harley Quinn d\u00fcnyay\u0131 daha iyi bir yer h\u00e2line getimenin ve ayn\u0131 zamanda da&#8230; bundan para kazanman\u0131n pe\u015finde! Quinn ve Harleyler \u00c7etesi, \u00fccret<span class=\"excerpt-hellip\"> [\u2026]<\/span><\/p>\n","protected":false},"featured_media":0,"template":"","meta":{"_monsterinsights_skip_tracking":false,"_monsterinsights_sitenote_active":false,"_monsterinsights_sitenote_note":"","_monsterinsights_sitenote_category":0},"product_brand":[],"product_cat":[12416,12291],"product_tag":[],"class_list":{"0":"post-741509","1":"product","2":"type-product","3":"status-publish","5":"product_cat-cizgi-roman","6":"product_cat-edebiyat","7":"pa_cilt-ciltsiz","8":"pa_tur-kitap","9":"pa_yayinevi-jbc-yayincilik","10":"pa_yazar-amanda-conner","12":"first","13":"instock","14":"sale","15":"shipping-taxable","16":"purchasable","17":"product-type-simple"},"_links":{"self":[{"href":"https:\/\/roveyayinevi.com.tr\/index.php\/wp-json\/wp\/v2\/product\/741509","targetHints":{"allow":["GET"]}}],"collection":[{"href":"https:\/\/roveyayinevi.com.tr\/index.php\/wp-json\/wp\/v2\/product"}],"about":[{"href":"https:\/\/roveyayinevi.com.tr\/index.php\/wp-json\/wp\/v2\/types\/product"}],"wp:attachment":[{"href":"https:\/\/roveyayinevi.com.tr\/index.php\/wp-json\/wp\/v2\/media?parent=741509"}],"wp:term":[{"taxonomy":"product_brand","embeddable":true,"href":"https:\/\/roveyayinevi.com.tr\/index.php\/wp-json\/wp\/v2\/product_brand?post=741509"},{"taxonomy":"product_cat","embeddable":true,"href":"https:\/\/roveyayinevi.com.tr\/index.php\/wp-json\/wp\/v2\/product_cat?post=741509"},{"taxonomy":"product_tag","embeddable":true,"href":"https:\/\/roveyayinevi.com.tr\/index.php\/wp-json\/wp\/v2\/product_tag?post=741509"}],"curies":[{"name":"wp","href":"https:\/\/api.w.org\/{rel}","templated":true}]}}