{"id":741508,"date":"2025-08-28T00:51:02","date_gmt":"2025-08-27T21:51:02","guid":{"rendered":"https:\/\/roveyayinevi.com.tr\/index.php\/urun\/muhabbet-dualari-askin-doruklari\/"},"modified":"2026-04-16T02:52:42","modified_gmt":"2026-04-15T23:52:42","slug":"muhabbet-dualari-askin-doruklari","status":"publish","type":"product","link":"https:\/\/roveyayinevi.com.tr\/index.php\/urun\/muhabbet-dualari-askin-doruklari\/","title":{"rendered":"Muhabbet Dualar\u0131 A\u015fk\u0131n Doruklar\u0131"},"content":{"rendered":"<p>\u0130ki ruh, dua ile bir araya gelirse, ba\u011f en derin yerden kurulmu\u015f olur&#8230; Bir kalbi ger\u00e7ekten \u00e7ok seversen, onu sadece Allah\u2019tan iste. Bunun en samimi ve saf yolu, Dua\u2019dan ge\u00e7er\u2026 MUHABBET DUALARI: Bar\u0131\u015fma Geri getirme Aldat\u0131lmaya son verme A\u015fk\u0131 art\u0131rma yollar\u0131 Cazibeli olma Evde, aile i\u00e7i huzur \u0130li\u015fkiyi \u015fifaland\u0131rma K\u0131smet a\u00e7ma Evlilik, e\u015f bulma Yaln\u0131zl\u0131\u011fa son verme Evlili\u011fi kurtarma Bitmeye y\u00fcz tutmu\u015f ili\u015fkiyi canland\u0131rma Ve a\u015fka, ili\u015fkiye dair en etkili Dua, Rit\u00fcel, Uygulama ve T\u0131ls\u0131mlar\u2026   <\/p>\n","protected":false},"excerpt":{"rendered":"<p>\u0130ki ruh, dua ile bir araya gelirse, ba\u011f en derin yerden kurulmu\u015f olur&#8230; Bir kalbi ger\u00e7ekten \u00e7ok seversen, onu sadece Allah\u2019tan iste. Bunun en samimi ve<span class=\"excerpt-hellip\"> [\u2026]<\/span><\/p>\n","protected":false},"featured_media":0,"template":"","meta":{"_monsterinsights_skip_tracking":false,"_monsterinsights_sitenote_active":false,"_monsterinsights_sitenote_note":"","_monsterinsights_sitenote_category":0},"product_brand":[],"product_cat":[12364],"product_tag":[],"class_list":{"0":"post-741508","1":"product","2":"type-product","3":"status-publish","5":"product_cat-genel-konular","6":"pa_cilt-ciltsiz","7":"pa_tur-kitap","8":"pa_yayinevi-feniks-yayinlari","9":"pa_yazar-tugce-isinsu","11":"first","12":"instock","13":"sale","14":"shipping-taxable","15":"purchasable","16":"product-type-simple"},"_links":{"self":[{"href":"https:\/\/roveyayinevi.com.tr\/index.php\/wp-json\/wp\/v2\/product\/741508","targetHints":{"allow":["GET"]}}],"collection":[{"href":"https:\/\/roveyayinevi.com.tr\/index.php\/wp-json\/wp\/v2\/product"}],"about":[{"href":"https:\/\/roveyayinevi.com.tr\/index.php\/wp-json\/wp\/v2\/types\/product"}],"wp:attachment":[{"href":"https:\/\/roveyayinevi.com.tr\/index.php\/wp-json\/wp\/v2\/media?parent=741508"}],"wp:term":[{"taxonomy":"product_brand","embeddable":true,"href":"https:\/\/roveyayinevi.com.tr\/index.php\/wp-json\/wp\/v2\/product_brand?post=741508"},{"taxonomy":"product_cat","embeddable":true,"href":"https:\/\/roveyayinevi.com.tr\/index.php\/wp-json\/wp\/v2\/product_cat?post=741508"},{"taxonomy":"product_tag","embeddable":true,"href":"https:\/\/roveyayinevi.com.tr\/index.php\/wp-json\/wp\/v2\/product_tag?post=741508"}],"curies":[{"name":"wp","href":"https:\/\/api.w.org\/{rel}","templated":true}]}}