{"id":741507,"date":"2025-08-28T00:51:01","date_gmt":"2025-08-27T21:51:01","guid":{"rendered":"https:\/\/roveyayinevi.com.tr\/index.php\/urun\/esitsizlikler-ekonomisi\/"},"modified":"2026-03-09T02:58:24","modified_gmt":"2026-03-08T23:58:24","slug":"esitsizlikler-ekonomisi","status":"publish","type":"product","link":"https:\/\/roveyayinevi.com.tr\/index.php\/urun\/esitsizlikler-ekonomisi\/","title":{"rendered":"E\u015fitsizlikler Ekonomisi"},"content":{"rendered":"<p>Avrupa Ekonomi Birli\u011fi Yrj\u00f6 Jahnsson veFinancial Times &amp; McKinsey i\u015f d\u00fcnyas\u0131 kitab\u0131 \u00f6d\u00fcll\u00fc ekonomist,Yirmi Birinci Y\u00fczy\u0131lda Kapital kitab\u0131n\u0131n yazar\u0131Thomas Piketty&#8217;den ekonomik e\u015fitsizliklerin nedenlerine ili\u015fkin kapsaml\u0131 bir inceleme.   E\u015fitsizli\u011fin temelinde sermayenin belirli birka\u00e7 elde toplanmas\u0131 m\u0131 yat\u0131yor?Vergilendirme ve sermayenin yeniden da\u011f\u0131t\u0131m\u0131 e\u015fitsizli\u011fin \u00f6n\u00fcne ge\u00e7ebilir mi?\u0131 t\u00fcr eme\u011fin arz ve talep dengesi ile \u00fccretlerdeki e\u015fitsizlik ba\u011flant\u0131l\u0131 m\u0131?\u015fitsizlik, sermayenin aile d\u00fczeyinde nesilden nesile aktar\u0131lmas\u0131ndan m\u0131 kaynaklan\u0131yor?Devletin e\u011fitim alan\u0131nda yat\u0131r\u0131m yapmas\u0131 f\u0131rsat e\u015fitsizli\u011fini sona erdirebilir mi?\u00fcksek \u00fccretlerden al\u0131nan vergiler g\u00f6z ard\u0131 edilebilir seviyede mi? Bu vergilere uygulanacak art\u0131\u015flar \u00e7al\u0131\u015fma te\u015fvikinin azalmas\u0131na yol a\u00e7ar m\u0131?  Bu ve bunlar gibi sorulara, en yenilerinin de dahil oldu\u011fu ekonomi kuramlar\u0131yla yan\u0131t arayan Piketty, E\u015fitsizlikler Ekonomisi\u2019nde genelge\u00e7er pek \u00e7ok fikir ve anlay\u0131\u015f\u0131 yeniden de\u011ferlendirirken temel sorunlar \u00fczerine yap\u0131lan tart\u0131\u015fmalara katk\u0131da bulunuyor. Ekonomik e\u015fitsizli\u011fin zaman i\u00e7indeki de\u011fi\u015fimini anlamak i\u00e7in temel al\u0131nacak tarihsel bilgileri ve kuramsal altyap\u0131y\u0131 ekonomi ara\u015ft\u0131rmalar\u0131 alan\u0131na bir giri\u015f <\/p>\n","protected":false},"excerpt":{"rendered":"<p>Avrupa Ekonomi Birli\u011fi Yrj\u00f6 Jahnsson veFinancial Times &amp; McKinsey i\u015f d\u00fcnyas\u0131 kitab\u0131 \u00f6d\u00fcll\u00fc ekonomist,Yirmi Birinci Y\u00fczy\u0131lda Kapital kitab\u0131n\u0131n yazar\u0131Thomas Piketty&#8217;den ekonomik e\u015fitsizliklerin nedenlerine ili\u015fkin kapsaml\u0131 bir<span class=\"excerpt-hellip\"> [\u2026]<\/span><\/p>\n","protected":false},"featured_media":0,"template":"","meta":{"_monsterinsights_skip_tracking":false,"_monsterinsights_sitenote_active":false,"_monsterinsights_sitenote_note":"","_monsterinsights_sitenote_category":0},"product_brand":[],"product_cat":[20333,13043],"product_tag":[],"class_list":{"0":"post-741507","1":"product","2":"type-product","3":"status-publish","5":"product_cat-diger-ekonomi","6":"product_cat-ekonomi","7":"pa_cilt-ciltsiz","8":"pa_tur-kitap","9":"pa_yayinevi-epsilon-yayinlari","10":"pa_yazar-thomas-piketty","12":"first","13":"instock","14":"sale","15":"shipping-taxable","16":"purchasable","17":"product-type-simple"},"_links":{"self":[{"href":"https:\/\/roveyayinevi.com.tr\/index.php\/wp-json\/wp\/v2\/product\/741507","targetHints":{"allow":["GET"]}}],"collection":[{"href":"https:\/\/roveyayinevi.com.tr\/index.php\/wp-json\/wp\/v2\/product"}],"about":[{"href":"https:\/\/roveyayinevi.com.tr\/index.php\/wp-json\/wp\/v2\/types\/product"}],"wp:attachment":[{"href":"https:\/\/roveyayinevi.com.tr\/index.php\/wp-json\/wp\/v2\/media?parent=741507"}],"wp:term":[{"taxonomy":"product_brand","embeddable":true,"href":"https:\/\/roveyayinevi.com.tr\/index.php\/wp-json\/wp\/v2\/product_brand?post=741507"},{"taxonomy":"product_cat","embeddable":true,"href":"https:\/\/roveyayinevi.com.tr\/index.php\/wp-json\/wp\/v2\/product_cat?post=741507"},{"taxonomy":"product_tag","embeddable":true,"href":"https:\/\/roveyayinevi.com.tr\/index.php\/wp-json\/wp\/v2\/product_tag?post=741507"}],"curies":[{"name":"wp","href":"https:\/\/api.w.org\/{rel}","templated":true}]}}