{"id":741506,"date":"2025-08-28T00:51:00","date_gmt":"2025-08-27T21:51:00","guid":{"rendered":"https:\/\/roveyayinevi.com.tr\/index.php\/urun\/harleen-ucuncu-kitap\/"},"modified":"2026-04-16T02:52:42","modified_gmt":"2026-04-15T23:52:42","slug":"harleen-ucuncu-kitap","status":"publish","type":"product","link":"https:\/\/roveyayinevi.com.tr\/index.php\/urun\/harleen-ucuncu-kitap\/","title":{"rendered":"Harleen \u00dc\u00e7\u00fcnc\u00fc Kitap"},"content":{"rendered":"<p>&#8220;\u00c7ukurda Yaral\u0131 Bir Adam Vard\u0131&#8230;&#8221;&#8230;Ona Yard\u0131m Etmek \u0130\u00e7in Uzand\u0131m&#8230;&#8221;&#8230;Fark Etti\u011fimde \u00c7ok Ge\u00e7ti, Adam D\u00fc\u015fm\u00fcyordu&#8230;&#8221;&#8230;Beni De A\u015fa\u011f\u0131 \u00c7ekiyordu.&#8221;Gotham&#8217;\u0131n deli\u0307li\u0307\u011fi\u0307ne \u00e7are buldu\u011funa i\u0307nanan gen\u00e7 ve zeki\u0307 psi\u0307ki\u0307yatr Dr. Harleen Quinzel, \u015fehri\u0307 kendi\u0307nden korumak i\u0307\u00e7i\u0307n s\u0131k\u0131 \u00f6nlemler al\u0131yor. Be\u011feni\u0307 toplayan \u00f6yk\u00fcc\u00fc Stjepan Sejic (Aquaman: Underworld, Sunstone) taraf\u0131ndan haz\u0131rlanan ve Harley i\u0307le Joker&#8217;i\u0307n \u00e7arp\u0131k ve traji\u0307k a\u015fk\u0131n\u0131 ele alan bu b\u00fcy\u00fcleyi\u0307ci\u0307 yeni\u0307 hi\u0307k\u00e2yede, efsanevi\u0307 s\u00fcper k\u00f6t\u00fc Harley Quinn&#8217;i\u0307n do\u011fu\u015funa tan\u0131k olun. (Tan\u0131t\u0131m B\u00fclteninden) <\/p>\n","protected":false},"excerpt":{"rendered":"<p>&#8220;\u00c7ukurda Yaral\u0131 Bir Adam Vard\u0131&#8230;&#8221;&#8230;Ona Yard\u0131m Etmek \u0130\u00e7in Uzand\u0131m&#8230;&#8221;&#8230;Fark Etti\u011fimde \u00c7ok Ge\u00e7ti, Adam D\u00fc\u015fm\u00fcyordu&#8230;&#8221;&#8230;Beni De A\u015fa\u011f\u0131 \u00c7ekiyordu.&#8221;Gotham&#8217;\u0131n deli\u0307li\u0307\u011fi\u0307ne \u00e7are buldu\u011funa i\u0307nanan gen\u00e7 ve zeki\u0307 psi\u0307ki\u0307yatr Dr.<span class=\"excerpt-hellip\"> [\u2026]<\/span><\/p>\n","protected":false},"featured_media":0,"template":"","meta":{"_monsterinsights_skip_tracking":false,"_monsterinsights_sitenote_active":false,"_monsterinsights_sitenote_note":"","_monsterinsights_sitenote_category":0},"product_brand":[],"product_cat":[12416,12291],"product_tag":[],"class_list":{"0":"post-741506","1":"product","2":"type-product","3":"status-publish","5":"product_cat-cizgi-roman","6":"product_cat-edebiyat","7":"pa_cilt-ciltsiz","8":"pa_tur-kitap","9":"pa_yayinevi-jbc-yayincilik","10":"pa_yazar-stjepan-sejic","12":"first","13":"instock","14":"sale","15":"shipping-taxable","16":"purchasable","17":"product-type-simple"},"_links":{"self":[{"href":"https:\/\/roveyayinevi.com.tr\/index.php\/wp-json\/wp\/v2\/product\/741506","targetHints":{"allow":["GET"]}}],"collection":[{"href":"https:\/\/roveyayinevi.com.tr\/index.php\/wp-json\/wp\/v2\/product"}],"about":[{"href":"https:\/\/roveyayinevi.com.tr\/index.php\/wp-json\/wp\/v2\/types\/product"}],"wp:attachment":[{"href":"https:\/\/roveyayinevi.com.tr\/index.php\/wp-json\/wp\/v2\/media?parent=741506"}],"wp:term":[{"taxonomy":"product_brand","embeddable":true,"href":"https:\/\/roveyayinevi.com.tr\/index.php\/wp-json\/wp\/v2\/product_brand?post=741506"},{"taxonomy":"product_cat","embeddable":true,"href":"https:\/\/roveyayinevi.com.tr\/index.php\/wp-json\/wp\/v2\/product_cat?post=741506"},{"taxonomy":"product_tag","embeddable":true,"href":"https:\/\/roveyayinevi.com.tr\/index.php\/wp-json\/wp\/v2\/product_tag?post=741506"}],"curies":[{"name":"wp","href":"https:\/\/api.w.org\/{rel}","templated":true}]}}